{"id":12557,"date":"2023-11-15T17:44:22","date_gmt":"2023-11-15T17:44:22","guid":{"rendered":"https:\/\/ritosa.click.si\/?post_type=product&#038;p=12557"},"modified":"2026-03-05T15:38:15","modified_gmt":"2026-03-05T14:38:15","slug":"dalbello-cxr-4-0-jr-2026","status":"publish","type":"product","link":"https:\/\/ritosa.click.si\/hr\/ducan\/skijanje\/smucarska-oprema\/smucarski-cevlji\/otroski-smucarski-cevlji\/dalbello-cxr-4-0-jr-2026\/","title":{"rendered":"Dalbello CXR 4.0 JR 2026"},"content":{"rendered":"<div class=\"group w-full text-token-text-primary border-b border-black\/10 gizmo:border-0 dark:border-gray-900\/50 gizmo:dark:border-0 bg-gray-50 gizmo:bg-transparent dark:bg-[#444654] gizmo:dark:bg-transparent\">\n<div class=\"p-4 gizmo:py-2 justify-center text-base md:gap-6 md:py-6 m-auto\">\n<div class=\"flex flex-1 gap-4 text-base mx-auto md:gap-6 gizmo:gap-3 gizmo:md:px-5 gizmo:lg:px-1 gizmo:xl:px-5 md:max-w-2xl lg:max-w-[38rem] gizmo:md:max-w-3xl gizmo:lg:max-w-[40rem] gizmo:xl:max-w-[48rem] xl:max-w-3xl }\">\n<div class=\"relative flex w-[calc(100%-50px)] flex-col gizmo:w-full lg:w-[calc(100%-115px)] agent-turn\">\n<div class=\"flex-col gap-1 md:gap-3\">\n<div class=\"flex flex-grow flex-col max-w-full gap-3 gizmo:gap-0\">\n<div class=\"min-h-[20px] text-message peer flex flex-col items-start gap-3 whitespace-pre-wrap break-words peer-[.text-message]:mt-5 overflow-x-auto\">\n<div class=\"markdown prose w-full break-words dark:prose-invert light\">\n<p>Modeli serije CX so zasnovani za otroke, ki \u017eelijo izpopolnjevati svojo tehniko, vendar potrebujejo tople in udobne \u010devlje, ki zagotavljajo odli\u010dne zmogljivosti. Obuvanje in sezuvanje sta resni\u010dno enostavna, prileganje in gibljivost pa omogo\u010data, da se lahko popolnoma osredoto\u010dite na smu\u010danje. Model CX 4.0 ima sistem \u0161tirih sponk in izstopa po odli\u010dnem prenosu mo\u010di, kar bo prava poslastica \u0161e posebej za ambiciozne otroke z tekmovalno \u017eilico. Kot opcijo je mogo\u010de pozneje dodati podplate GripWalk, kar omogo\u010da bistveno izbolj\u0161ano udobje pri hoji.<\/p>\n<ul>\n<li>Flex: 40<\/li>\n<\/ul>\n<h4>Tabela velikosti<\/h4>\n<table>\n<thead>\n<tr>\n<th>Boot Sole Length (mm)<\/th>\n<th>MONDO POINT<\/th>\n<th>US SIZES &#8211; MEN<\/th>\n<th>US SIZES &#8211; WOMEN<\/th>\n<th>EU. ADULT<\/th>\n<th>UK ADULT<\/th>\n<\/tr>\n<\/thead>\n<tbody>\n<tr>\n<td><span class=\"desktop-text\">268<\/span><\/td>\n<td><span class=\"desktop-text\">22.5<\/span><\/td>\n<td><span class=\"desktop-text\">&#8211;<\/span><\/td>\n<td><span class=\"desktop-text\">5.5<\/span><\/td>\n<td><span class=\"desktop-text\">36<\/span><\/td>\n<td><span class=\"desktop-text\">3.5<\/span><\/td>\n<\/tr>\n<tr>\n<td><span class=\"desktop-text\">278<\/span><\/td>\n<td><span class=\"desktop-text\">23.5<\/span><\/td>\n<td><span class=\"desktop-text\">&#8211;<\/span><\/td>\n<td><span class=\"desktop-text\">6.5<\/span><\/td>\n<td><span class=\"desktop-text\">37.5<\/span><\/td>\n<td><span class=\"desktop-text\">4.5<\/span><\/td>\n<\/tr>\n<tr>\n<td><span class=\"desktop-text\">288<\/span><\/td>\n<td><span class=\"desktop-text\">24.5<\/span><\/td>\n<td><span class=\"desktop-text\">6.5<\/span><\/td>\n<td><span class=\"desktop-text\">7.5<\/span><\/td>\n<td><span class=\"desktop-text\">39<\/span><\/td>\n<td><span class=\"desktop-text\">5.5<\/span><\/td>\n<\/tr>\n<tr>\n<td><span class=\"desktop-text\">298<\/span><\/td>\n<td><span class=\"desktop-text\">25.5<\/span><\/td>\n<td><span class=\"desktop-text\">7.5<\/span><\/td>\n<td><span class=\"desktop-text\">8.5<\/span><\/td>\n<td><span class=\"desktop-text\">40<\/span><\/td>\n<td><span class=\"desktop-text\">6.5<\/span><\/td>\n<\/tr>\n<tr>\n<td><span class=\"desktop-text\">308<\/span><\/td>\n<td><span class=\"desktop-text\">26.5<\/span><\/td>\n<td><span class=\"desktop-text\">8.5<\/span><\/td>\n<td><span class=\"desktop-text\">9.5<\/span><\/td>\n<td><span class=\"desktop-text\">41.5<\/span><\/td>\n<td><span class=\"desktop-text\">7.5<\/span><\/td>\n<\/tr>\n<tr>\n<td><span class=\"desktop-text\">318<\/span><\/td>\n<td><span class=\"desktop-text\">27.5<\/span><\/td>\n<td><span class=\"desktop-text\">9.5<\/span><\/td>\n<td><span class=\"desktop-text\">10.5<\/span><\/td>\n<td><span class=\"desktop-text\">42.5<\/span><\/td>\n<td><span class=\"desktop-text\">8.5<\/span><\/td>\n<\/tr>\n<tr>\n<td><span class=\"desktop-text\">328<\/span><\/td>\n<td><span class=\"desktop-text\">28.5<\/span><\/td>\n<td><span class=\"desktop-text\">10.5<\/span><\/td>\n<td><span class=\"desktop-text\">&#8211;<\/span><\/td>\n<td><span class=\"desktop-text\">44<\/span><\/td>\n<td><span class=\"desktop-text\">9.5<\/span><\/td>\n<\/tr>\n<tr>\n<td><span class=\"desktop-text\">338<\/span><\/td>\n<td><span class=\"desktop-text\">29.5<\/span><\/td>\n<td><span class=\"desktop-text\">11.5<\/span><\/td>\n<td><span class=\"desktop-text\">&#8211;<\/span><\/td>\n<td><span class=\"desktop-text\">45.5<\/span><\/td>\n<td><span class=\"desktop-text\">10.5<\/span><\/td>\n<\/tr>\n<tr>\n<td><span class=\"desktop-text\">348<\/span><\/td>\n<td><span class=\"desktop-text\">30.5<\/span><\/td>\n<td><span class=\"desktop-text\">12.5<\/span><\/td>\n<td><span class=\"desktop-text\">&#8211;<\/span><\/td>\n<td><span class=\"desktop-text\">47.5<\/span><\/td>\n<td><span class=\"desktop-text\">11.5<\/span><\/td>\n<\/tr>\n<\/tbody>\n<\/table>\n<\/div>\n<\/div>\n<\/div>\n<\/div>\n<\/div>\n<\/div>\n<\/div>\n<\/div>\n","protected":false},"excerpt":{"rendered":"<p><span style=\"color: #8f28fe\"><span style=\"color: #000000\">Dje\u010dje skija\u0161ke cipele Dalbello CXR 4.0 JR<\/span><br \/>\n<\/span><\/p>","protected":false},"featured_media":12561,"template":"","meta":{"_acf_changed":false,"inline_featured_image":false},"product_brand":[1191],"product_cat":[568],"product_tag":[1198],"class_list":{"0":"post-12557","1":"product","2":"type-product","3":"status-publish","4":"has-post-thumbnail","6":"product_brand-dalbello","7":"product_cat-otroski-smucarski-cevlji","8":"product_tag-otroci","9":"pa_velikost-22-225","10":"pa_velikost-24-24-5","11":"pa_velikost-26-26-5","13":"first","14":"instock","15":"sale","16":"taxable","17":"shipping-taxable","18":"purchasable","19":"product-type-variable"},"acf":[],"_links":{"self":[{"href":"https:\/\/ritosa.click.si\/hr\/wp-json\/wp\/v2\/product\/12557","targetHints":{"allow":["GET"]}}],"collection":[{"href":"https:\/\/ritosa.click.si\/hr\/wp-json\/wp\/v2\/product"}],"about":[{"href":"https:\/\/ritosa.click.si\/hr\/wp-json\/wp\/v2\/types\/product"}],"wp:featuredmedia":[{"embeddable":true,"href":"https:\/\/ritosa.click.si\/hr\/wp-json\/wp\/v2\/media\/12561"}],"wp:attachment":[{"href":"https:\/\/ritosa.click.si\/hr\/wp-json\/wp\/v2\/media?parent=12557"}],"wp:term":[{"taxonomy":"product_brand","embeddable":true,"href":"https:\/\/ritosa.click.si\/hr\/wp-json\/wp\/v2\/product_brand?post=12557"},{"taxonomy":"product_cat","embeddable":true,"href":"https:\/\/ritosa.click.si\/hr\/wp-json\/wp\/v2\/product_cat?post=12557"},{"taxonomy":"product_tag","embeddable":true,"href":"https:\/\/ritosa.click.si\/hr\/wp-json\/wp\/v2\/product_tag?post=12557"}],"curies":[{"name":"radni list","href":"https:\/\/api.w.org\/{rel}","templated":true}]}}