{"id":12509,"date":"2023-11-15T13:05:28","date_gmt":"2023-11-15T13:05:28","guid":{"rendered":"https:\/\/ritosa.click.si\/?post_type=product&#038;p=12509"},"modified":"2026-03-06T09:00:40","modified_gmt":"2026-03-06T08:00:40","slug":"wolf-deacon-d-o-o-ft-2024","status":"publish","type":"product","link":"https:\/\/ritosa.click.si\/hr\/ducan\/skijanje\/skije\/muske-skije\/wolf-deacon-d-o-o-ft-2024\/","title":{"rendered":"V\u00f6lkl Deacon LTD FDT"},"content":{"rendered":"<p><span class=\"HwtZe\" lang=\"sl\" xml:lang=\"sl\"><span class=\"jCAhz ChMk0b\"><span class=\"ryNqvb\">Deacon LTD su skije za kratke i srednje zavoje, odli\u010dan izbor za rekreativne skija\u0161e srednjeg nivoa koji \u017eele pobolj\u0161ati svoju tehniku.<\/span><\/span> <span class=\"jCAhz ChMk0b\"><span class=\"ryNqvb\">Namijenjen je za skijanje na stazama u svim uvjetima, bez obzira je li staza ure\u0111ena, prekrivena slojem svje\u017eeg snijega ili omek\u0161ana u poslijepodnevnim satima.<\/span><\/span> <span class=\"jCAhz ChMk0b\"><span class=\"ryNqvb\">Full Sensor drvena jezgra \u010dini ove skije \u010dvrstima i stabilnima, a opet laganima i udobnima za cjelodnevno skijanje.<\/span><\/span> <span class=\"jCAhz ChMk0b\"><span class=\"ryNqvb\">Nije zamorno, vrlo je stabilno na strmim padinama i omogu\u0107uje lako kretanje s rubnika na rubnik.<\/span><\/span> <span class=\"jCAhz ChMk0b\"><span class=\"ryNqvb\">Rocker tip \u2014 podignuti vrh skije koji omogu\u0107uje dobru navigaciju po svje\u017ee napadalom snijegu, lak\u0161i ulazak u zavoje i izbjegavanje zaglavljivanja skije u snje\u017enim nanosima.<\/span><\/span><\/span><\/p>\n<p><span class=\"HwtZe\" lang=\"sl\" xml:lang=\"sl\"><span class=\"jCAhz ChMk0b\"><span class=\"ryNqvb\"><span class=\"HwtZe\" lang=\"sl\" xml:lang=\"sl\"><strong><span class=\"jCAhz ChMk0b\"><span class=\"ryNqvb\">Zna\u010dajke:<\/span><\/span><\/strong> <\/span><\/span><\/span><\/span><\/p>\n<p><span class=\"HwtZe\" lang=\"sl\" xml:lang=\"sl\"><span class=\"jCAhz ChMk0b\"><span class=\"ryNqvb\"><span class=\"HwtZe\" lang=\"sl\" xml:lang=\"sl\"><span class=\"jCAhz ChMk0b\"><span class=\"ryNqvb\">Jezgra: Full Sensor drvena jezgra<\/span><\/span><br \/>\n<span class=\"jCAhz ChMk0b\"><span class=\"ryNqvb\">Profil: Tip klackalice<br \/>\n<\/span><\/span> <span class=\"jCAhz ChMk0b\"><span class=\"ryNqvb\">Vezovi: FDT TP10 80 mm<\/span><\/span><span class=\"jCAhz ChMk0b\"><span class=\"ryNqvb\"><br \/>\n<\/span><\/span><\/span><\/span><\/span><\/span><\/p>\n<table class=\"table table-condensed hidden-xs table-brand\">\n<thead>\n<tr>\n<td><strong>Duljina<\/strong><\/td>\n<td><strong>Radij<\/strong><\/td>\n<td><b>\u0160irina<\/b><\/td>\n<\/tr>\n<\/thead>\n<tbody>\n<tr>\n<td>144<\/td>\n<td>10.5<\/td>\n<td>123-72-104<\/td>\n<\/tr>\n<tr>\n<td>151<\/td>\n<td>11.2<\/td>\n<td>123-72-104<\/td>\n<\/tr>\n<tr>\n<td>158<\/td>\n<td>12.7<\/td>\n<td>123-72-104<\/td>\n<\/tr>\n<tr>\n<td>165<\/td>\n<td>14<\/td>\n<td>123-72-104<\/td>\n<\/tr>\n<tr>\n<td>172<\/td>\n<td>15.5<\/td>\n<td>123-72-104<\/td>\n<\/tr>\n<\/tbody>\n<\/table>","protected":false},"excerpt":{"rendered":"<p>Skije V\u00f6lkl Deacon LTD + FDT TP10 80 mm<\/p>","protected":false},"featured_media":20711,"template":"","meta":{"_acf_changed":false,"inline_featured_image":false,"_monsterinsights_skip_tracking":false,"_monsterinsights_sitenote_active":false,"_monsterinsights_sitenote_note":"","_monsterinsights_sitenote_category":0},"product_brand":[1190],"product_cat":[508],"product_tag":[],"class_list":{"0":"post-12509","1":"product","2":"type-product","3":"status-publish","4":"has-post-thumbnail","6":"product_brand-volkl","7":"product_cat-moske-smuci","8":"pa_velikost-2225","10":"first","11":"instock","12":"sale","13":"taxable","14":"shipping-taxable","15":"purchasable","16":"product-type-variable"},"acf":[],"aioseo_notices":[],"_links":{"self":[{"href":"https:\/\/ritosa.click.si\/hr\/wp-json\/wp\/v2\/product\/12509","targetHints":{"allow":["GET"]}}],"collection":[{"href":"https:\/\/ritosa.click.si\/hr\/wp-json\/wp\/v2\/product"}],"about":[{"href":"https:\/\/ritosa.click.si\/hr\/wp-json\/wp\/v2\/types\/product"}],"wp:featuredmedia":[{"embeddable":true,"href":"https:\/\/ritosa.click.si\/hr\/wp-json\/wp\/v2\/media\/20711"}],"wp:attachment":[{"href":"https:\/\/ritosa.click.si\/hr\/wp-json\/wp\/v2\/media?parent=12509"}],"wp:term":[{"taxonomy":"product_brand","embeddable":true,"href":"https:\/\/ritosa.click.si\/hr\/wp-json\/wp\/v2\/product_brand?post=12509"},{"taxonomy":"product_cat","embeddable":true,"href":"https:\/\/ritosa.click.si\/hr\/wp-json\/wp\/v2\/product_cat?post=12509"},{"taxonomy":"product_tag","embeddable":true,"href":"https:\/\/ritosa.click.si\/hr\/wp-json\/wp\/v2\/product_tag?post=12509"}],"curies":[{"name":"radni list","href":"https:\/\/api.w.org\/{rel}","templated":true}]}}