{"id":12444,"date":"2023-11-13T11:31:43","date_gmt":"2023-11-13T11:31:43","guid":{"rendered":"https:\/\/ritosa.click.si\/?post_type=product&#038;p=12444"},"modified":"2026-03-07T15:23:12","modified_gmt":"2026-03-07T14:23:12","slug":"alpina-piney-s-rose","status":"publish","type":"product","link":"https:\/\/ritosa.click.si\/hr\/ducan\/skijanje\/smucarska-oprema\/smucarska-ocala\/otroska-smucarska-ocala\/alpina-piney-s-rose\/","title":{"rendered":"Alpina Piney 2.0 ru\u017ea"},"content":{"rendered":"<p>Ne glede na to, ali gre za pico ali pomfri, najpomembnej\u0161e je: Piney! Z o\u010dali Piney 2.0 so otro\u0161ke o\u010di vedno optimalno za\u0161\u010ditene. Otro\u0161ka smu\u010darska o\u010dala imajo vse potrebne lastnosti za za\u010detnike. Oran\u017ena le\u010da ima svetle\u010d u\u010dinek, ki omogo\u010da bolj\u0161e zaznavanje neravnin na progi. Udoben in dobro prilegajo\u010d se okvir zagotavlja prezra\u010devanje v notranjosti o\u010dal ter prepre\u010duje rosenje le\u010d. \u0160irok trak z vlo\u017eki iz silikona poskrbi za varno prileganje o\u010dal na \u010delado. Od\u00a0otro\u0161ke de\u017eele\u00a0do rde\u010de proge: Piney 2.0 so popoln spremljevalec za vse otroke, ki obo\u017eujejo zimske \u0161porte.<\/p>\n<ul>\n<li>Oran\u017ena le\u010da z osvetljevalnim u\u010dinkom<\/li>\n<li>Jasna vidljivost brez rosenja zahvaljujo\u010d okvirju z inteligentnim prezra\u010devalnim sistemom<\/li>\n<li>Proti zdrsu na smu\u010darski \u010deladi zaradi gumiranega notranjega dela traku<\/li>\n<li>100% UV-A, -B, -C za\u0161\u010dita<\/li>\n<li>Posebej razvito za otroke<\/li>\n<\/ul>","protected":false},"excerpt":{"rendered":"<p>Otro\u0161ka smu\u010darska o\u010dala Piney 2.0<\/p>","protected":false},"featured_media":21117,"template":"","meta":{"_acf_changed":false,"inline_featured_image":false},"product_brand":[678],"product_cat":[607],"product_tag":[1198],"class_list":{"0":"post-12444","1":"product","2":"type-product","3":"status-publish","4":"has-post-thumbnail","6":"product_brand-alpina","7":"product_cat-otroska-smucarska-ocala","8":"product_tag-otroci","10":"first","11":"instock","12":"sale","13":"taxable","14":"shipping-taxable","15":"purchasable","16":"product-type-simple"},"acf":[],"_links":{"self":[{"href":"https:\/\/ritosa.click.si\/hr\/wp-json\/wp\/v2\/product\/12444","targetHints":{"allow":["GET"]}}],"collection":[{"href":"https:\/\/ritosa.click.si\/hr\/wp-json\/wp\/v2\/product"}],"about":[{"href":"https:\/\/ritosa.click.si\/hr\/wp-json\/wp\/v2\/types\/product"}],"wp:featuredmedia":[{"embeddable":true,"href":"https:\/\/ritosa.click.si\/hr\/wp-json\/wp\/v2\/media\/21117"}],"wp:attachment":[{"href":"https:\/\/ritosa.click.si\/hr\/wp-json\/wp\/v2\/media?parent=12444"}],"wp:term":[{"taxonomy":"product_brand","embeddable":true,"href":"https:\/\/ritosa.click.si\/hr\/wp-json\/wp\/v2\/product_brand?post=12444"},{"taxonomy":"product_cat","embeddable":true,"href":"https:\/\/ritosa.click.si\/hr\/wp-json\/wp\/v2\/product_cat?post=12444"},{"taxonomy":"product_tag","embeddable":true,"href":"https:\/\/ritosa.click.si\/hr\/wp-json\/wp\/v2\/product_tag?post=12444"}],"curies":[{"name":"radni list","href":"https:\/\/api.w.org\/{rel}","templated":true}]}}