{"id":12418,"date":"2023-11-13T10:49:15","date_gmt":"2023-11-13T10:49:15","guid":{"rendered":"https:\/\/ritosa.click.si\/?post_type=product&#038;p=12418"},"modified":"2025-06-23T15:21:12","modified_gmt":"2025-06-23T13:21:12","slug":"alpina-proshield-women-vest","status":"publish","type":"product","link":"https:\/\/ritosa.click.si\/hr\/ducan\/skijanje\/ostali-zimski-sporti\/alpina-proshield-women-vest\/","title":{"rendered":"Alpina Proshield \u017eenski prsluk"},"content":{"rendered":"<p><span>\u0160titnik za le\u0111a je vrlo lagan, elasti\u010dan, prozra\u010dan i udoban za no\u0161enje za bezbri\u017enu zabavu na snijegu. Kombinacija mekog vanjskog materijala i elasti\u010dnih trapezoidnih traka osigurava najbolju regulaciju temperature, optimalnu raspodjelu sile i udobno no\u0161enje bez klizanja. Vi\u0161eslojna i fleksibilna pjenasta podloga za le\u0111a izuzetno dobro \u0161titi kralje\u017enicu. Osim toga, podloga daje \u0161titniku fleksibilnost i stabilnost istovremeno, bez klizanja i ograni\u010davanja kretanja.<\/span><br \/><span>Pjena u za\u0161titniku ostaje fleksibilna \u010dak i na hladno\u0107i i zadovoljava standard EN 1621-2, razina 1.<\/span><\/p>","protected":false},"excerpt":{"rendered":"<div class=\"large-12 columns\">\n<div class=\"entry-content\" id=\"section-description\">\n<p>Za\u0161titnik za le\u0111a za odrasle \u2013 Alpina Proshield \u017eenski prsluk<\/p>\n<p>\u0160titnik za le\u0111a je vrlo lagan, elasti\u010dan, prozra\u010dan i udoban za no\u0161enje za bezbri\u017enu zabavu na snijegu. Kombinacija mekog vanjskog materijala i elasti\u010dnih trapezoidnih traka osigurava najbolju regulaciju temperature, optimalnu raspodjelu sile i udobno no\u0161enje bez klizanja.<\/p>\n<\/div>\n<\/div>","protected":false},"featured_media":12420,"template":"","meta":{"_acf_changed":false,"inline_featured_image":false,"_monsterinsights_skip_tracking":false,"_monsterinsights_sitenote_active":false,"_monsterinsights_sitenote_note":"","_monsterinsights_sitenote_category":0},"product_brand":[678],"product_cat":[513],"product_tag":[],"class_list":{"0":"post-12418","1":"product","2":"type-product","3":"status-publish","4":"has-post-thumbnail","6":"product_brand-alpina","7":"product_cat-ostali-zimski-sporti","8":"pa_velikost-m","10":"first","11":"onbackorder","12":"sale","13":"taxable","14":"shipping-taxable","15":"purchasable","16":"product-type-variable"},"acf":[],"aioseo_notices":[],"_links":{"self":[{"href":"https:\/\/ritosa.click.si\/hr\/wp-json\/wp\/v2\/product\/12418","targetHints":{"allow":["GET"]}}],"collection":[{"href":"https:\/\/ritosa.click.si\/hr\/wp-json\/wp\/v2\/product"}],"about":[{"href":"https:\/\/ritosa.click.si\/hr\/wp-json\/wp\/v2\/types\/product"}],"wp:featuredmedia":[{"embeddable":true,"href":"https:\/\/ritosa.click.si\/hr\/wp-json\/wp\/v2\/media\/12420"}],"wp:attachment":[{"href":"https:\/\/ritosa.click.si\/hr\/wp-json\/wp\/v2\/media?parent=12418"}],"wp:term":[{"taxonomy":"product_brand","embeddable":true,"href":"https:\/\/ritosa.click.si\/hr\/wp-json\/wp\/v2\/product_brand?post=12418"},{"taxonomy":"product_cat","embeddable":true,"href":"https:\/\/ritosa.click.si\/hr\/wp-json\/wp\/v2\/product_cat?post=12418"},{"taxonomy":"product_tag","embeddable":true,"href":"https:\/\/ritosa.click.si\/hr\/wp-json\/wp\/v2\/product_tag?post=12418"}],"curies":[{"name":"radni list","href":"https:\/\/api.w.org\/{rel}","templated":true}]}}