{"id":12395,"date":"2023-11-12T22:35:55","date_gmt":"2023-11-12T22:35:55","guid":{"rendered":"https:\/\/ritosa.click.si\/?post_type=product&#038;p=12395"},"modified":"2026-03-06T19:32:20","modified_gmt":"2026-03-06T18:32:20","slug":"alpina-brix-white","status":"publish","type":"product","link":"https:\/\/ritosa.click.si\/hr\/ducan\/skijanje\/smucarska-oprema\/smucarske-celade\/odrasle-smucarske-celade\/alpina-brix-white\/","title":{"rendered":"Alpina Brix \u2013 bijela"},"content":{"rendered":"<p>Zbog modernog izgleda i izvrsnog pristajanja, ova kaciga je izuzetno popularna me\u0111u skija\u0161ima i snowboarderima, jer izgleda jednako dobro u dubokom snijegu kao i na stazama, gdje pouzdano \u0161titi korisnika u slu\u010daju pada. Mo\u017eete birati iz \u0161irokog raspona boja. Brix vam nudi najvi\u0161u razinu sigurnosti zahvaljuju\u0107i Inmold konstrukciji, Hi-EPS jezgri i robusnoj kerami\u010dkoj ljusci, dok mekana podstava, koja se mo\u017ee ukloniti i o\u010distiti, osigurava maksimalnu udobnost. Kontrola strujanja zraka omogu\u0107uje nam izvrsnu ventilaciju kroz zra\u010dne kanale. S otvorenim otvorima, svje\u017e zrak struji u kacigu tijekom toplih dana, ali kada temperature padnu ili tijekom brzih spustova, oni se lako mogu zatvoriti. Sustav za pode\u0161avanje veli\u010dine Ergo Snow omogu\u0107uje individualno pode\u0161avanje Brixa glavi korisnika.<\/p>\n<p>Zna\u010dajke:<\/p>\n<ul>\n<li>Inmold: tehnologija uklju\u010duje zagrijavanje vanjske polikarbonatne ljuske na visoku temperaturu i pe\u010denje na EPS ljusci pod visokim tlakom. Proces stvara trajnu vezu preko cijele povr\u0161ine vanjske i unutarnje ljuske, \u010dine\u0107i kacigu izuzetno laganom i stabilnom;<\/li>\n<li>Provjerena i testirana ergonomska kop\u010da koristi se na svim Alpina kacigama. Vi\u0161estupanjsko pode\u0161avanje, kontrolira se samo jednom rukom. Kop\u010da se tako\u0111er ne mo\u017ee sama odkop\u010dati u slu\u010daju nesre\u0107e.<\/li>\n<li>Regulacija protoka zraka: omogu\u0107uje optimalnu ventilaciju i udobnost;<\/li>\n<li>Run system Ergo Snow: Podesivi sustav za prilago\u0111avanje veli\u010dine skija\u0161ke kacige bilo kojem obliku glave, osiguravaju\u0107i udobnost i savr\u0161eno pristajanje<\/li>\n<li>Za\u0161tita rubova: dodatno oja\u010dani rubovi \u0161tite kacigu od udaraca<\/li>\n<li>Y-kop\u010da: Y-KOP\u010cA spaja prednje i stra\u017enje remene ispod u\u0161iju, omogu\u0107uju\u0107i optimalno pristajanje kacige<\/li>\n<li>Uklonjiva i periva tekstilna podstava i uklonjivi jastu\u010di\u0107i za u\u0161i<\/li>\n<li>Topli grija\u010d za vrat<\/li>\n<\/ul>","protected":false},"excerpt":{"rendered":"<p>Alpina Brix skija\u0161ka kaciga za odrasle<\/p>","protected":false},"featured_media":12397,"template":"","meta":{"_acf_changed":false,"inline_featured_image":false},"product_brand":[678],"product_cat":[509],"product_tag":[],"class_list":{"0":"post-12395","1":"product","2":"type-product","3":"status-publish","4":"has-post-thumbnail","6":"product_brand-alpina","7":"product_cat-odrasle-smucarske-celade","8":"pa_velikost-55-59","10":"first","11":"instock","12":"sale","13":"taxable","14":"shipping-taxable","15":"purchasable","16":"product-type-variable"},"acf":[],"_links":{"self":[{"href":"https:\/\/ritosa.click.si\/hr\/wp-json\/wp\/v2\/product\/12395","targetHints":{"allow":["GET"]}}],"collection":[{"href":"https:\/\/ritosa.click.si\/hr\/wp-json\/wp\/v2\/product"}],"about":[{"href":"https:\/\/ritosa.click.si\/hr\/wp-json\/wp\/v2\/types\/product"}],"wp:featuredmedia":[{"embeddable":true,"href":"https:\/\/ritosa.click.si\/hr\/wp-json\/wp\/v2\/media\/12397"}],"wp:attachment":[{"href":"https:\/\/ritosa.click.si\/hr\/wp-json\/wp\/v2\/media?parent=12395"}],"wp:term":[{"taxonomy":"product_brand","embeddable":true,"href":"https:\/\/ritosa.click.si\/hr\/wp-json\/wp\/v2\/product_brand?post=12395"},{"taxonomy":"product_cat","embeddable":true,"href":"https:\/\/ritosa.click.si\/hr\/wp-json\/wp\/v2\/product_cat?post=12395"},{"taxonomy":"product_tag","embeddable":true,"href":"https:\/\/ritosa.click.si\/hr\/wp-json\/wp\/v2\/product_tag?post=12395"}],"curies":[{"name":"radni list","href":"https:\/\/api.w.org\/{rel}","templated":true}]}}