{"id":12323,"date":"2023-11-08T19:02:22","date_gmt":"2023-11-08T19:02:22","guid":{"rendered":"https:\/\/ritosa.click.si\/?post_type=product&#038;p=12323"},"modified":"2026-03-06T17:30:59","modified_gmt":"2026-03-06T16:30:59","slug":"alpina-zupo-pink","status":"publish","type":"product","link":"https:\/\/ritosa.click.si\/hr\/ducan\/skijanje\/smucarska-oprema\/smucarske-celade\/otroske-smucarske-celade\/alpina-zupo-pink\/","title":{"rendered":"Alpina Zupo \u2013 ru\u017ei\u010dasta"},"content":{"rendered":"<p>Tvrda izvana, vrlo mekana iznutra. Dje\u010dja kaciga ZUPO ima tvrdu \u0161koljku koja pru\u017ea maksimalnu za\u0161titu u slu\u010daju sudara. Istovremeno, HI-EPS koji apsorbira udarce unutar kacige tako\u0111er \u0161titi \u0161koljku. Mekani jastu\u010di\u0107i za u\u0161i, udoban i uklonjiv unutarnji jastuk i grijani \u0161titnik za vrat osiguravaju maksimalnu udobnost.<\/p>\n<p>Karakteristike kacige:<\/p>\n<ul>\n<li>Tvrda \u0161koljka: kombinacija tvrde ABS \u0161koljke i unutarnjeg okvira izra\u0111enog od HI-EPS materijala; HI-EPS: unutarnji okvir Alpina kaciga izra\u0111en je od HI-EPS-a (ekspandiranog polistirena). Ovaj materijal sastoji se od mikroskopskih zra\u010dnih prostora koji u\u010dinkovito apsorbiraju sile nastale pri udaru;<\/li>\n<li>Run sustav: omogu\u0107uje individualno pode\u0161avanje veli\u010dine rotiraju\u0107im gumbom na stra\u017enjoj strani glave;<\/li>\n<li>Ergonomsko: kop\u010da koja je bezbroj puta isprobana i testirana koristi se na svim Alpina kacigama. Vi\u0161estupanjsko pode\u0161avanje, kontrolirano samo jednom rukom. Kop\u010da se tako\u0111er ne mo\u017ee sama odkop\u010dati u slu\u010daju nezgode;<\/li>\n<li>Ventilacijski sustav: omogu\u0107uje optimalnu ventilaciju i udobnost;<\/li>\n<li>Uklonjiva i periva tekstilna podstava;<\/li>\n<li>Topla grija\u0107a za\u0161tita vrata.<\/li>\n<\/ul>","protected":false},"excerpt":{"rendered":"<p>Dje\u010dja skija\u0161ka kaciga Alpina ZUPO<\/p>","protected":false},"featured_media":12326,"template":"","meta":{"_acf_changed":false,"inline_featured_image":false},"product_brand":[678],"product_cat":[569],"product_tag":[1198],"class_list":{"0":"post-12323","1":"product","2":"type-product","3":"status-publish","4":"has-post-thumbnail","6":"product_brand-alpina","7":"product_cat-otroske-smucarske-celade","8":"product_tag-otroci","9":"pa_velikost-48-52","10":"pa_velikost-51-55","12":"first","13":"instock","14":"sale","15":"taxable","16":"shipping-taxable","17":"purchasable","18":"product-type-variable"},"acf":[],"_links":{"self":[{"href":"https:\/\/ritosa.click.si\/hr\/wp-json\/wp\/v2\/product\/12323","targetHints":{"allow":["GET"]}}],"collection":[{"href":"https:\/\/ritosa.click.si\/hr\/wp-json\/wp\/v2\/product"}],"about":[{"href":"https:\/\/ritosa.click.si\/hr\/wp-json\/wp\/v2\/types\/product"}],"wp:featuredmedia":[{"embeddable":true,"href":"https:\/\/ritosa.click.si\/hr\/wp-json\/wp\/v2\/media\/12326"}],"wp:attachment":[{"href":"https:\/\/ritosa.click.si\/hr\/wp-json\/wp\/v2\/media?parent=12323"}],"wp:term":[{"taxonomy":"product_brand","embeddable":true,"href":"https:\/\/ritosa.click.si\/hr\/wp-json\/wp\/v2\/product_brand?post=12323"},{"taxonomy":"product_cat","embeddable":true,"href":"https:\/\/ritosa.click.si\/hr\/wp-json\/wp\/v2\/product_cat?post=12323"},{"taxonomy":"product_tag","embeddable":true,"href":"https:\/\/ritosa.click.si\/hr\/wp-json\/wp\/v2\/product_tag?post=12323"}],"curies":[{"name":"radni list","href":"https:\/\/api.w.org\/{rel}","templated":true}]}}