{"id":12297,"date":"2023-11-07T11:52:20","date_gmt":"2023-11-07T11:52:20","guid":{"rendered":"https:\/\/ritosa.click.si\/?post_type=product&#038;p=12297"},"modified":"2026-03-06T15:43:47","modified_gmt":"2026-03-06T14:43:47","slug":"torba-za-smuci-elan-2p","status":"publish","type":"product","link":"https:\/\/ritosa.click.si\/hr\/ducan\/skijanje\/smucarska-oprema\/smucarske-torbe\/torba-za-smuci-elan-2p\/","title":{"rendered":"ELAN torba za skije (2 komada)"},"content":{"rendered":"","protected":false},"excerpt":{"rendered":"<p><strong>Elan torba za skije za dva para skija<\/strong> s remenima za brzo otpu\u0161tanje koji dodatno osiguravaju va\u0161e skije za putovanje s jednog odredi\u0161ta na drugo.<\/p>\n<ul>\n<li>Pretinac za dva para skija<\/li>\n<li>Zatezanje remena<\/li>\n<li>Duljina: 182 cm<\/li>\n<\/ul>","protected":false},"featured_media":12298,"template":"","meta":{"_acf_changed":false,"inline_featured_image":false},"product_brand":[677],"product_cat":[570],"product_tag":[],"class_list":{"0":"post-12297","1":"product","2":"type-product","3":"status-publish","4":"has-post-thumbnail","6":"product_brand-elan","7":"product_cat-smucarske-torbe","9":"first","10":"instock","11":"sale","12":"taxable","13":"shipping-taxable","14":"purchasable","15":"product-type-simple"},"acf":[],"_links":{"self":[{"href":"https:\/\/ritosa.click.si\/hr\/wp-json\/wp\/v2\/product\/12297","targetHints":{"allow":["GET"]}}],"collection":[{"href":"https:\/\/ritosa.click.si\/hr\/wp-json\/wp\/v2\/product"}],"about":[{"href":"https:\/\/ritosa.click.si\/hr\/wp-json\/wp\/v2\/types\/product"}],"wp:featuredmedia":[{"embeddable":true,"href":"https:\/\/ritosa.click.si\/hr\/wp-json\/wp\/v2\/media\/12298"}],"wp:attachment":[{"href":"https:\/\/ritosa.click.si\/hr\/wp-json\/wp\/v2\/media?parent=12297"}],"wp:term":[{"taxonomy":"product_brand","embeddable":true,"href":"https:\/\/ritosa.click.si\/hr\/wp-json\/wp\/v2\/product_brand?post=12297"},{"taxonomy":"product_cat","embeddable":true,"href":"https:\/\/ritosa.click.si\/hr\/wp-json\/wp\/v2\/product_cat?post=12297"},{"taxonomy":"product_tag","embeddable":true,"href":"https:\/\/ritosa.click.si\/hr\/wp-json\/wp\/v2\/product_tag?post=12297"}],"curies":[{"name":"radni list","href":"https:\/\/api.w.org\/{rel}","templated":true}]}}