{"id":12286,"date":"2023-11-07T11:17:11","date_gmt":"2023-11-07T11:17:11","guid":{"rendered":"https:\/\/ritosa.click.si\/?post_type=product&#038;p=12286"},"modified":"2026-03-06T17:56:15","modified_gmt":"2026-03-06T16:56:15","slug":"smucarska-celada-elan-twist-pink","status":"publish","type":"product","link":"https:\/\/ritosa.click.si\/hr\/ducan\/skijanje\/smucarska-oprema\/smucarske-celade\/otroske-smucarske-celade\/smucarska-celada-elan-twist-pink\/","title":{"rendered":"Skija\u0161ka kaciga Elan Twist Pink"},"content":{"rendered":"<div class=\"product attribute overview\">\n<div class=\"value\">\n<p>Lagana konstrukcija s podesivim pristajanjem osigurat \u0107e sigurnost va\u0161eg mali\u0161ana tijekom skijanja nekoliko sezona.<\/p>\n<\/div>\n<\/div>\n<div class=\"product attribute description\">\n<div class=\"value\">\n<div>\n<p>Elan je razvio i dizajnirao novu laganu kacigu otpornu na udarce s jednostrukom konstrukcijom koja pru\u017ea izvrsnu za\u0161titu od udara. Sustav pode\u0161avanja kacige od 180\u00b0 omogu\u0107uje precizno pode\u0161avanje kacige korisniku i osigurava da sigurno ostane na mjestu. Odabrani materijali i prozra\u010dna uklonjiva podstava i jastu\u010di\u0107i za u\u0161i osiguravaju maksimalnu udobnost.<\/p>\n<\/div>\n<\/div>\n<\/div>","protected":false},"excerpt":{"rendered":"<div class=\"product attribute overview\">\n<div class=\"value\">\n<p>Lagana konstrukcija s podesivim pristajanjem osigurat \u0107e sigurnost va\u0161eg mali\u0161ana tijekom skijanja nekoliko sezona.<\/p>\n<\/div>\n<\/div>","protected":false},"featured_media":12288,"template":"","meta":{"_acf_changed":false,"inline_featured_image":false,"_monsterinsights_skip_tracking":false,"_monsterinsights_sitenote_active":false,"_monsterinsights_sitenote_note":"","_monsterinsights_sitenote_category":0},"product_brand":[677],"product_cat":[569],"product_tag":[],"class_list":{"0":"post-12286","1":"product","2":"type-product","3":"status-publish","4":"has-post-thumbnail","6":"product_brand-elan","7":"product_cat-otroske-smucarske-celade","8":"pa_velikost-53-56","10":"first","11":"instock","12":"sale","13":"taxable","14":"shipping-taxable","15":"purchasable","16":"product-type-variable"},"acf":[],"aioseo_notices":[],"_links":{"self":[{"href":"https:\/\/ritosa.click.si\/hr\/wp-json\/wp\/v2\/product\/12286","targetHints":{"allow":["GET"]}}],"collection":[{"href":"https:\/\/ritosa.click.si\/hr\/wp-json\/wp\/v2\/product"}],"about":[{"href":"https:\/\/ritosa.click.si\/hr\/wp-json\/wp\/v2\/types\/product"}],"wp:featuredmedia":[{"embeddable":true,"href":"https:\/\/ritosa.click.si\/hr\/wp-json\/wp\/v2\/media\/12288"}],"wp:attachment":[{"href":"https:\/\/ritosa.click.si\/hr\/wp-json\/wp\/v2\/media?parent=12286"}],"wp:term":[{"taxonomy":"product_brand","embeddable":true,"href":"https:\/\/ritosa.click.si\/hr\/wp-json\/wp\/v2\/product_brand?post=12286"},{"taxonomy":"product_cat","embeddable":true,"href":"https:\/\/ritosa.click.si\/hr\/wp-json\/wp\/v2\/product_cat?post=12286"},{"taxonomy":"product_tag","embeddable":true,"href":"https:\/\/ritosa.click.si\/hr\/wp-json\/wp\/v2\/product_tag?post=12286"}],"curies":[{"name":"radni list","href":"https:\/\/api.w.org\/{rel}","templated":true}]}}