{"id":12275,"date":"2023-11-07T10:51:36","date_gmt":"2023-11-07T10:51:36","guid":{"rendered":"https:\/\/ritosa.click.si\/?post_type=product&#038;p=12275"},"modified":"2026-03-07T10:09:37","modified_gmt":"2026-03-07T09:09:37","slug":"elan-rockrod-jr-pink-2","status":"publish","type":"product","link":"https:\/\/ritosa.click.si\/hr\/ducan\/skijanje\/smucarska-oprema\/smucarske-palice\/otroske-smucarske-palice\/elan-rockrod-jr-pink-2\/","title":{"rendered":"Elan Rockrod Jr. Pink"},"content":{"rendered":"","protected":false},"excerpt":{"rendered":"<p>Dje\u010dji \u0161tapovi Hot Rod Junior izra\u0111eni su od \u010dvrstog i laganog aluminija 5083, imaju ru\u010dku s izvrsnim prianjanjem i podesivi najlonski remen.<\/p>","protected":false},"featured_media":20974,"template":"","meta":{"_acf_changed":false,"inline_featured_image":false},"product_brand":[677],"product_cat":[596],"product_tag":[1198],"class_list":{"0":"post-12275","1":"product","2":"type-product","3":"status-publish","4":"has-post-thumbnail","6":"product_brand-elan","7":"product_cat-otroske-smucarske-palice","8":"product_tag-otroci","9":"pa_velikost-1056","10":"pa_velikost-1055","11":"pa_velikost-95-2","13":"first","14":"instock","15":"sale","16":"taxable","17":"shipping-taxable","18":"purchasable","19":"product-type-variable"},"acf":[],"_links":{"self":[{"href":"https:\/\/ritosa.click.si\/hr\/wp-json\/wp\/v2\/product\/12275","targetHints":{"allow":["GET"]}}],"collection":[{"href":"https:\/\/ritosa.click.si\/hr\/wp-json\/wp\/v2\/product"}],"about":[{"href":"https:\/\/ritosa.click.si\/hr\/wp-json\/wp\/v2\/types\/product"}],"wp:featuredmedia":[{"embeddable":true,"href":"https:\/\/ritosa.click.si\/hr\/wp-json\/wp\/v2\/media\/20974"}],"wp:attachment":[{"href":"https:\/\/ritosa.click.si\/hr\/wp-json\/wp\/v2\/media?parent=12275"}],"wp:term":[{"taxonomy":"product_brand","embeddable":true,"href":"https:\/\/ritosa.click.si\/hr\/wp-json\/wp\/v2\/product_brand?post=12275"},{"taxonomy":"product_cat","embeddable":true,"href":"https:\/\/ritosa.click.si\/hr\/wp-json\/wp\/v2\/product_cat?post=12275"},{"taxonomy":"product_tag","embeddable":true,"href":"https:\/\/ritosa.click.si\/hr\/wp-json\/wp\/v2\/product_tag?post=12275"}],"curies":[{"name":"radni list","href":"https:\/\/api.w.org\/{rel}","templated":true}]}}