{"id":12252,"date":"2023-10-25T12:57:09","date_gmt":"2023-10-25T12:57:09","guid":{"rendered":"https:\/\/ritosa.click.si\/?post_type=product&#038;p=12252"},"modified":"2026-03-05T18:34:25","modified_gmt":"2026-03-05T17:34:25","slug":"elan-sky-jrs-130-150","status":"publish","type":"product","link":"https:\/\/ritosa.click.si\/hr\/ducan\/skijanje\/skije\/djecje-skije\/elan-sky-jrs-130-150\/","title":{"rendered":"Elan SKY JRS (140) 2024-25"},"content":{"rendered":"<div class=\"product attribute overview\">\n<div class=\"value\">\n<p>Sky skije su opremljene najinovativnijom tehnologijom za mlade skija\u0161e. Elanovo patentirano U-Flex rje\u0161enje omogu\u0107uje djeci potpuno savijanje skija, \u010dime puno br\u017ee savladavaju te\u017ee elemente skijanja.<\/p>\n<\/div>\n<\/div>\n<div class=\"product attribute description\">\n<div class=\"value\">\n<div>\n<div>\n<div>\n<p>Osiguravanje dovoljno mekog zavoja skija za mlade skija\u0161e bio je jedan od najve\u0107ih izazova s kojima smo se suo\u010dili posljednjih godina. Rje\u0161enje je na\u0161a nagra\u0111ivana U-Flex tehnologija. Revolucionarna konstrukcija skija pove\u0107ava zavoj skija za 25 posto. To nam je omogu\u0107ilo stvaranje kompletnog skija\u0161kog seta za djecu, u kombinaciji sa posebno dizajniranim skija\u0161kim cipelama izra\u0111enim od mek\u0161e i fleksibilnije plastike. To olak\u0161ava u\u010denje skijanja i br\u017ei prijelaz s ruba na rub. Grafi\u010dki dizajn Sky skija dizajniran je posebno za djevoj\u010dice i sigurno \u0107e privu\u0107i pa\u017enju.<\/p>\n<\/div>\n<\/div>\n<\/div>\n<\/div>\n<\/div>\n<div class=\"product attribute description\">\n<div class=\"value\">\n<div class=\"pdp-attributes__trigger\">\n<h3 class=\"pdp-attributes__title\">TABLICA VELI\u010cINA<\/h3>\n<\/div>\n<div class=\"pdp-attributes__content\">\n<table class=\"pdp-attributes__size-guide\">\n<thead>\n<tr>\n<th>Visina skija\u0161a<\/th>\n<th>Duljina skija<\/th>\n<\/tr>\n<\/thead>\n<tbody>\n<tr>\n<td>70 \u2013 85 cm<\/td>\n<td>70<\/td>\n<\/tr>\n<tr>\n<td>80 \u2013 95 cm<\/td>\n<td>80<\/td>\n<\/tr>\n<tr>\n<td>90 \u2013 105 cm<\/td>\n<td>90<\/td>\n<\/tr>\n<tr>\n<td>100 \u2013 115 cm<\/td>\n<td>100<\/td>\n<\/tr>\n<tr>\n<td>110 \u2013 125 cm<\/td>\n<td>110<\/td>\n<\/tr>\n<tr>\n<td>120 \u2013 135 cm<\/td>\n<td>120<\/td>\n<\/tr>\n<tr>\n<td>130 \u2013 145 cm<\/td>\n<td>130<\/td>\n<\/tr>\n<tr>\n<td>140 \u2013 155 cm<\/td>\n<td>140<\/td>\n<\/tr>\n<tr>\n<td>150 \u2013 165 cm<\/td>\n<td>150<\/td>\n<\/tr>\n<\/tbody>\n<\/table>\n<h3>TEHNI\u010cKE INFORMACIJE<\/h3>\n<table>\n<tbody>\n<tr>\n<td><\/td>\n<td>70 cm<\/td>\n<td>80 cm<\/td>\n<td>90 cm<\/td>\n<td>100 cm<\/td>\n<td>110 cm<\/td>\n<td>120 cm<\/td>\n<td>130 cm<\/td>\n<td>140 cm<\/td>\n<td>150 cm<\/td>\n<\/tr>\n<tr>\n<td>Radij<\/td>\n<td>2.5<\/td>\n<td>3.5<\/td>\n<td>4.8<\/td>\n<td>6.2<\/td>\n<td>7<\/td>\n<td>8.6<\/td>\n<td>9.4<\/td>\n<td>11.2<\/td>\n<td>13.1<\/td>\n<\/tr>\n<tr>\n<td>\u0160irina vrha skije<\/td>\n<td>101<\/td>\n<td>101<\/td>\n<td>101<\/td>\n<td>101<\/td>\n<td>105<\/td>\n<td>105<\/td>\n<td>109<\/td>\n<td>109<\/td>\n<td>109<\/td>\n<\/tr>\n<tr>\n<td>\u0160irina sredine skije<\/td>\n<td>69<\/td>\n<td>69<\/td>\n<td>69<\/td>\n<td>69<\/td>\n<td>68<\/td>\n<td>68<\/td>\n<td>67<\/td>\n<td>67<\/td>\n<td>67<\/td>\n<\/tr>\n<tr>\n<td>\u0160irina repa skije<\/td>\n<td>90<\/td>\n<td>90<\/td>\n<td>90<\/td>\n<td>90<\/td>\n<td>90<\/td>\n<td>90<\/td>\n<td>95<\/td>\n<td>95<\/td>\n<td>95<\/td>\n<\/tr>\n<\/tbody>\n<\/table>\n<h3>DETALJI<\/h3>\n<table>\n<tbody>\n<tr>\n<td>Kodirati<\/td>\n<td>AFFKKE23<\/td>\n<\/tr>\n<tr>\n<td>Veza<\/td>\n<td>EL 4,5_7,5 GW CA JRS BIJELA<\/td>\n<\/tr>\n<tr>\n<td>Duljina\/Radij<\/td>\n<td>100 (6.2)<\/td>\n<\/tr>\n<tr>\n<td>Sustav<\/td>\n<td>Junior Shift<\/td>\n<\/tr>\n<tr>\n<td>Profil<\/td>\n<td>Early Rise Rocker<\/td>\n<\/tr>\n<tr>\n<td>Din<\/td>\n<td>0,75 \u2013 4,5 \/ 2 \u2013 7,5<\/td>\n<\/tr>\n<tr>\n<td>Tehnologija<\/td>\n<td>Stakloplastika, Synflex, U-Flex tehnologija, Full Power Cap<\/td>\n<\/tr>\n<\/tbody>\n<\/table>\n<\/div>\n<\/div>\n<\/div>","protected":false},"excerpt":{"rendered":"<p>Elan SKY JRS \u017eenske skije (130-150)<\/p>\n<p>Sky skije su opremljene najinovativnijom tehnologijom za mlade skija\u0161e. Elanovo patentirano U-Flex rje\u0161enje omogu\u0107uje djeci potpuno savijanje skija, \u010dime puno br\u017ee savladavaju te\u017ee elemente skijanja.<\/p>","protected":false},"featured_media":12254,"template":"","meta":{"_acf_changed":false,"inline_featured_image":false},"product_brand":[677],"product_cat":[592],"product_tag":[],"class_list":{"0":"post-12252","1":"product","2":"type-product","3":"status-publish","4":"has-post-thumbnail","6":"product_brand-elan","7":"product_cat-otroske-smuci","8":"pa_velikost-719","10":"first","11":"instock","12":"sale","13":"taxable","14":"shipping-taxable","15":"purchasable","16":"product-type-variable"},"acf":[],"_links":{"self":[{"href":"https:\/\/ritosa.click.si\/hr\/wp-json\/wp\/v2\/product\/12252","targetHints":{"allow":["GET"]}}],"collection":[{"href":"https:\/\/ritosa.click.si\/hr\/wp-json\/wp\/v2\/product"}],"about":[{"href":"https:\/\/ritosa.click.si\/hr\/wp-json\/wp\/v2\/types\/product"}],"wp:featuredmedia":[{"embeddable":true,"href":"https:\/\/ritosa.click.si\/hr\/wp-json\/wp\/v2\/media\/12254"}],"wp:attachment":[{"href":"https:\/\/ritosa.click.si\/hr\/wp-json\/wp\/v2\/media?parent=12252"}],"wp:term":[{"taxonomy":"product_brand","embeddable":true,"href":"https:\/\/ritosa.click.si\/hr\/wp-json\/wp\/v2\/product_brand?post=12252"},{"taxonomy":"product_cat","embeddable":true,"href":"https:\/\/ritosa.click.si\/hr\/wp-json\/wp\/v2\/product_cat?post=12252"},{"taxonomy":"product_tag","embeddable":true,"href":"https:\/\/ritosa.click.si\/hr\/wp-json\/wp\/v2\/product_tag?post=12252"}],"curies":[{"name":"radni list","href":"https:\/\/api.w.org\/{rel}","templated":true}]}}