{"id":12133,"date":"2023-10-24T15:08:35","date_gmt":"2023-10-24T15:08:35","guid":{"rendered":"https:\/\/ritosa.click.si\/?post_type=product&#038;p=12133"},"modified":"2026-03-05T18:47:55","modified_gmt":"2026-03-05T17:47:55","slug":"elan-ace-speed-magic-slx","status":"publish","type":"product","link":"https:\/\/ritosa.click.si\/hr\/ducan\/skijanje\/skije\/zenske-skije\/elan-ace-speed-magic-slx\/","title":{"rendered":"Elan ACE SPEED MAGIC SLX 2026"},"content":{"rendered":"<div class=\"pdp-attributes__accordion mage-accordion-disabled\">\n<div class=\"pdp-attributes__collapsible allow active\">\n<div class=\"pdp-attributes__content\">\n<div class=\"pdp-attributes__sustainability\">\n<div class=\"pdp-attributes__content\">\n<div class=\"product-info-secondary__column\">\n<div class=\"product attribute overview\">\n<div class=\"value\">\n<p>Dizajnirane za vrhunske skija\u0161e s natjecateljskim duhom u DNK, Speed Magic su ultimativni alat za savr\u0161ene zavoje za skija\u0161e koji preferiraju cijeli dan juriti ure\u0111enim stazama.<\/p>\n<\/div>\n<\/div>\n<div class=\"product attribute description\">\n<div class=\"value\">\n<p>Skije Speed Magic SLX dizajnirane su s novom drvenom jezgrom R2Frame i stvorene su za najzahtjevnije skija\u0161ice kojima je utrkivanje u krvi. Zato tra\u017ee skije koje nude preciznost i okretnost. Nove tehnologije Ace Arrow i Power Rebound System omogu\u0107uju skija\u0161icama \u010diste, precizne i sportske zavoje. Speed Magic pru\u017ea iznimnu okretnost, brze zavoje i jednostavnu kontrolu. Rezultat su skije koje \u0107e svaku vo\u017enju u\u010diniti dinami\u010dnom i okretnom, zabavnom.<\/p>\n<\/div>\n<\/div>\n<\/div>\n<div class=\"pdp-attributes__collapsible allow active\">\n<div class=\"pdp-attributes__trigger\">\n<h3 class=\"pdp-attributes__title\">Klju\u010dne zna\u010dajke<\/h3>\n<\/div>\n<div class=\"pdp-attributes__content\">\n<div class=\"pdp-attributes__sustainability\">\n<ul class=\"checkmark\">\n<li>Izuzetno precizni rubovi<\/li>\n<li>Izvrsna odzivnost<\/li>\n<li>Agilno izvo\u0111enje kratkih okreta<\/li>\n<li>Brzi prijelaz iz zavoja u zavoj<\/li>\n<li>Stvoreno za najzahtjevnije skija\u0161e<\/li>\n<\/ul>\n<\/div>\n<\/div>\n<\/div>\n<div class=\"pdp-attributes__trigger\">\n<h3 class=\"pdp-attributes__title\">TABLICA VELI\u010cINA<\/h3>\n<\/div>\n<table class=\"pdp-attributes__size-guide\">\n<thead>\n<tr>\n<th>Visina skija\u0161a<\/th>\n<th>Duljina skija<\/th>\n<\/tr>\n<\/thead>\n<tbody>\n<tr>\n<td>150 \u2013 160 cm<\/td>\n<td>145<\/td>\n<\/tr>\n<tr>\n<td>155 \u2013 165 cm<\/td>\n<td>150<\/td>\n<\/tr>\n<tr>\n<td>160 \u2013 170 cm<\/td>\n<td>155<\/td>\n<\/tr>\n<tr>\n<td>165 \u2013 175 cm<\/td>\n<td>160<\/td>\n<\/tr>\n<tr>\n<td>170 \u2013 180 cm<\/td>\n<td>165<\/td>\n<\/tr>\n<tr>\n<td>175 \u2013 185+ cm<\/td>\n<td>170<\/td>\n<\/tr>\n<\/tbody>\n<\/table>\n<\/div>\n<\/div>\n<\/div>\n<\/div>\n<\/div>\n<div class=\"product attribute description\">\n<div class=\"value\">\n<div class=\"pdp-attributes__content\">\n<h3>TEHNI\u010cKE INFORMACIJE<\/h3>\n<table style=\"height: 151px\" width=\"528\">\n<tbody>\n<tr>\n<td><\/td>\n<td>145 cm<\/td>\n<td>150 cm<\/td>\n<td>155 cm<\/td>\n<td>160 cm<\/td>\n<td>165 cm<\/td>\n<td>170 cm<\/td>\n<\/tr>\n<tr>\n<td>Radij<\/td>\n<td>10.5<\/td>\n<td>11<\/td>\n<td>11<\/td>\n<td>12<\/td>\n<td>12,8<\/td>\n<td>13,5<\/td>\n<\/tr>\n<tr>\n<td>\u0160irina vrha skije<\/td>\n<td>115<\/td>\n<td>115<\/td>\n<td>119<\/td>\n<td>120<\/td>\n<td>121<\/td>\n<td>122<\/td>\n<\/tr>\n<tr>\n<td>\u0160irina sredine skije<\/td>\n<td>65<\/td>\n<td>65<\/td>\n<td>68<\/td>\n<td>68<\/td>\n<td>68<\/td>\n<td>69<\/td>\n<\/tr>\n<tr>\n<td>\u0160irina repa skije<\/td>\n<td>97<\/td>\n<td>99<\/td>\n<td>102<\/td>\n<td>103<\/td>\n<td>104<\/td>\n<td>105<\/td>\n<\/tr>\n<\/tbody>\n<\/table>\n<h3>DETALJI<\/h3>\n<table>\n<tbody>\n<tr>\n<td>Kodirati<\/td>\n<td>AALLZF25<\/td>\n<\/tr>\n<tr>\n<td>Geometrija<\/td>\n<td>120\/68\/103<\/td>\n<\/tr>\n<tr>\n<td>Veza<\/td>\n<td>ELX 11.0 GW MJENJA\u010c CRNA\/CRNA<\/td>\n<\/tr>\n<tr>\n<td>Duljina\/Radij<\/td>\n<td>160 (12.0)<\/td>\n<\/tr>\n<tr>\n<td>Sustav<\/td>\n<td>Power Shift<\/td>\n<\/tr>\n<tr>\n<td>Te\u017eina skija (g\/skija)<\/td>\n<td>2120 +\/- 50 g<\/td>\n<\/tr>\n<tr>\n<td>Profil<\/td>\n<td>Camber<\/td>\n<\/tr>\n<tr>\n<td>Tehnologija<\/td>\n<td>High Speed Gliding Base, Dual Ti, R2 Frame Woodcore, Arrow Technology, RST Sidewall<\/td>\n<\/tr>\n<\/tbody>\n<\/table>\n<\/div>\n<\/div>\n<\/div>","protected":false},"excerpt":{"rendered":"<p>Elan ACE SPEED MAGIC SLX ELX11<\/p>\n<p>Dizajnirane za vrhunske skija\u0161e s natjecateljskim duhom u DNK, Speed Magic su ultimativni alat za savr\u0161ene zavoje za skija\u0161e koji preferiraju cijeli dan juriti ure\u0111enim stazama.<\/p>","protected":false},"featured_media":12137,"template":"","meta":{"_acf_changed":false,"inline_featured_image":false,"_monsterinsights_skip_tracking":false,"_monsterinsights_sitenote_active":false,"_monsterinsights_sitenote_note":"","_monsterinsights_sitenote_category":0},"product_brand":[677],"product_cat":[567],"product_tag":[],"class_list":{"0":"post-12133","1":"product","2":"type-product","3":"status-publish","4":"has-post-thumbnail","6":"product_brand-elan","7":"product_cat-zenske-smuci","8":"pa_velikost-150-2","10":"first","11":"instock","12":"sale","13":"taxable","14":"shipping-taxable","15":"purchasable","16":"product-type-variable"},"acf":[],"aioseo_notices":[],"_links":{"self":[{"href":"https:\/\/ritosa.click.si\/hr\/wp-json\/wp\/v2\/product\/12133","targetHints":{"allow":["GET"]}}],"collection":[{"href":"https:\/\/ritosa.click.si\/hr\/wp-json\/wp\/v2\/product"}],"about":[{"href":"https:\/\/ritosa.click.si\/hr\/wp-json\/wp\/v2\/types\/product"}],"wp:featuredmedia":[{"embeddable":true,"href":"https:\/\/ritosa.click.si\/hr\/wp-json\/wp\/v2\/media\/12137"}],"wp:attachment":[{"href":"https:\/\/ritosa.click.si\/hr\/wp-json\/wp\/v2\/media?parent=12133"}],"wp:term":[{"taxonomy":"product_brand","embeddable":true,"href":"https:\/\/ritosa.click.si\/hr\/wp-json\/wp\/v2\/product_brand?post=12133"},{"taxonomy":"product_cat","embeddable":true,"href":"https:\/\/ritosa.click.si\/hr\/wp-json\/wp\/v2\/product_cat?post=12133"},{"taxonomy":"product_tag","embeddable":true,"href":"https:\/\/ritosa.click.si\/hr\/wp-json\/wp\/v2\/product_tag?post=12133"}],"curies":[{"name":"radni list","href":"https:\/\/api.w.org\/{rel}","templated":true}]}}