{"id":12083,"date":"2023-08-25T13:07:55","date_gmt":"2023-08-25T13:07:55","guid":{"rendered":"https:\/\/ritosa.click.si\/?post_type=product&#038;p=12083"},"modified":"2026-03-27T17:45:21","modified_gmt":"2026-03-27T16:45:21","slug":"bergamont-sweep-6","status":"publish","type":"product","link":"https:\/\/ritosa.click.si\/hr\/ducan\/biciklizam\/kotaci\/cestovni-gravel-bicikli\/bergamont-sweep-6\/","title":{"rendered":"Bergamont Sweep 6"},"content":{"rendered":"<div id=\"tab16\" class=\"tab-pane active\">\n<div class=\"detail_tehspec\">\n<div class=\"detail_tehspec_row\">\n<ul>\n<li><strong>Okvir: <\/strong>28\u201d, ultra lagana AL-6061 cijev<\/li>\n<\/ul>\n<\/div>\n<div class=\"detail_tehspec_row\">\n<ul>\n<li class=\"detail_tehspectxt\"><strong>Vilice: <\/strong>Sweep Alloy, brzo otpu\u0161tanje, ravni nosa\u010d, trostruki nosa\u010di<\/li>\n<\/ul>\n<\/div>\n<div class=\"detail_tehspec_row\">\n<ul>\n<li class=\"detail_tehspectxt\"><strong>Prednji mjenja\u010d: <\/strong>Shimano Tiagra, FD-4700<\/li>\n<\/ul>\n<\/div>\n<div class=\"detail_tehspec_row\">\n<ul>\n<li class=\"detail_tehspectxt\"><strong>Zadnji mjenja\u010d: <\/strong>Shimano Tiagra, RD-4700, dugi kavez<\/li>\n<\/ul>\n<\/div>\n<div class=\"detail_tehspec_row\">\n<ul>\n<li><strong>Ru\u010dica mjenja\u010da: <\/strong>Shimano Tiagra, SL-4700, 2\u00d710 brzina, Rapidfire Plus mjenja\u010d<\/li>\n<\/ul>\n<\/div>\n<div class=\"detail_tehspec_row\">\n<ul>\n<li class=\"detail_tehspectxt\"><strong>Nosa\u010d upravlja\u010da: <\/strong>Syncros 3.0, +\/-10\u00b0<\/li>\n<\/ul>\n<\/div>\n<div class=\"detail_tehspec_row\">\n<ul>\n<li class=\"detail_tehspectxt\"><strong>Pesto: <\/strong>BGM Pro, sredi\u0161nje zaklju\u010davanje, disk, brzo otpu\u0161tanje \/ BGM Pro, sredi\u0161nje zaklju\u010davanje, disk, brzo otpu\u0161tanje<\/li>\n<\/ul>\n<\/div>\n<div class=\"detail_tehspec_row\">\n<ul>\n<li class=\"detail_tehspectxt\"><strong>Pogonska osovina: <\/strong>Shimano Tiagra, FC-4700, 50\/34t<\/li>\n<\/ul>\n<\/div>\n<div class=\"detail_tehspec_row\">\n<ul>\n<li class=\"detail_tehspectxt\"><strong>Le\u017eaj pogona: <\/strong>Shimano Hollowtech II, BSA<\/li>\n<\/ul>\n<\/div>\n<div class=\"detail_tehspec_row\">\n<ul>\n<li class=\"detail_tehspectxt\"><strong>Lanac: <\/strong>KMC X10<\/li>\n<\/ul>\n<\/div>\n<div class=\"detail_tehspec_row\">\n<ul>\n<li class=\"detail_tehspectxt\"><strong>Kaseta: <\/strong>Shimano CS-HG500, 11-34 zuba<\/li>\n<\/ul>\n<\/div>\n<div class=\"detail_tehspec_row\">\n<ul>\n<li class=\"detail_tehspectxt\"><strong>Ru\u010dice ko\u010dnica: <\/strong>Shimano BL-MT200, hidrauli\u010dna disk ko\u010dnica<\/li>\n<\/ul>\n<\/div>\n<div class=\"detail_tehspec_row\">\n<ul>\n<li class=\"detail_tehspectxt\"><strong>Ko\u010dnice: <\/strong>Shimano BR-UR300, hidrauli\u010dna disk ko\u010dnica<\/li>\n<\/ul>\n<\/div>\n<div class=\"detail_tehspec_row\">\n<ul>\n<li class=\"detail_tehspectxt\"><strong>Rotor: <\/strong>Shimano SM-RT30, 160 mm<\/li>\n<\/ul>\n<\/div>\n<div class=\"detail_tehspec_row\">\n<ul>\n<li class=\"detail_tehspectxt\"><strong>Volan: <\/strong>Syncros 3.0, podiza\u010d, \u0161irina: 660 mm<\/li>\n<\/ul>\n<\/div>\n<div class=\"detail_tehspec_row\">\n<ul>\n<li class=\"detail_tehspectxt\"><strong>Potpora sjedala: <\/strong>Syncros<\/li>\n<\/ul>\n<\/div>\n<div class=\"detail_tehspec_row\">\n<ul>\n<li class=\"detail_tehspectxt\"><strong>Sjedalo: <\/strong>Syncros Tofino 2.5<\/li>\n<\/ul>\n<\/div>\n<div class=\"detail_tehspec_row\">\n<ul>\n<li class=\"detail_tehspectxt\"><strong>Le\u017eaj upravlja\u010da: <\/strong>Acros ZS56, A-Headset, poluintegrirani, konusni<\/li>\n<\/ul>\n<\/div>\n<div class=\"detail_tehspec_row\">\n<ul>\n<li class=\"detail_tehspectxt\"><strong>Kola: <\/strong>Sjajni DB-T260, disk<\/li>\n<\/ul>\n<\/div>\n<div class=\"detail_tehspec_row\">\n<ul>\n<li class=\"detail_tehspectxt\"><strong>Plati\u0161\u010da: <\/strong>Schwalbe Spicer Plus, Kevlarguard, reflektiraju\u0107a pruga, 40-622<\/li>\n<\/ul>\n<\/div>\n<div class=\"detail_tehspec_row\">\n<ul>\n<li class=\"detail_tehspectxt\"><strong>Velikost obro\u010dev: <\/strong>28\u2033<\/li>\n<\/ul>\n<\/div>\n<div class=\"detail_tehspec_row\">\n<ul>\n<li class=\"detail_tehspectxt\"><strong>Pribli\u017ena te\u017ea v kg: <\/strong>11.0<\/li>\n<\/ul>\n<\/div>\n<\/div>\n<\/div>","protected":false},"excerpt":{"rendered":"<p>Bergamont Sweep 6 trekking bicikl<\/p>","protected":false},"featured_media":12084,"template":"","meta":{"_acf_changed":false,"inline_featured_image":false,"_monsterinsights_skip_tracking":false,"_monsterinsights_sitenote_active":false,"_monsterinsights_sitenote_note":"","_monsterinsights_sitenote_category":0},"product_brand":[1196],"product_cat":[501,499],"product_tag":[1201],"class_list":{"0":"post-12083","1":"product","2":"type-product","3":"status-publish","4":"has-post-thumbnail","6":"product_brand-bregamont","7":"product_cat-cestna-gravel-kolesa","8":"product_cat-treking-kolesa","9":"product_tag-outlet","11":"first","12":"instock","13":"sale","14":"taxable","15":"shipping-taxable","16":"purchasable","17":"product-type-simple"},"acf":[],"aioseo_notices":[],"_links":{"self":[{"href":"https:\/\/ritosa.click.si\/hr\/wp-json\/wp\/v2\/product\/12083","targetHints":{"allow":["GET"]}}],"collection":[{"href":"https:\/\/ritosa.click.si\/hr\/wp-json\/wp\/v2\/product"}],"about":[{"href":"https:\/\/ritosa.click.si\/hr\/wp-json\/wp\/v2\/types\/product"}],"wp:featuredmedia":[{"embeddable":true,"href":"https:\/\/ritosa.click.si\/hr\/wp-json\/wp\/v2\/media\/12084"}],"wp:attachment":[{"href":"https:\/\/ritosa.click.si\/hr\/wp-json\/wp\/v2\/media?parent=12083"}],"wp:term":[{"taxonomy":"product_brand","embeddable":true,"href":"https:\/\/ritosa.click.si\/hr\/wp-json\/wp\/v2\/product_brand?post=12083"},{"taxonomy":"product_cat","embeddable":true,"href":"https:\/\/ritosa.click.si\/hr\/wp-json\/wp\/v2\/product_cat?post=12083"},{"taxonomy":"product_tag","embeddable":true,"href":"https:\/\/ritosa.click.si\/hr\/wp-json\/wp\/v2\/product_tag?post=12083"}],"curies":[{"name":"radni list","href":"https:\/\/api.w.org\/{rel}","templated":true}]}}