{"id":12046,"date":"2023-08-23T10:56:39","date_gmt":"2023-08-23T10:56:39","guid":{"rendered":"https:\/\/ritosa.click.si\/?post_type=product&#038;p=12046"},"modified":"2026-02-12T13:30:32","modified_gmt":"2026-02-12T12:30:32","slug":"ziener-moske-hlace-niw-x-function","status":"publish","type":"product","link":"https:\/\/ritosa.click.si\/hr\/ducan\/biciklizam\/oprema-za-biciklizam\/kolesarska-oblacila\/moska-oblacila\/moske-hlace\/ziener-moske-hlace-niw-x-function\/","title":{"rendered":"Ziener mu\u0161ke hla\u010de NIW X-FUNCTION"},"content":{"rendered":"<p>Funkcionalne, elasti\u010dne Ziener mu\u0161ke biciklisti\u010dke kratke hla\u010de s X-FUNCTION umetkom. Podesivi struk. Kratke hla\u010de imaju tri d\u017eepa, jedan d\u017eep se zatvara patentnim zatvara\u010dem. Pru\u017eaju udobnost tijekom vo\u017enje bicikla.<\/p>","protected":false},"excerpt":{"rendered":"<p>Mu\u0161ke biciklisti\u010dke kratke hla\u010de s visokokvalitetnim X-FUNCTION umetkom<\/p>","protected":false},"featured_media":12050,"template":"","meta":{"_acf_changed":false,"inline_featured_image":false,"_monsterinsights_skip_tracking":false,"_monsterinsights_sitenote_active":false,"_monsterinsights_sitenote_note":"","_monsterinsights_sitenote_category":0},"product_brand":[682],"product_cat":[623],"product_tag":[2134,2158,2132,2155,2154,1200,2157,2159],"class_list":{"0":"post-12046","1":"product","2":"type-product","3":"status-publish","4":"has-post-thumbnail","6":"product_brand-ziener","7":"product_cat-moske-hlace","8":"product_tag-hlace","9":"product_tag-hlace-niw-x-function","10":"product_tag-kolesarske-hlace","11":"product_tag-kolesarske-hlace-ziener","12":"product_tag-moske-hlace","13":"product_tag-moski","14":"product_tag-ziener-moske-hlace-niw-x-function","15":"product_tag-ziener-niw-x-function","16":"pa_velikost-1042","18":"first","19":"instock","20":"sale","21":"taxable","22":"shipping-taxable","23":"purchasable","24":"product-type-variable"},"acf":[],"aioseo_notices":[],"_links":{"self":[{"href":"https:\/\/ritosa.click.si\/hr\/wp-json\/wp\/v2\/product\/12046","targetHints":{"allow":["GET"]}}],"collection":[{"href":"https:\/\/ritosa.click.si\/hr\/wp-json\/wp\/v2\/product"}],"about":[{"href":"https:\/\/ritosa.click.si\/hr\/wp-json\/wp\/v2\/types\/product"}],"wp:featuredmedia":[{"embeddable":true,"href":"https:\/\/ritosa.click.si\/hr\/wp-json\/wp\/v2\/media\/12050"}],"wp:attachment":[{"href":"https:\/\/ritosa.click.si\/hr\/wp-json\/wp\/v2\/media?parent=12046"}],"wp:term":[{"taxonomy":"product_brand","embeddable":true,"href":"https:\/\/ritosa.click.si\/hr\/wp-json\/wp\/v2\/product_brand?post=12046"},{"taxonomy":"product_cat","embeddable":true,"href":"https:\/\/ritosa.click.si\/hr\/wp-json\/wp\/v2\/product_cat?post=12046"},{"taxonomy":"product_tag","embeddable":true,"href":"https:\/\/ritosa.click.si\/hr\/wp-json\/wp\/v2\/product_tag?post=12046"}],"curies":[{"name":"radni list","href":"https:\/\/api.w.org\/{rel}","templated":true}]}}