{"id":12026,"date":"2023-08-07T11:36:38","date_gmt":"2023-08-07T11:36:38","guid":{"rendered":"https:\/\/ritosa.click.si\/?post_type=product&#038;p=12026"},"modified":"2026-03-23T12:42:05","modified_gmt":"2026-03-23T11:42:05","slug":"soncna-ocala-alpina-nacan-i-p","status":"publish","type":"product","link":"https:\/\/ritosa.click.si\/hr\/ducan\/biciklizam\/oprema-za-biciklizam\/kolesarska-ocala\/soncna-ocala-alpina-nacan-i-p\/","title":{"rendered":"Sun\u010dane nao\u010dale Alpina NACAN IP"},"content":{"rendered":"<p data-start=\"74\" data-end=\"253\">Moderan izgled, visokokvalitetni materijali i optimalna za\u0161tita o\u010diju: ovo je sportski stil, ovo su Nacan IP nao\u010dale, stvorene za ljude s osje\u0107ajem za stil i odva\u017ean dizajn.<\/p>\n<p data-start=\"255\" data-end=\"611\">Zahvaljuju\u0107i dvokomponentnom dizajnu okvira, Nacan IP nao\u010dale su udobne za no\u0161enje i u slobodno vrijeme i tijekom sportskih aktivnosti. Moderne Q Pol zrcalne le\u0107e pove\u0107avaju kontrast i polarizirane su, omogu\u0107uju\u0107i bolju vidljivost detalja na cesti i filtriraju\u0107i svjetlost koja se lomi kroz oblake, vodu ili led. Naravno, sa 100 % UV za\u0161titom.<\/p>\n<p data-start=\"613\" data-end=\"926\">Zna\u010dajke:<br data-start=\"627\" data-end=\"630\" \/>\u2022 Sportske nao\u010dale za slobodno vrijeme i sportske aktivnosti<br data-start=\"681\" data-end=\"684\" \/>\u2022 Pove\u0107ani kontrast i polarizacija zahvaljuju\u0107i Q Pol le\u0107ama<br data-start=\"746\" data-end=\"749\" \/>\u2022 100 % za\u0161tita od UV-A, UV-B i UV-C zraka<br data-start=\"794\" data-end=\"797\" \/>\u2022 Jasna slika bez izobli\u010denja zahvaljuju\u0107i decentraliziranim le\u0107ama<br data-start=\"856\" data-end=\"859\" \/>\u2022 Otpornost na lomljenje zahvaljuju\u0107i kerami\u010dkom materijalu le\u0107e<\/p>","protected":false},"excerpt":{"rendered":"<p>Kul izgled u kombinaciji s kvalitetnim materijalima i optimalnom za\u0161titom o\u010diju, to su nove Alpina NACAN IP nao\u010dale, izra\u0111ene za mu\u0161karce sa stilom. Nao\u010dale su namijenjene za slobodno vrijeme, kao i za sportske aktivnosti. Le\u0107a na Nacan IP nao\u010dalama je polarizirana, \u0161to zna\u010di da pove\u0107ava kontrast slike. Gledanje s polariziranim nao\u010dalama je stoga ugodnije, o\u010di se opu\u0161taju.<\/p>","protected":false},"featured_media":12027,"template":"","meta":{"_acf_changed":false,"inline_featured_image":false},"product_brand":[678],"product_cat":[526],"product_tag":[1126,2048,1200,2019,2016,2047],"class_list":{"0":"post-12026","1":"product","2":"type-product","3":"status-publish","4":"has-post-thumbnail","6":"product_brand-alpina","7":"product_cat-kolesarska-ocala","8":"product_tag-alpina-2","9":"product_tag-alpina-nacan-i-p","10":"product_tag-moski","11":"product_tag-soncna-ocala","12":"product_tag-soncna-ocala-alpina","13":"product_tag-soncna-ocala-alpina-nacan-i-p","15":"first","16":"instock","17":"sale","18":"taxable","19":"shipping-taxable","20":"purchasable","21":"product-type-simple"},"acf":[],"_links":{"self":[{"href":"https:\/\/ritosa.click.si\/hr\/wp-json\/wp\/v2\/product\/12026","targetHints":{"allow":["GET"]}}],"collection":[{"href":"https:\/\/ritosa.click.si\/hr\/wp-json\/wp\/v2\/product"}],"about":[{"href":"https:\/\/ritosa.click.si\/hr\/wp-json\/wp\/v2\/types\/product"}],"wp:featuredmedia":[{"embeddable":true,"href":"https:\/\/ritosa.click.si\/hr\/wp-json\/wp\/v2\/media\/12027"}],"wp:attachment":[{"href":"https:\/\/ritosa.click.si\/hr\/wp-json\/wp\/v2\/media?parent=12026"}],"wp:term":[{"taxonomy":"product_brand","embeddable":true,"href":"https:\/\/ritosa.click.si\/hr\/wp-json\/wp\/v2\/product_brand?post=12026"},{"taxonomy":"product_cat","embeddable":true,"href":"https:\/\/ritosa.click.si\/hr\/wp-json\/wp\/v2\/product_cat?post=12026"},{"taxonomy":"product_tag","embeddable":true,"href":"https:\/\/ritosa.click.si\/hr\/wp-json\/wp\/v2\/product_tag?post=12026"}],"curies":[{"name":"radni list","href":"https:\/\/api.w.org\/{rel}","templated":true}]}}