{"id":12009,"date":"2023-07-18T14:54:21","date_gmt":"2023-07-18T14:54:21","guid":{"rendered":"https:\/\/ritosa.click.si\/?post_type=product&#038;p=12009"},"modified":"2026-03-22T17:08:40","modified_gmt":"2026-03-22T16:08:40","slug":"cube-touring-hybrid-one-625-2025","status":"publish","type":"product","link":"https:\/\/ritosa.click.si\/hr\/ducan\/biciklizam\/kotaci\/elektricna-kolesa\/mestna-elektricna-kolesa\/cube-touring-hybrid-one-625-2025\/","title":{"rendered":"CUBE TOURING HYBRID ONE 500"},"content":{"rendered":"<p><strong>CUBE TOURING HYBRID ONE EASY ENTRY<\/strong><\/p>\n<p>Cube Touring Hybrid One 500 je treking e-kolo, ki je vsestransko, preprosto za vsakdanjo uporabo in izjemno udobno. Zmogljiv motor Bosch Performance s sistemom Bosch Smart in baterijo PowerTube 500Wh je brezhibno integriran v okvir \u2013 komaj boste opazili, da je tam, razen dodatne pomo\u010di med vo\u017enjo, seveda.<\/p>\n<p>Revidirana geometrija Efficient Comfort uklju\u010duje vilicu s ovjesom od 63 mm koja pru\u017ea udobnost i kontrolu \u010dak i na neravnim cestama. Nosa\u010d je dizajniran za jednostavan prijevoz tereta, a stezaljka cijevi sjedala uklju\u010duje prakti\u010dni imbus klju\u010d od 5 mm. S novim ACID \u0161titnikom lanca, no\u017enim nogarom i blatobranima pune duljine, imate sve \u0161to vam je potrebno za udobnu vo\u017enju gradom ili avanturu izvan grada.<\/p>\n<p><em>Najve\u0107a dopu\u0161tena ukupna te\u017eina (uklju\u010duju\u0107i te\u017einu bicikla): 140 kg<\/em><\/p>\n<h3><strong>Specifikacije<\/strong><\/h3>\n<p><strong>Motor:<\/strong> Bosch pogonska jedinica Performance Generation 3 (75 Nm) Cruise (250 W), Smart System<br \/>\n<strong>Baterija:<\/strong> Bosch Powertube 500<br \/>\n<strong>Punja\u010d:<\/strong> Bosch 2A<br \/>\n<strong>Zaslon:<\/strong> Bosch Purion 200 s integriranim zaslonom<br \/>\n<strong>Okvir:<\/strong> Aluminij Superlite, tehnologija gravitacijskog lijevanja, u\u010dinkovita udobna geometrija, potpuno integrirana baterija, cijev upravlja\u010da 1,5\u2033, integrirani nosa\u010d volana 3.0<br \/>\n<strong>Vilica:<\/strong> Opruga SR Suntour NVX30, 63 mm<br \/>\n<strong>Le\u017eaj upravlja\u010da:<\/strong> ACROS AZF-1030, gornji i donji Zero-Stack 1 1\/2\u2033 (ZS 56 mm)<br \/>\n<strong>Nosa\u010d upravlja\u010da:<\/strong> CUBE Comfort Stem Pro, 31,8 mm, podesiv<br \/>\n<strong>Volan:<\/strong> CUBE Comfort Trail volan, 700 mm<br \/>\n<strong>Ru\u010dke:<\/strong> ACID Travel Comfort<br \/>\n<strong>Zadnji mjenja\u010d:<\/strong> Shimano mjenja\u010di RD-U4000-GS, 9 brzina<br \/>\n<strong>Ru\u010dica mjenja\u010da:<\/strong> Shimano \u0161tapovi SL-U4010, Rapidfire-Plus<br \/>\n<strong>Ko\u010dnice:<\/strong> Shimano BR-MT200, hidrauli\u010dne disk ko\u010dnice (180\/180 mm)<br \/>\n<strong>Pogon:<\/strong> ACID Trekking hibrid, 40T<br \/>\n<strong>Pedale:<\/strong> ACID PP MTB<br \/>\n<strong>Lanac:<\/strong> KMC eGlide<br \/>\n<strong>Kaseta:<\/strong> Shimano Deore CS-LG300, 11-46T<br \/>\n<strong>Prednji pesto:<\/strong> Shimano HB-QC300, QR, Centerlock<br \/>\n<strong>Zadnji pesto:<\/strong> Shimano FH-QC300-HM, QR, Centerlock<br \/>\n<strong>Kola:<\/strong> CUBE EX25, 32 rupe, disk, spremni za tubeless<br \/>\n<strong>Gume:<\/strong> Schwalbe Big Apple, Active, 55-622<br \/>\n<strong>Sjedalo:<\/strong> ACID Sequence Pro Plus<br \/>\n<strong>Potpora sjedala:<\/strong> CUBE Performance stup, 30,9 mm<br \/>\n<strong>Prednje svjetlo:<\/strong> ACID prednje svjetlo PRO-E 60, 12V, DC<br \/>\n<strong>Zadnje svjetlo:<\/strong> ACID Stra\u017enje svjetlo za blatobran PRO-E, 12 V, DC<br \/>\n<strong>Zvon\u010di\u0107:<\/strong> Lako zvono<br \/>\n<strong>Blatobrani:<\/strong> ACID 65 nosa\u010d za kuglice<br \/>\n<strong>Prtlja\u017enik:<\/strong> ACID poluintegrirani, kompatibilan s ACID RILink adapterom<br \/>\n<strong>\u0160apa:<\/strong> ACID FM Pure stalak<br \/>\n<strong>Te\u017eina:<\/strong> 27,3 kg<\/p>","protected":false},"excerpt":{"rendered":"<p>Elektri\u010dno kolo Cube Touring Hybrid One 500 Deepsea &#8216;n&#8217; Chrome &#8211; Easy Entry<\/p>\n<p><span style=\"color: #2c9ffd\">MOGU\u0106NOST PRIJAVE ZA DODATNE SUBVENCIJE -25%<\/span><\/p>","protected":false},"featured_media":12014,"template":"","meta":{"_acf_changed":false,"inline_featured_image":false},"product_brand":[1192],"product_cat":[630,649],"product_tag":[],"class_list":{"0":"post-12009","1":"product","2":"type-product","3":"status-publish","4":"has-post-thumbnail","6":"product_brand-cube","7":"product_cat-mestna-elektricna-kolesa","8":"product_cat-treking-elektricna-kolesa","9":"pa_velikost-1090","11":"first","12":"instock","13":"sale","14":"taxable","15":"shipping-taxable","16":"purchasable","17":"product-type-variable"},"acf":[],"_links":{"self":[{"href":"https:\/\/ritosa.click.si\/hr\/wp-json\/wp\/v2\/product\/12009","targetHints":{"allow":["GET"]}}],"collection":[{"href":"https:\/\/ritosa.click.si\/hr\/wp-json\/wp\/v2\/product"}],"about":[{"href":"https:\/\/ritosa.click.si\/hr\/wp-json\/wp\/v2\/types\/product"}],"wp:featuredmedia":[{"embeddable":true,"href":"https:\/\/ritosa.click.si\/hr\/wp-json\/wp\/v2\/media\/12014"}],"wp:attachment":[{"href":"https:\/\/ritosa.click.si\/hr\/wp-json\/wp\/v2\/media?parent=12009"}],"wp:term":[{"taxonomy":"product_brand","embeddable":true,"href":"https:\/\/ritosa.click.si\/hr\/wp-json\/wp\/v2\/product_brand?post=12009"},{"taxonomy":"product_cat","embeddable":true,"href":"https:\/\/ritosa.click.si\/hr\/wp-json\/wp\/v2\/product_cat?post=12009"},{"taxonomy":"product_tag","embeddable":true,"href":"https:\/\/ritosa.click.si\/hr\/wp-json\/wp\/v2\/product_tag?post=12009"}],"curies":[{"name":"radni list","href":"https:\/\/api.w.org\/{rel}","templated":true}]}}