{"id":11982,"date":"2023-05-30T11:25:16","date_gmt":"2023-05-30T11:25:16","guid":{"rendered":"https:\/\/ritosa.click.si\/?post_type=product&#038;p=11982"},"modified":"2026-03-13T19:28:23","modified_gmt":"2026-03-13T18:28:23","slug":"head-junior-16","status":"publish","type":"product","link":"https:\/\/ritosa.click.si\/hr\/ducan\/biciklizam\/kotaci\/djecji-bicikli-2\/16\/head-junior-16\/","title":{"rendered":"HEAD Junior 16\u201d"},"content":{"rendered":"<p><strong>TEHNI\u010cKI PODACI<\/strong><\/p>\n<ul>\n<li><strong>Okvir:<\/strong> Aluminij 6061, veli\u010dina: 24 cm, toplinski obra\u0111en<\/li>\n<li><strong>Vilice:<\/strong> Kruta, Hi-Ten<\/li>\n<li><strong>Le\u017eaj upravlja\u010da:<\/strong> Bunar 1\u2033<\/li>\n<li><strong>Pogonska osovina:<\/strong> Well CTS2-25, lan\u010danik: 28 zuba<\/li>\n<li><strong>Lanac:<\/strong> KMC Z410, 1 brzina<\/li>\n<\/ul>\n<p><strong>BICIKLI<\/strong><\/p>\n<ul>\n<li><strong>Kola:<\/strong> Remerx, 305\u00d721<\/li>\n<li><strong>Prednji pesto:<\/strong> FH206<\/li>\n<li><strong>Zadnji pesto:<\/strong> KT305<\/li>\n<li><strong>Gume:<\/strong> Poznato, 16\u00d71,75\u2033<\/li>\n<\/ul>\n<p><strong>KOMPONENTE<\/strong><\/p>\n<ul>\n<li><strong>Ko\u010dnice:<\/strong> Saccon + torpedna ko\u010dnica<\/li>\n<li><strong>Volan:<\/strong> HBC, \u0161irina: 520 mm<\/li>\n<li><strong>Nosa\u010d upravlja\u010da:<\/strong> HBC, duljina: 32 mm<\/li>\n<li><strong>Sjedalo:<\/strong> HBC<\/li>\n<li><strong>Potpora sjedala:<\/strong> HBC, duljina: 200 mm, 27,2 mm<\/li>\n<li><strong>Pedale:<\/strong> Marwi<\/li>\n<li><strong>Blatobrani:<\/strong> PM-13<\/li>\n<\/ul>","protected":false},"excerpt":{"rendered":"<p>Dje\u010dji bicikl Head Junior 16\u201d - pomo\u0107ni kota\u010di\u0107i uklju\u010deni<\/p>\n<ul>\n<li><strong>Okvir:<\/strong> Aluminij 6061, veli\u010dina: 24 cm<\/li>\n<li><strong>Vilice:<\/strong> Toga<\/li>\n<li><strong>Kota\u010di:<\/strong> 16\u2033<\/li>\n<li><strong>Te\u017eina:<\/strong> 8,9 kg<\/li>\n<\/ul>","protected":false},"featured_media":11983,"template":"","meta":{"_acf_changed":false,"inline_featured_image":false},"product_brand":[1193],"product_cat":[645],"product_tag":[1198,1202,1007],"class_list":{"0":"post-11982","1":"product","2":"type-product","3":"status-publish","4":"has-post-thumbnail","6":"product_brand-head","7":"product_cat-645","8":"product_tag-otroci","9":"product_tag-otroska-kolesa","10":"product_tag-otrosko-kolo","12":"first","13":"instock","14":"sale","15":"taxable","16":"shipping-taxable","17":"purchasable","18":"product-type-simple"},"acf":[],"_links":{"self":[{"href":"https:\/\/ritosa.click.si\/hr\/wp-json\/wp\/v2\/product\/11982","targetHints":{"allow":["GET"]}}],"collection":[{"href":"https:\/\/ritosa.click.si\/hr\/wp-json\/wp\/v2\/product"}],"about":[{"href":"https:\/\/ritosa.click.si\/hr\/wp-json\/wp\/v2\/types\/product"}],"wp:featuredmedia":[{"embeddable":true,"href":"https:\/\/ritosa.click.si\/hr\/wp-json\/wp\/v2\/media\/11983"}],"wp:attachment":[{"href":"https:\/\/ritosa.click.si\/hr\/wp-json\/wp\/v2\/media?parent=11982"}],"wp:term":[{"taxonomy":"product_brand","embeddable":true,"href":"https:\/\/ritosa.click.si\/hr\/wp-json\/wp\/v2\/product_brand?post=11982"},{"taxonomy":"product_cat","embeddable":true,"href":"https:\/\/ritosa.click.si\/hr\/wp-json\/wp\/v2\/product_cat?post=11982"},{"taxonomy":"product_tag","embeddable":true,"href":"https:\/\/ritosa.click.si\/hr\/wp-json\/wp\/v2\/product_tag?post=11982"}],"curies":[{"name":"radni list","href":"https:\/\/api.w.org\/{rel}","templated":true}]}}