{"id":11963,"date":"2023-05-10T11:43:36","date_gmt":"2023-05-10T11:43:36","guid":{"rendered":"https:\/\/ritosa.click.si\/?post_type=product&#038;p=11963"},"modified":"2026-03-30T09:03:06","modified_gmt":"2026-03-30T07:03:06","slug":"hodulja-z-4-kolesi-rolator-r78it","status":"publish","type":"product","link":"https:\/\/ritosa.click.si\/hr\/ducan\/invalidski-pripomocki\/pripomocki\/hodulja-z-4-kolesi-rolator-r78it\/","title":{"rendered":"Hodalica Invacare Dolomite Brass"},"content":{"rendered":"<ul>\n<li><span class=\"T286Pc\" data-sfc-cp=\"\" data-sfc-root=\"c\" data-sfc-cb=\"\" data-complete=\"true\">Lagani aluminijski okvir, te\u017eak pribli\u017eno 7 kg, \u0161to omogu\u0107ava jednostavno podizanje i transport.<\/span><\/li>\n<li><span class=\"T286Pc\" data-sfc-cp=\"\" data-sfc-root=\"c\" data-sfc-cb=\"\" data-complete=\"true\">Podesive ru\u010dke: Ergonomske ru\u010dke podesive su po visini od 815 mm do 995 mm, \u0161to omogu\u0107ava prilagodbu razli\u010ditim korisnicima.<\/span><\/li>\n<li><span class=\"T286Pc\" data-sfc-cp=\"\" data-sfc-root=\"c\" data-sfc-cb=\"\" data-complete=\"true\">Sjedalo i spremi\u0161te: Uklju\u010duje tapecirano sjedalo za odmor, koje se mo\u017ee podi\u0107i, a ispod njega je uklonjiva tekstilna ko\u0161ara za kupovinu.<\/span><\/li>\n<li><span class=\"T286Pc\" data-sfc-cp=\"\" data-sfc-root=\"c\" data-sfc-cb=\"\" data-complete=\"true\">Ko\u010dioni sustav: Opremljen je jednostavnim ko\u010dnicama na kabel, koje uklju\u010duju funkciju parkirne ko\u010dnice za sigurnost dok sjedite.<\/span><\/li>\n<li><span class=\"T286Pc\" data-sfc-cp=\"\" data-sfc-root=\"c\" data-sfc-cb=\"\" data-complete=\"true\">Standardna oprema: U osnovnoj opremi uklju\u010duje dr\u017ea\u010d za \u0161take i pomo\u0107 za savladavanje rubnika.<\/span><\/li>\n<\/ul>\n<p>Tehni\u010dke specifikacije:<\/p>\n<ul>\n<li>Maksimalna te\u017eina korisnika: 135 kg<\/li>\n<li>Ukupna \u0161irina: 640 mm<\/li>\n<li>Visina sjedala: 566 mm<\/li>\n<li>\u0160irina izme\u0111u ru\u010dki: 486 mm<\/li>\n<li>\u0160irina sklopljenog rolera: 195 mm<\/li>\n<\/ul>","protected":false},"excerpt":{"rendered":"<div data-subtree=\"aimfl\" data-sfc-root=\"c\" data-sfc-cb=\"\" data-complete=\"true\" data-processed=\"true\">Invacare Dolomite Brass je lagani aluminijski hodalni ure\u0111aj na kota\u010dima, dizajniran za svakodnevnu upotrebu u zatvorenim prostorima i na otvorenom.<\/div>","protected":false},"featured_media":22158,"template":"","meta":{"_acf_changed":false,"inline_featured_image":false,"_monsterinsights_skip_tracking":false,"_monsterinsights_sitenote_active":false,"_monsterinsights_sitenote_note":"","_monsterinsights_sitenote_category":0},"product_brand":[686],"product_cat":[544],"product_tag":[],"class_list":{"0":"post-11963","1":"product","2":"type-product","3":"status-publish","4":"has-post-thumbnail","6":"product_brand-invacare","7":"product_cat-pripomocki","9":"first","10":"instock","11":"sale","12":"taxable","13":"shipping-taxable","14":"purchasable","15":"product-type-simple"},"acf":[],"aioseo_notices":[],"_links":{"self":[{"href":"https:\/\/ritosa.click.si\/hr\/wp-json\/wp\/v2\/product\/11963","targetHints":{"allow":["GET"]}}],"collection":[{"href":"https:\/\/ritosa.click.si\/hr\/wp-json\/wp\/v2\/product"}],"about":[{"href":"https:\/\/ritosa.click.si\/hr\/wp-json\/wp\/v2\/types\/product"}],"wp:featuredmedia":[{"embeddable":true,"href":"https:\/\/ritosa.click.si\/hr\/wp-json\/wp\/v2\/media\/22158"}],"wp:attachment":[{"href":"https:\/\/ritosa.click.si\/hr\/wp-json\/wp\/v2\/media?parent=11963"}],"wp:term":[{"taxonomy":"product_brand","embeddable":true,"href":"https:\/\/ritosa.click.si\/hr\/wp-json\/wp\/v2\/product_brand?post=11963"},{"taxonomy":"product_cat","embeddable":true,"href":"https:\/\/ritosa.click.si\/hr\/wp-json\/wp\/v2\/product_cat?post=11963"},{"taxonomy":"product_tag","embeddable":true,"href":"https:\/\/ritosa.click.si\/hr\/wp-json\/wp\/v2\/product_tag?post=11963"}],"curies":[{"name":"radni list","href":"https:\/\/api.w.org\/{rel}","templated":true}]}}