{"id":11910,"date":"2023-03-27T15:36:14","date_gmt":"2023-03-27T15:36:14","guid":{"rendered":"https:\/\/ritosa.click.si\/?post_type=product&#038;p=11910"},"modified":"2026-03-14T16:19:17","modified_gmt":"2026-03-14T15:19:17","slug":"bmx-haro-downtown-dlx","status":"publish","type":"product","link":"https:\/\/ritosa.click.si\/hr\/ducan\/biciklizam\/kotaci\/bmx-kolesa\/bmx-haro-downtown-dlx\/","title":{"rendered":"BMX HARO DOWNTOWN DLX \u2013 zelen"},"content":{"rendered":"<div id=\"tab6\" class=\"tab-pane active\">\n<div class=\"podrobno_podrobniopis\">\n<p>Model Downtown DLX opremljen je prednjim i stra\u017enjim ko\u010dnicama, \u010detiri pedale (peg) i Gyro sustavom ispod upravlja\u010da za beskrajne &quot;okrete&quot;. Izvrstan bicikl za lokalnu pump-track stazu ili park. Opremljen je Haro-ovim trodijelnim, 8-zup\u010dastim Cr-Mo pogonom i novim Haro LaMesa gumama \u0161irine 2,4\u2033.<\/p>\n<p>Veli\u010dina: 20,5\u201d (za bicikliste visine 150 \u2013 180 cm)<\/p>\n<p>Zna\u010dajke:<br \/>\n\u2013 Okvir i vilica izra\u0111eni od visoko izdr\u017eljivog Hi-Ten \u010delika<br \/>\n\u2013 Radilica, 3-dijelna, 8 \u017eljebova, Cr-Mo 25T<br \/>\n\u2013 Standardna osovina donjeg dijela MID<br \/>\n\u2013 Stra\u017enji lan\u010danik 9T<br \/>\n\u2013 Sjekira s gornjim punjenjem<br \/>\n\u2013 \u0160iroke gume 20 x 2.4<br \/>\n\u2013 Te\u017eina: 14 kg<\/p>\n<p>* Pedale (pegi) uklju\u010dene<\/p>\n<\/div>\n<\/div>","protected":false},"excerpt":{"rendered":"<p>Model Downtown DLX opremljen je prednjim i stra\u017enjim ko\u010dnicama, \u010detiri pedale (peg) i Gyro sustavom ispod upravlja\u010da za beskrajne &quot;okrete&quot;. Izvrstan bicikl za lokalnu pump-track stazu ili park. Opremljen je Haro-ovim trodijelnim, 8-zup\u010dastim Cr-Mo pogonom i novim Haro LaMesa gumama \u0161irine 2,4\u2033.<\/p>\n<p>Veli\u010dina: 20,5\u201d (za bicikliste visine 150 \u2013 180 cm)<\/p>","protected":false},"featured_media":11911,"template":"","meta":{"_acf_changed":false,"inline_featured_image":false},"product_brand":[690],"product_cat":[497],"product_tag":[],"class_list":{"0":"post-11910","1":"product","2":"type-product","3":"status-publish","4":"has-post-thumbnail","6":"product_brand-haro","7":"product_cat-bmx-kolesa","9":"first","10":"onbackorder","11":"sale","12":"taxable","13":"shipping-taxable","14":"purchasable","15":"product-type-simple"},"acf":[],"_links":{"self":[{"href":"https:\/\/ritosa.click.si\/hr\/wp-json\/wp\/v2\/product\/11910","targetHints":{"allow":["GET"]}}],"collection":[{"href":"https:\/\/ritosa.click.si\/hr\/wp-json\/wp\/v2\/product"}],"about":[{"href":"https:\/\/ritosa.click.si\/hr\/wp-json\/wp\/v2\/types\/product"}],"wp:featuredmedia":[{"embeddable":true,"href":"https:\/\/ritosa.click.si\/hr\/wp-json\/wp\/v2\/media\/11911"}],"wp:attachment":[{"href":"https:\/\/ritosa.click.si\/hr\/wp-json\/wp\/v2\/media?parent=11910"}],"wp:term":[{"taxonomy":"product_brand","embeddable":true,"href":"https:\/\/ritosa.click.si\/hr\/wp-json\/wp\/v2\/product_brand?post=11910"},{"taxonomy":"product_cat","embeddable":true,"href":"https:\/\/ritosa.click.si\/hr\/wp-json\/wp\/v2\/product_cat?post=11910"},{"taxonomy":"product_tag","embeddable":true,"href":"https:\/\/ritosa.click.si\/hr\/wp-json\/wp\/v2\/product_tag?post=11910"}],"curies":[{"name":"radni list","href":"https:\/\/api.w.org\/{rel}","templated":true}]}}