{"id":11904,"date":"2023-03-27T15:22:01","date_gmt":"2023-03-27T15:22:01","guid":{"rendered":"https:\/\/ritosa.click.si\/?post_type=product&#038;p=11904"},"modified":"2026-03-14T16:25:12","modified_gmt":"2026-03-14T15:25:12","slug":"bmx-mongoose-legion-l40-2","status":"publish","type":"product","link":"https:\/\/ritosa.click.si\/hr\/ducan\/biciklizam\/kotaci\/bmx-kolesa\/bmx-mongoose-legion-l40-2\/","title":{"rendered":"BMX Mongoose Legion L40"},"content":{"rendered":"<div id=\"tab6\" class=\"tab-pane active\">\n<div class=\"podrobno_podrobniopis\">\n<div class=\"detail_tehspec\">\n<div class=\"detail_tehspec_row\">\n<div class=\"detail_tehspectxt\">Okvir:<\/div>\n<div class=\"detail_tehspecvalue\">Hi-Ten \u010delik, BMX freestyle geometrija, integrirani le\u017eaj, \u0161koljka srednjeg BB-a<\/div>\n<\/div>\n<div class=\"detail_tehspec_row\">\n<div class=\"detail_tehspectxt\">Vilice:<\/div>\n<div class=\"detail_tehspecvalue\">Hi-Ten \u010delik<\/div>\n<\/div>\n<div class=\"detail_tehspec_row\">\n<div class=\"detail_tehspectxt\">Pogonska osovina:<\/div>\n<div class=\"detail_tehspecvalue\">3-dijelni, cjevasti krom-molibdenski, \u010deli\u010dni lan\u010danik 25T<\/div>\n<\/div>\n<div class=\"detail_tehspec_row\">\n<div class=\"detail_tehspectxt\">Lanac:<\/div>\n<div class=\"detail_tehspecvalue\">KMC S1<\/div>\n<\/div>\n<div class=\"detail_tehspec_row\">\n<div class=\"detail_tehspectxt\">Le\u017eaj pogona:<\/div>\n<div class=\"detail_tehspecvalue\">Srednje zatvoreni le\u017eaj, vreteno s 8 utora<\/div>\n<\/div>\n<div class=\"detail_tehspec_row\">\n<div class=\"detail_tehspectxt\">Kaseta:<\/div>\n<div class=\"detail_tehspecvalue\">Jednobrzinski, 9T kasetofon<\/div>\n<\/div>\n<div class=\"detail_tehspec_row\">\n<div class=\"detail_tehspectxt\">Kola:<\/div>\n<div class=\"detail_tehspecvalue\">Aluminijska jednoslojna stijenka, unutarnji promjer 24 mm, visina 36 mm<\/div>\n<\/div>\n<div class=\"detail_tehspec_row\">\n<div class=\"detail_tehspectxt\">Prednja glav\u010dina:<\/div>\n<div class=\"detail_tehspecvalue\">\u010celik, kugli\u010dni le\u017eaj, osovina od 3\/8 in\u010da, 36H<\/div>\n<\/div>\n<div class=\"detail_tehspec_row\">\n<div class=\"detail_tehspectxt\">Stra\u017enja glav\u010dina:<\/div>\n<div class=\"detail_tehspecvalue\">\u010celik, kaseta sa zatvorenim le\u017eajevima, osovina 14 mm, 36H<\/div>\n<\/div>\n<div class=\"detail_tehspec_row\">\n<div class=\"detail_tehspectxt\">\u017dbice:<\/div>\n<div class=\"detail_tehspecvalue\">14G, \u010delik, crni<\/div>\n<\/div>\n<div class=\"detail_tehspec_row\">\n<div class=\"detail_tehspectxt\">Gume:<\/div>\n<div class=\"detail_tehspecvalue\">50 cm x 6,3 cm, \u017ei\u010dana perla<\/div>\n<\/div>\n<div class=\"detail_tehspec_row\">\n<div class=\"detail_tehspectxt\">Pedale:<\/div>\n<div class=\"detail_tehspecvalue\">Mungos, najlon<\/div>\n<\/div>\n<div class=\"detail_tehspec_row\">\n<div class=\"detail_tehspectxt\">Ko\u010dnice:<\/div>\n<div class=\"detail_tehspecvalue\">U-ko\u010dnica, aluminijska<\/div>\n<\/div>\n<div class=\"detail_tehspec_row\">\n<div class=\"detail_tehspectxt\">Volan:<\/div>\n<div class=\"detail_tehspecvalue\">Mongoose, Hi-Ten \u010delik, \u0161irina 28 in\u010da, visina 8 in\u010da<\/div>\n<\/div>\n<div class=\"detail_tehspec_row\">\n<div class=\"detail_tehspectxt\">Pogonska osovina:<\/div>\n<div class=\"detail_tehspecvalue\">Mongoose, beznavojno gornje punjenje, 50 mm<\/div>\n<\/div>\n<div class=\"detail_tehspec_row\">\n<div class=\"detail_tehspectxt\">Le\u017eaj upravlja\u010da:<\/div>\n<div class=\"detail_tehspecvalue\">Bez navoja, integrirani ulo\u017eak le\u017eaja 1-1\/8\u201d,<\/div>\n<\/div>\n<div class=\"detail_tehspec_row\">\n<div class=\"detail_tehspectxt\">Potpora sjedala:<\/div>\n<div class=\"detail_tehspecvalue\">\u010celik, 250 mm, 25,4 mm<\/div>\n<\/div>\n<div class=\"detail_tehspec_row\">\n<div class=\"detail_tehspectxt\">Sjedalo:<\/div>\n<div class=\"detail_tehspecvalue\">Mongoose Unifier, \u0161ine od 1 komada<\/div>\n<\/div>\n<div class=\"detail_tehspec_row\">\n<div class=\"detail_tehspectxt\">Ru\u010dke:<\/div>\n<div class=\"detail_tehspecvalue\">Mungos gljiva XL, 160 mm<\/div>\n<\/div>\n<\/div>\n<\/div>\n<\/div>","protected":false},"excerpt":{"rendered":"<p>BMX Mongoose Legion L40<\/p>","protected":false},"featured_media":11905,"template":"","meta":{"_acf_changed":false,"inline_featured_image":false,"_monsterinsights_skip_tracking":false,"_monsterinsights_sitenote_active":false,"_monsterinsights_sitenote_note":"","_monsterinsights_sitenote_category":0},"product_brand":[2270],"product_cat":[497],"product_tag":[],"class_list":{"0":"post-11904","1":"product","2":"type-product","3":"status-publish","4":"has-post-thumbnail","6":"product_brand-mongoose","7":"product_cat-bmx-kolesa","9":"first","10":"onbackorder","11":"sale","12":"taxable","13":"shipping-taxable","14":"purchasable","15":"product-type-simple"},"acf":[],"aioseo_notices":[],"_links":{"self":[{"href":"https:\/\/ritosa.click.si\/hr\/wp-json\/wp\/v2\/product\/11904","targetHints":{"allow":["GET"]}}],"collection":[{"href":"https:\/\/ritosa.click.si\/hr\/wp-json\/wp\/v2\/product"}],"about":[{"href":"https:\/\/ritosa.click.si\/hr\/wp-json\/wp\/v2\/types\/product"}],"wp:featuredmedia":[{"embeddable":true,"href":"https:\/\/ritosa.click.si\/hr\/wp-json\/wp\/v2\/media\/11905"}],"wp:attachment":[{"href":"https:\/\/ritosa.click.si\/hr\/wp-json\/wp\/v2\/media?parent=11904"}],"wp:term":[{"taxonomy":"product_brand","embeddable":true,"href":"https:\/\/ritosa.click.si\/hr\/wp-json\/wp\/v2\/product_brand?post=11904"},{"taxonomy":"product_cat","embeddable":true,"href":"https:\/\/ritosa.click.si\/hr\/wp-json\/wp\/v2\/product_cat?post=11904"},{"taxonomy":"product_tag","embeddable":true,"href":"https:\/\/ritosa.click.si\/hr\/wp-json\/wp\/v2\/product_tag?post=11904"}],"curies":[{"name":"radni list","href":"https:\/\/api.w.org\/{rel}","templated":true}]}}