{"id":11898,"date":"2023-03-23T15:27:53","date_gmt":"2023-03-23T15:27:53","guid":{"rendered":"https:\/\/ritosa.click.si\/?post_type=product&#038;p=11898"},"modified":"2026-03-10T10:49:24","modified_gmt":"2026-03-10T09:49:24","slug":"nosilec-koles-za-vlecno-kljuko-peruzzo-zephyr-3-e-kolesa","status":"publish","type":"product","link":"https:\/\/ritosa.click.si\/hr\/ducan\/biciklizam\/nosilci-koles\/za-avto\/nosilec-koles-za-vlecno-kljuko-peruzzo-zephyr-3-e-kolesa\/","title":{"rendered":"Nosa\u010d bicikla za vu\u010dnu kuku Peruzzo ZEPHYR 3 E-bicikla"},"content":{"rendered":"<p>Novi nosa\u010d bicikala za vu\u010dnu kuku Zephyr dizajniran je za rastu\u0107u potra\u017enju za elektri\u010dnim biciklima.<\/p>\n<p>\u26a0\ufe0f <strong>PA\u017dNJA:<\/strong> Nije mogu\u0107e otvoriti prtlja\u017enik kombija.<\/p>\n<h3><strong>Opis:<\/strong><\/h3>\n<p>Prijevoznik <strong>Zefir<\/strong> nudi mnoge prednosti koje ga \u010dine neizostavnim dodatkom za prijevoz elektri\u010dnih bicikala:<\/p>\n<ul>\n<li>Nosa\u010d se mo\u017ee pretvoriti u verziju s pogonom na sva \u010detiri kota\u010da kupnjom dodatnog artikla 873.<\/li>\n<li>Dodatni prostor izme\u0111u nosa\u010da za bicikle olak\u0161ava utovar elektri\u010dnih bicikala<\/li>\n<li>Maksimalna ukupna nosivost: <strong>60 kg<\/strong><\/li>\n<li>Uklju\u010dena rampa za jednostavan utovar bicikala, nema potrebe za podizanjem te\u0161kih bicikala<\/li>\n<li>Nagibni mehanizam za jednostavno punjenje pomo\u0107u jednostavne no\u017ene pedale<\/li>\n<li>Opremljen nosa\u010dima za sve bicikle<\/li>\n<li>Sustav brzog otpu\u0161tanja za jednostavno pri\u010dvr\u0161\u0107ivanje<\/li>\n<li>Uklju\u010duje bravu nosa\u010da vu\u010dne kuke i prekida\u010de za bravu svih kota\u010da<\/li>\n<li>Trake s \u010degrtaljkom i gumenom za\u0161titom na kontaktima kota\u010da<\/li>\n<\/ul>\n<h3><strong>Tehni\u010dki podaci:<\/strong><\/h3>\n<ul>\n<li>Maksimalan broj bicikala: 3 e-bicikla ili 4 standardna bicikla (uz dodatni \u010dlanak 873)<\/li>\n<li>Materijal: <strong>Aluminij<\/strong><\/li>\n<li>Boja: Arkti\u010dka siva<\/li>\n<li>Maksimalna ukupna nosivost (kg): 60<\/li>\n<li>Pri\u010dvr\u0161\u0107ivanje kota\u010da: Okvir i kota\u010d<\/li>\n<li>Maksimalna veli\u010dina okvira (cm): 5<\/li>\n<li>Veli\u010dina kota\u010da (in\u010di): od 12\u2033 do 29\u2033<\/li>\n<li>Maksimalna \u0161irina gume (in\u010di): 3 (7 cm)<\/li>\n<li>Maksimalna udaljenost izme\u0111u osovina kota\u010da (cm): 130<\/li>\n<li>Razmak izme\u0111u tra\u010dnica (cm): 25 (17 cm za 4 kota\u010da)<\/li>\n<li>Sustav za\u0161tite okvira: DA<\/li>\n<li>Brava za bicikl na nosa\u010du: DA<\/li>\n<li>Zaklju\u010davanje nosa\u010da za automobil: DA<\/li>\n<li>Mehanizam nagiba: DA<\/li>\n<li>Te\u017eina proizvoda (kg): 19<\/li>\n<li>Testirano prema standardu: TUV-GS<\/li>\n<li>Potpuna europska homologacija: DA<\/li>\n<li>Pogodno za elektri\u010dne bicikle: DA<\/li>\n<li>Prikladno za fat bike: NE<\/li>\n<li>Pakiranje: Kutija<\/li>\n<li>Kompatibilno s RMC vu\u010dnim kukama: NE<\/li>\n<\/ul>","protected":false},"excerpt":{"rendered":"<p>Nosilec koles za vle\u010dno kljuko Peruzzo ZEPHYR (ALU) 3 E-kolesa.<\/p>\n<h3 style=\"color: #ff0000\"><\/h3>","protected":false},"featured_media":21270,"template":"","meta":{"_acf_changed":false,"inline_featured_image":false,"_monsterinsights_skip_tracking":false,"_monsterinsights_sitenote_active":false,"_monsterinsights_sitenote_note":"","_monsterinsights_sitenote_category":0},"product_brand":[685],"product_cat":[527],"product_tag":[1276,1286,1272,1296,1295],"class_list":{"0":"post-11898","1":"product","2":"type-product","3":"status-publish","4":"has-post-thumbnail","6":"product_brand-peruzzo","7":"product_cat-za-avto","8":"product_tag-nosilec-peruzzo","9":"product_tag-nosilec-za-3-kolesa","10":"product_tag-nosilec-za-kolo","11":"product_tag-nosilec-za-na-avto-peruzzo","12":"product_tag-nosilec-za-vlecno-kljuko","14":"first","15":"instock","16":"sale","17":"taxable","18":"shipping-taxable","19":"purchasable","20":"product-type-simple"},"acf":[],"aioseo_notices":[],"_links":{"self":[{"href":"https:\/\/ritosa.click.si\/hr\/wp-json\/wp\/v2\/product\/11898","targetHints":{"allow":["GET"]}}],"collection":[{"href":"https:\/\/ritosa.click.si\/hr\/wp-json\/wp\/v2\/product"}],"about":[{"href":"https:\/\/ritosa.click.si\/hr\/wp-json\/wp\/v2\/types\/product"}],"wp:featuredmedia":[{"embeddable":true,"href":"https:\/\/ritosa.click.si\/hr\/wp-json\/wp\/v2\/media\/21270"}],"wp:attachment":[{"href":"https:\/\/ritosa.click.si\/hr\/wp-json\/wp\/v2\/media?parent=11898"}],"wp:term":[{"taxonomy":"product_brand","embeddable":true,"href":"https:\/\/ritosa.click.si\/hr\/wp-json\/wp\/v2\/product_brand?post=11898"},{"taxonomy":"product_cat","embeddable":true,"href":"https:\/\/ritosa.click.si\/hr\/wp-json\/wp\/v2\/product_cat?post=11898"},{"taxonomy":"product_tag","embeddable":true,"href":"https:\/\/ritosa.click.si\/hr\/wp-json\/wp\/v2\/product_tag?post=11898"}],"curies":[{"name":"radni list","href":"https:\/\/api.w.org\/{rel}","templated":true}]}}