{"id":11893,"date":"2023-03-03T14:29:15","date_gmt":"2023-03-03T14:29:15","guid":{"rendered":"https:\/\/ritosa.click.si\/?post_type=product&#038;p=11893"},"modified":"2026-04-01T23:05:31","modified_gmt":"2026-04-01T21:05:31","slug":"rolerji-roces-weft-thread-w","status":"publish","type":"product","link":"https:\/\/ritosa.click.si\/hr\/ducan\/rolerji\/odrasli-rolerji\/rolerji-roces-weft-thread-w\/","title":{"rendered":"Roleri Roces WEFT THREAD W"},"content":{"rendered":"<p><span class=\"HwtZe\" lang=\"sl\" xml:lang=\"sl\"><span class=\"jCAhz ChMk0b\"><span class=\"ryNqvb\">Roles Weft Thread koturaljke imaju stvarno dobar omjer cijene i kvalitete.<\/span><\/span> <span class=\"jCAhz ChMk0b\"><span class=\"ryNqvb\">Odli\u010dan su izbor za zabavnu vje\u017ebu na otvorenom i vo\u017enju gradom.<\/span><\/span> <span class=\"jCAhz ChMk0b\"><span class=\"ryNqvb\">Roces role opremljene su visokokvalitetnom mekom papu\u010dicom.<\/span><\/span> <span class=\"jCAhz ChMk0b\"><span class=\"ryNqvb\">Mek\u0161a konstrukcija \u010dizama osigurava dobro pristajanje i udobnost.<\/span><\/span> <span class=\"jCAhz ChMk0b\"><span class=\"ryNqvb\">Rocesova potkovna nit je mala, s<\/span><\/span><span class=\"jCAhz ChMk0b\"><span class=\"ryNqvb\">Preporu\u010dujemo da odaberete jednu veli\u010dinu ve\u0107u od va\u0161e uobi\u010dajene veli\u010dine cipela.<\/span><\/span><\/span><\/p>\n<ul>\n<li><span class=\"HwtZe\" lang=\"sl\" xml:lang=\"sl\"><span class=\"jCAhz ChMk0b\"><span class=\"ryNqvb\"><span class=\"HwtZe\" lang=\"sl\" xml:lang=\"sl\"><span class=\"jCAhz ChMk0b\"><span class=\"ryNqvb\">High-Cut man\u017eeta pru\u017ea maksimalnu potporu gle\u017enju za stabilizaciju i smanjenje umora mi\u0161i\u0107a<\/span><\/span> <\/span><\/span><\/span><\/span><\/li>\n<li><span class=\"HwtZe\" lang=\"sl\" xml:lang=\"sl\"><span class=\"jCAhz ChMk0b\"><span class=\"ryNqvb\"><span class=\"HwtZe\" lang=\"sl\" xml:lang=\"sl\"><span class=\"jCAhz ChMk0b\"><span class=\"ryNqvb\">Zatvaranje Powerstrapom sprje\u010dava podizanje pete s dodatnim remenom preko rista za sigurno prianjanje i dodatnu kontrolu<\/span><\/span> <\/span><\/span><\/span><\/span><\/li>\n<li><span class=\"HwtZe\" lang=\"sl\" xml:lang=\"sl\"><span class=\"jCAhz ChMk0b\"><span class=\"ryNqvb\"><span class=\"HwtZe\" lang=\"sl\" xml:lang=\"sl\"> <span class=\"jCAhz ChMk0b\"><span class=\"ryNqvb\">Kota\u010di od 84 mm s tvrdo\u0107om 82A\u00a0<\/span><\/span> <\/span><\/span><\/span><\/span><\/li>\n<li><span class=\"HwtZe\" lang=\"sl\" xml:lang=\"sl\"><span class=\"jCAhz ChMk0b\"><span class=\"ryNqvb\"><span class=\"HwtZe\" lang=\"sl\" xml:lang=\"sl\"> <span class=\"jCAhz ChMk0b\"><span class=\"ryNqvb\">Ugra\u0111eni jastu\u010di\u0107i koji su prozra\u010dni i anatomski oblikovani<\/span><\/span> <\/span><\/span><\/span><\/span><\/li>\n<li><span class=\"HwtZe\" lang=\"sl\" xml:lang=\"sl\"><span class=\"jCAhz ChMk0b\"><span class=\"ryNqvb\"><span class=\"HwtZe\" lang=\"sl\" xml:lang=\"sl\"><span class=\"jCAhz ChMk0b\"><span class=\"ryNqvb\">Ko\u010dnica aktivirana<br \/>\n<\/span><\/span><\/span><\/span><\/span><\/span><\/li>\n<\/ul>","protected":false},"excerpt":{"rendered":"<p>Roleri za odrasle ROCES WEFT THREAD W<\/p>\n<p><span style=\"color: #d0121a\"><span class=\"jCAhz ChMk0b\">Rocesova potkovna nit je mala, s<\/span><span class=\"jCAhz ChMk0b\">preporu\u010dujemo da odaberete jednu veli\u010dinu ve\u0107u od va\u0161e uobi\u010dajene veli\u010dine cipela.<\/span><\/span><\/p>","protected":false},"featured_media":11895,"template":"","meta":{"_acf_changed":false,"inline_featured_image":false,"_monsterinsights_skip_tracking":false,"_monsterinsights_sitenote_active":false,"_monsterinsights_sitenote_note":"","_monsterinsights_sitenote_category":0},"product_brand":[684],"product_cat":[584],"product_tag":[],"class_list":{"0":"post-11893","1":"product","2":"type-product","3":"status-publish","4":"has-post-thumbnail","6":"product_brand-roces","7":"product_cat-odrasli-rolerji","8":"pa_velikost-737","9":"pa_velikost-41-2","11":"first","12":"instock","13":"sale","14":"taxable","15":"shipping-taxable","16":"purchasable","17":"product-type-variable"},"acf":[],"aioseo_notices":[],"_links":{"self":[{"href":"https:\/\/ritosa.click.si\/hr\/wp-json\/wp\/v2\/product\/11893","targetHints":{"allow":["GET"]}}],"collection":[{"href":"https:\/\/ritosa.click.si\/hr\/wp-json\/wp\/v2\/product"}],"about":[{"href":"https:\/\/ritosa.click.si\/hr\/wp-json\/wp\/v2\/types\/product"}],"wp:featuredmedia":[{"embeddable":true,"href":"https:\/\/ritosa.click.si\/hr\/wp-json\/wp\/v2\/media\/11895"}],"wp:attachment":[{"href":"https:\/\/ritosa.click.si\/hr\/wp-json\/wp\/v2\/media?parent=11893"}],"wp:term":[{"taxonomy":"product_brand","embeddable":true,"href":"https:\/\/ritosa.click.si\/hr\/wp-json\/wp\/v2\/product_brand?post=11893"},{"taxonomy":"product_cat","embeddable":true,"href":"https:\/\/ritosa.click.si\/hr\/wp-json\/wp\/v2\/product_cat?post=11893"},{"taxonomy":"product_tag","embeddable":true,"href":"https:\/\/ritosa.click.si\/hr\/wp-json\/wp\/v2\/product_tag?post=11893"}],"curies":[{"name":"radni list","href":"https:\/\/api.w.org\/{rel}","templated":true}]}}