{"id":11855,"date":"2023-02-17T13:57:27","date_gmt":"2023-02-17T13:57:27","guid":{"rendered":"https:\/\/ritosa.click.si\/?post_type=product&#038;p=11855"},"modified":"2026-03-24T18:57:39","modified_gmt":"2026-03-24T17:57:39","slug":"bh-spike-2-5-gorsko-kolo","status":"publish","type":"product","link":"https:\/\/ritosa.click.si\/hr\/ducan\/biciklizam\/kotaci\/gorska-kolesa\/bh-spike-2-5-gorsko-kolo\/","title":{"rendered":"BH Spike 2.5"},"content":{"rendered":"<div class=\"rte\">\n<div class=\"rte\">\n<div class=\"description woocommerce-product-details__short-description\">\n<p><span class=\"VIiyi\" lang=\"sl\" xml:lang=\"sl\"><span class=\"JLqJ4b ChMk0b\">BH Spike 29-in\u010dni MTB bicikl idealan je za sve bicikliste \u017eeljne avanture.<\/span> <span class=\"JLqJ4b ChMk0b\">Jedinstvena tehnologija proizvodnje koristi aluminijsku leguru 6061, \u0161to osigurava \u010dvrsto\u0107u i te\u017einu od samo 1,8 kg.<\/span> <span class=\"JLqJ4b ChMk0b\">Specifi\u010dan dizajn okvira ima du\u017ei me\u0111uosovinski razmak i nisko te\u017ei\u0161te, \u0161to pove\u0107ava stabilnost i pru\u017ea udoban osje\u0107aj tijekom vo\u017enje.<\/span> <span class=\"JLqJ4b ChMk0b\">Kota\u010di od 29 in\u010da olak\u0161avaju vo\u017enju bicikla po neravnom i kamenitom terenu, nude\u0107i udobnost i u\u010dinkovitost.<\/span> <span class=\"JLqJ4b ChMk0b\">Sna\u017ene hidrauli\u010dne disk ko\u010dnice i pouzdani Shimano pogonski sklop pru\u017eaju performanse koje svako iskustvo vo\u017enje \u010dine ugodnim na stazi ili izvan nje.<\/span><\/span><\/p>\n<\/div>\n<p><span class=\"VIiyi\" lang=\"sl\" xml:lang=\"sl\"><span class=\"JLqJ4b ChMk0b\">29\u201d Spike omogu\u0107uje vam jednostavno upravljanje biciklom na neravnom, neasfaltiranom i kamenitom terenu, jer ve\u0107i kota\u010di bolje svladavaju prepreke.<\/span><\/span><\/p>\n<p><span class=\"VIiyi\" lang=\"sl\" xml:lang=\"sl\"><span class=\"JLqJ4b ChMk0b\"><span class=\"VIiyi\" lang=\"sl\" xml:lang=\"sl\"><span class=\"JLqJ4b ChMk0b\">Izra\u0111en od aluminija 6061, \u0161to osigurava krutost i te\u017einu okvira od samo 1800 grama.<\/span><\/span> <\/span><\/span><\/p>\n<p><span class=\"VIiyi\" lang=\"sl\" xml:lang=\"sl\"><span class=\"JLqJ4b ChMk0b\"><span class=\"VIiyi\" lang=\"sl\" xml:lang=\"sl\"><span class=\"JLqJ4b ChMk0b\"><span class=\"VIiyi\" lang=\"sl\" xml:lang=\"sl\"><span class=\"JLqJ4b ChMk0b\">Njegov dizajn pru\u017ea izniman osje\u0107aj responzivnosti, dok me\u0111uosovinski razmak i ni\u017ee te\u017ei\u0161te pove\u0107avaju njegovu stabilnost.<\/span><\/span> <\/span><\/span><\/span><\/span><\/p>\n<p><span class=\"VIiyi\" lang=\"sl\" xml:lang=\"sl\"><span class=\"JLqJ4b ChMk0b\"><span class=\"VIiyi\" lang=\"sl\" xml:lang=\"sl\"><span class=\"JLqJ4b ChMk0b\"><span class=\"VIiyi\" lang=\"sl\" xml:lang=\"sl\"><span class=\"JLqJ4b ChMk0b\">Geometrija i dizajn daju Spikeu vi\u0161e performansi i ve\u0107u udobnost vo\u017enje.<\/span><\/span> <\/span><\/span><\/span><\/span><\/p>\n<p><span class=\"VIiyi\" lang=\"sl\" xml:lang=\"sl\"><span class=\"JLqJ4b ChMk0b\"><span class=\"VIiyi\" lang=\"sl\" xml:lang=\"sl\"><span class=\"JLqJ4b ChMk0b\"><span class=\"VIiyi\" lang=\"sl\" xml:lang=\"sl\"><span class=\"JLqJ4b ChMk0b\"><span class=\"VIiyi\" lang=\"sl\" xml:lang=\"sl\"><span class=\"JLqJ4b ChMk0b\">Stra\u017enji trokut je posebno razvijen za smje\u0161taj EVO sustava monta\u017ee ko\u010dnica.<\/span> <span class=\"JLqJ4b ChMk0b\">Njihov optimalni kut nagiba smanjuje vibracije i pove\u0107ava snagu ko\u010denja.<\/span><\/span> <\/span><\/span><\/span><\/span><\/span><\/span><\/p>\n<div class=\"vsf-col-lg-9 separator\">\n<div class=\"vsf-d-md-flex vsf-flex-wrap\">\n<div class=\"vsf-col-lg-3\">\n<div id=\"tab-tehnicne_informacije_tab\" class=\"tab-content resp-tab-content resp-tab-content-active\">\n<div>\n<div>\n<div>\n<div>\n<div><strong>OKVIR<\/strong><\/div>\n<div>Spike Alu 29\u2033, 135x9mm, integrirani le\u017eaj 42ACB<\/div>\n<\/div>\n<div>\n<div><strong>VILICA<\/strong><\/div>\n<div>SR Suntour XCM RLR daljinska brava 100 mm<\/div>\n<\/div>\n<\/div>\n<\/div>\n<\/div>\n<div>\n<div>\n<div>\n<div>\n<div><strong>RU\u010cICE MJENJA\u010cA<\/strong><\/div>\n<div>Shimano Deore 4100 10sp<\/div>\n<\/div>\n<div>\n<div><strong>STRA\u017dNJI MJENJA\u010c<\/strong><\/div>\n<div>Shimano Deore 5120 10sp<\/div>\n<\/div>\n<div>\n<div><strong>VOZA\u010c<\/strong><\/div>\n<div>Shimano M5100 30, 175 mm<\/div>\n<div><strong>STRA\u017dNJI LANAC<\/strong><\/div>\n<\/div>\n<div>\n<div>Shimano Deore M4100 11\/46<\/div>\n<\/div>\n<\/div>\n<\/div>\n<\/div>\n<div>\n<div>\n<div>\n<div>\n<div><strong>PREDNJA KO\u010cNICA<\/strong><\/div>\n<div>Shimano MT200 180 mm<\/div>\n<\/div>\n<div>\n<div><strong>STRA\u017dNJA KO\u010cNICA<\/strong><\/div>\n<div>Shimano MT200 160mm<\/div>\n<\/div>\n<\/div>\n<\/div>\n<\/div>\n<div>\n<div>\n<div>\n<div>\n<div><strong>KAPUT<\/strong><\/div>\n<div>Mitas Ocelot 2.35<\/div>\n<\/div>\n<div>\n<div><strong>PRSTENJE<\/strong><\/div>\n<div>Zup\u010danik, Shimano TX505 32H<\/div>\n<\/div>\n<\/div>\n<\/div>\n<\/div>\n<div>\n<div>\n<div>\n<div>\n<div><strong>UPRAVLJANJE I RUKOVANJE<\/strong><\/div>\n<div>BH<\/div>\n<\/div>\n<\/div>\n<\/div>\n<\/div>\n<\/div>\n<\/div>\n<\/div>\n<\/div>\n<\/div>\n<\/div>","protected":false},"excerpt":{"rendered":"<p>Gorsko kolo BH Spike 2.5<\/p>","protected":false},"featured_media":11856,"template":"","meta":{"_acf_changed":false,"inline_featured_image":false,"_monsterinsights_skip_tracking":false,"_monsterinsights_sitenote_active":false,"_monsterinsights_sitenote_note":"","_monsterinsights_sitenote_category":0},"product_brand":[1195],"product_cat":[488],"product_tag":[1201],"class_list":{"0":"post-11855","1":"product","2":"type-product","3":"status-publish","4":"has-post-thumbnail","6":"product_brand-bh","7":"product_cat-gorska-kolesa","8":"product_tag-outlet","9":"pa_velikost-l","11":"first","12":"instock","13":"sale","14":"taxable","15":"shipping-taxable","16":"purchasable","17":"product-type-variable"},"acf":[],"aioseo_notices":[],"_links":{"self":[{"href":"https:\/\/ritosa.click.si\/hr\/wp-json\/wp\/v2\/product\/11855","targetHints":{"allow":["GET"]}}],"collection":[{"href":"https:\/\/ritosa.click.si\/hr\/wp-json\/wp\/v2\/product"}],"about":[{"href":"https:\/\/ritosa.click.si\/hr\/wp-json\/wp\/v2\/types\/product"}],"wp:featuredmedia":[{"embeddable":true,"href":"https:\/\/ritosa.click.si\/hr\/wp-json\/wp\/v2\/media\/11856"}],"wp:attachment":[{"href":"https:\/\/ritosa.click.si\/hr\/wp-json\/wp\/v2\/media?parent=11855"}],"wp:term":[{"taxonomy":"product_brand","embeddable":true,"href":"https:\/\/ritosa.click.si\/hr\/wp-json\/wp\/v2\/product_brand?post=11855"},{"taxonomy":"product_cat","embeddable":true,"href":"https:\/\/ritosa.click.si\/hr\/wp-json\/wp\/v2\/product_cat?post=11855"},{"taxonomy":"product_tag","embeddable":true,"href":"https:\/\/ritosa.click.si\/hr\/wp-json\/wp\/v2\/product_tag?post=11855"}],"curies":[{"name":"radni list","href":"https:\/\/api.w.org\/{rel}","templated":true}]}}