{"id":11849,"date":"2023-02-16T12:57:27","date_gmt":"2023-02-16T12:57:27","guid":{"rendered":"https:\/\/ritosa.click.si\/?post_type=product&#038;p=11849"},"modified":"2026-03-24T18:57:12","modified_gmt":"2026-03-24T17:57:12","slug":"bh-lynx-trail-carbon-9-0","status":"publish","type":"product","link":"https:\/\/ritosa.click.si\/hr\/ducan\/biciklizam\/kotaci\/gorska-kolesa\/polnovzmetena-gorska-kolesa\/bh-lynx-trail-carbon-9-0\/","title":{"rendered":"BH Lynx Trail Carbon 9.0"},"content":{"rendered":"<p>Ovo je bicikl za vas ako \u017eelite okretnost, uravnote\u017eenu geometriju i puno krutosti.<\/p>\n<p>Najzabavniji brdski bicikl sada mo\u017ee biti va\u0161 \u2013 bilo koji dan u tjednu, bilo kada. Svaki dan mo\u017ee biti epski.<\/p>\n<p>Koristi tehnologiju monokoknog okvira, koja koristi visoki tlak u kalupu kako bi se postigla najvi\u0161a razina kompaktnosti i eliminira neravnomjeran tlak u okviru, \u0161to mo\u017ee uzrokovati mjehuri\u0107e i nepravilnosti. Ovaj proizvodni sustav omogu\u0107uje preciznu kontrolu i optimalnu debljinu pojedina\u010dnih dijelova okvira.<\/p>\n<p><strong>BALISTI\u010cKO SLO\u017dAVANJE UGLJIKA<\/strong><\/p>\n<p>Lynx Trail izra\u0111en je od karbona s HCIM (Hollow Core Internal Moulding) tehnologijom, koja smanjuje te\u017einu okvira i klipnja\u010de na minimum. Izra\u0111en je od karbonskih vlakana \u201eBallistic Carbon Layup\u201c, koja nude iznimnu otpornost na udarce. Okvir te\u017ei samo 2200 g.<\/p>\n<p><strong>150 mm<\/strong><\/p>\n<p>Lynx Trail nudi 150 mm hoda sa Split Pivot ovjesom za vo\u017enju po svim terenima. Odr\u017eava 100 % anti-squat za u\u010dinkovitost pogona i brake-squat za izvrsno ko\u010denje.<\/p>\n<p><strong>PREDIMENZIONIRANA GLAVNA OSOVINA ZGLOBOVA OVJESA<\/strong><\/p>\n<p>Okvir Lynx Trail pru\u017ea maksimalnu krutost zahvaljuju\u0107i pove\u0107anoj glavnoj osi ovjesa, koja optimizira krutost prednjeg i stra\u017enjeg trokuta i pove\u0107ava torzijsku krutost. Geometrija je vrlo sli\u010dna standardnom BH Lynx Trailu, s kratkom duljinom lan\u010dane vilice od samo 430 mm za dinami\u010dnu vo\u017enju i bolju kontrolu na spustovima.<\/p>\n<p><strong>SUPERBOOST 157 x 12<\/strong><\/p>\n<p>Novi Super Boost pove\u0107ava \u010dvrsto\u0107u i izdr\u017eljivost stra\u017enjeg kota\u010da pove\u0107anjem napetosti \u017eica s obje strane. Kombiniran je s kratkim lan\u010danim vlasima za bolje upravljanje na nizbrdicama i omogu\u0107uje monta\u017eu \u0161irokih guma do 2,6\u201d.<\/p>\n<table>\n<tbody>\n<tr>\n<td>Okvir<\/td>\n<td>Lynx Trail Carbon 150 mm, BC Layup, ISCG 0.5 Lite, UDH vje\u0161alica<\/td>\n<\/tr>\n<tr>\n<td>Vilica<\/td>\n<td>Fox 36 Performance Grip Kabolt 150mm Sweep Adjust<\/td>\n<\/tr>\n<tr>\n<td>Amortizer<\/td>\n<td>Fox X2 Evol LV, Performance, 190\u00d740, CM, RM, LM 40\u00d78 Aircan<\/td>\n<\/tr>\n<tr>\n<td>Ru\u010dica mjenja\u010da<\/td>\n<td>Shimano Deore 6100 12sp<\/td>\n<\/tr>\n<tr>\n<td>Stra\u017enji mjenja\u010d<\/td>\n<td>Shimano XT 8100 12 brzina<\/td>\n<\/tr>\n<tr>\n<td>Voza\u010d<\/td>\n<td>Shimano Deore 6130 SuperBoost, 32, 170 mm<\/td>\n<\/tr>\n<tr>\n<td>Lan\u010danik<\/td>\n<td>Shimano Deore 6100 10\/51<\/td>\n<\/tr>\n<tr>\n<td>Stra\u017enja ko\u010dnica<\/td>\n<td>SRAM DB8 4 klipa 180 mm<\/td>\n<\/tr>\n<tr>\n<td>Prednja ko\u010dnica<\/td>\n<td>SRAM DB8\u00a04 Pistons 180mm<\/td>\n<\/tr>\n<tr>\n<td>Prstenje<\/td>\n<td>Race Face Aeffect 30 mm, SuperBoost<\/td>\n<\/tr>\n<tr>\n<td>Vanjske gume<\/td>\n<td>Maxxis High Roller EXO, 3C, 2.35<\/td>\n<\/tr>\n<tr>\n<td>Sjedalo<\/td>\n<td>Ogrebi X8<\/td>\n<\/tr>\n<tr>\n<td>Potpora sjedala<\/td>\n<td>Race Face Aeffect 31,6 mm, 425 mm, pad od 150 mm<\/td>\n<\/tr>\n<tr>\n<td>Volan<\/td>\n<td>BH Trail Carbon, 800 mm, 10 mm porast, 9\u00ba stra\u017enji zavoj<\/td>\n<\/tr>\n<\/tbody>\n<\/table>\n<p><img fetchpriority=\"high\" decoding=\"async\" src=\"https:\/\/ritosa.si\/img\/cms\/Screenshot%202023-02-16%20at%2013-05-25%20BH%20Bikes%20BH%20Bicycles.png\" alt=\"\" width=\"1089\" height=\"525\" \/><\/p>","protected":false},"excerpt":{"rendered":"<p>BH Lynx Trail Carbon 9.0 brdski bicikl od karbona s punim ovjesom<\/p>","protected":false},"featured_media":11851,"template":"","meta":{"_acf_changed":false,"inline_featured_image":false},"product_brand":[1195],"product_cat":[571],"product_tag":[1201],"class_list":{"0":"post-11849","1":"product","2":"type-product","3":"status-publish","4":"has-post-thumbnail","6":"product_brand-bh","7":"product_cat-polnovzmetena-gorska-kolesa","8":"product_tag-outlet","9":"pa_velikost-l","11":"first","12":"instock","13":"sale","14":"taxable","15":"shipping-taxable","16":"purchasable","17":"product-type-variable"},"acf":[],"_links":{"self":[{"href":"https:\/\/ritosa.click.si\/hr\/wp-json\/wp\/v2\/product\/11849","targetHints":{"allow":["GET"]}}],"collection":[{"href":"https:\/\/ritosa.click.si\/hr\/wp-json\/wp\/v2\/product"}],"about":[{"href":"https:\/\/ritosa.click.si\/hr\/wp-json\/wp\/v2\/types\/product"}],"wp:featuredmedia":[{"embeddable":true,"href":"https:\/\/ritosa.click.si\/hr\/wp-json\/wp\/v2\/media\/11851"}],"wp:attachment":[{"href":"https:\/\/ritosa.click.si\/hr\/wp-json\/wp\/v2\/media?parent=11849"}],"wp:term":[{"taxonomy":"product_brand","embeddable":true,"href":"https:\/\/ritosa.click.si\/hr\/wp-json\/wp\/v2\/product_brand?post=11849"},{"taxonomy":"product_cat","embeddable":true,"href":"https:\/\/ritosa.click.si\/hr\/wp-json\/wp\/v2\/product_cat?post=11849"},{"taxonomy":"product_tag","embeddable":true,"href":"https:\/\/ritosa.click.si\/hr\/wp-json\/wp\/v2\/product_tag?post=11849"}],"curies":[{"name":"radni list","href":"https:\/\/api.w.org\/{rel}","templated":true}]}}