{"id":11806,"date":"2023-01-16T09:44:48","date_gmt":"2023-01-16T09:44:48","guid":{"rendered":"https:\/\/ritosa.click.si\/?post_type=product&#038;p=11806"},"modified":"2026-03-06T15:49:06","modified_gmt":"2026-03-06T14:49:06","slug":"volkl-classic-boot-bag","status":"publish","type":"product","link":"https:\/\/ritosa.click.si\/hr\/ducan\/skijanje\/smucarska-oprema\/smucarske-torbe\/volkl-classic-boot-bag\/","title":{"rendered":"V\u00f6lkl klasi\u010dna torba za pancerice"},"content":{"rendered":"<p>Klasi\u010dna torba za skija\u0161ke ili snowboard cipele marke V\u00f6lkl East prakti\u010dna je torba za va\u0161e skija\u0161ke ili snowboard cipele.<\/p>\n<p>Ova torba od 45 litara ima oja\u010dane ru\u010dke s podesivim remenima za dodatnu udobnost no\u0161enja, dvosmjerni patentni zatvara\u010d i ventiliranu ventilaciju kako bi se sprije\u010dili mirisi i nakupljanje vlage.<\/p>\n<ul>\n<li><strong>Volumen (litre):<\/strong>\u00a045<\/li>\n<li><strong>Te\u017eina (g):<\/strong>\u00a0700<\/li>\n<li><strong>Dimenzije:<\/strong>\u00a040 \u00d7 28 \u00d7 39 cm<\/li>\n<\/ul>\n<p><strong>Ostale zna\u010dajke:<\/strong><\/p>\n<ul>\n<li>Torba za skija\u0161ke\/snowboard cipele<\/li>\n<li>Bo\u010dna mre\u017easta ventilacija<\/li>\n<li>Oja\u010dane ru\u010dke<\/li>\n<li>Podesive naramenice<\/li>\n<\/ul>","protected":false},"excerpt":{"rendered":"<p>Torba za skija\u0161ke cipele \u2013 Classic Boot Bag \u2013 V\u00f6lkl<\/p>","protected":false},"featured_media":20885,"template":"","meta":{"_acf_changed":false,"inline_featured_image":false},"product_brand":[1190],"product_cat":[570],"product_tag":[],"class_list":{"0":"post-11806","1":"product","2":"type-product","3":"status-publish","4":"has-post-thumbnail","6":"product_brand-volkl","7":"product_cat-smucarske-torbe","9":"first","10":"instock","11":"sale","12":"taxable","13":"shipping-taxable","14":"purchasable","15":"product-type-simple"},"acf":[],"_links":{"self":[{"href":"https:\/\/ritosa.click.si\/hr\/wp-json\/wp\/v2\/product\/11806","targetHints":{"allow":["GET"]}}],"collection":[{"href":"https:\/\/ritosa.click.si\/hr\/wp-json\/wp\/v2\/product"}],"about":[{"href":"https:\/\/ritosa.click.si\/hr\/wp-json\/wp\/v2\/types\/product"}],"wp:featuredmedia":[{"embeddable":true,"href":"https:\/\/ritosa.click.si\/hr\/wp-json\/wp\/v2\/media\/20885"}],"wp:attachment":[{"href":"https:\/\/ritosa.click.si\/hr\/wp-json\/wp\/v2\/media?parent=11806"}],"wp:term":[{"taxonomy":"product_brand","embeddable":true,"href":"https:\/\/ritosa.click.si\/hr\/wp-json\/wp\/v2\/product_brand?post=11806"},{"taxonomy":"product_cat","embeddable":true,"href":"https:\/\/ritosa.click.si\/hr\/wp-json\/wp\/v2\/product_cat?post=11806"},{"taxonomy":"product_tag","embeddable":true,"href":"https:\/\/ritosa.click.si\/hr\/wp-json\/wp\/v2\/product_tag?post=11806"}],"curies":[{"name":"radni list","href":"https:\/\/api.w.org\/{rel}","templated":true}]}}