{"id":11797,"date":"2022-12-13T13:30:09","date_gmt":"2022-12-13T13:30:09","guid":{"rendered":"https:\/\/ritosa.click.si\/?post_type=product&#038;p=11797"},"modified":"2026-03-05T18:01:18","modified_gmt":"2026-03-05T17:01:18","slug":"elan-jett-jrs-100-120","status":"publish","type":"product","link":"https:\/\/ritosa.click.si\/hr\/ducan\/skijanje\/skije\/djecje-skije\/elan-jett-jrs-100-120\/","title":{"rendered":"Elan JETT JRS (100 \u2013 120)"},"content":{"rendered":"<div class=\"product-info-secondary__column\">\n<div class=\"product attribute overview\">\n<div class=\"value\">Ovo su najinovativnije dje\u010dje skije na tr\u017ei\u0161tu zahvaljuju\u0107i Elanovoj patentiranoj U-Flex tehnologiji. U-Flex omogu\u0107uje mladim skija\u0161ima da s lako\u0107om savijaju skiju i osjete u\u017eitak rezanja od prvih zavoja.<\/div>\n<\/div>\n<div class=\"product attribute description\">\n<div class=\"value\">Osiguravanje dovoljno mekog zavoja skija za mlade skija\u0161e bio je jedan od najve\u0107ih izazova s kojima smo se suo\u010dili posljednjih godina. Rje\u0161enje je na\u0161a nagra\u0111ivana U-Flex tehnologija. Revolucionarna konstrukcija skija pove\u0107ava zavoj skija za 25 %. To nam je omogu\u0107ilo stvaranje kompletnog skija\u0161kog seta za djecu u kombinaciji sa posebno dizajniranim skija\u0161kim cipelama izra\u0111enim od mek\u0161e i fleksibilnije plastike. Skije tako omogu\u0107uju lak\u0161e u\u010denje i br\u017ee prijelaze s ruba na rub. Grafi\u010dki prikaz Jett skija temelji se na seriji Precision.<\/div>\n<\/div>\n<\/div>\n<div class=\"pdp-attributes__collapsible allow active\">\n<div class=\"pdp-attributes__content\">\n<div class=\"pdp-attributes__sustainability\">\n<ul class=\"checkmark\">\n<li>Inovativna tehnologija za mlade skija\u0161e<\/li>\n<li>Mala te\u017eina<\/li>\n<li>Meki zavoj<\/li>\n<li>Poti\u010de brzo u\u010denje<\/li>\n<\/ul>\n<\/div>\n<\/div>\n<\/div>\n<div class=\"pdp-attributes__trigger\">\n<h3 class=\"pdp-attributes__title\">TABLICA VELI\u010cINA<\/h3>\n<\/div>\n<table class=\"pdp-attributes__size-guide\">\n<thead>\n<tr>\n<th>Visina skija\u0161a<\/th>\n<th>Duljina skija<\/th>\n<\/tr>\n<\/thead>\n<tbody>\n<tr>\n<td>100 \u2013 115 cm<\/td>\n<td>100<\/td>\n<\/tr>\n<tr>\n<td>110 \u2013 125 cm<\/td>\n<td>110<\/td>\n<\/tr>\n<tr>\n<td>120 \u2013 135 cm<\/td>\n<td>120<\/td>\n<\/tr>\n<\/tbody>\n<\/table>\n<h3>TEHNI\u010cKE INFORMACIJE<\/h3>\n<table>\n<tbody>\n<tr>\n<td><\/td>\n<td>100 cm<\/td>\n<td>110 cm<\/td>\n<td>120 cm<\/td>\n<\/tr>\n<tr>\n<td>Radij<\/td>\n<td>6.2<\/td>\n<td>7<\/td>\n<td>8.6<\/td>\n<\/tr>\n<tr>\n<td>\u0160irina vrha skije<\/td>\n<td>101<\/td>\n<td>105<\/td>\n<td>105<\/td>\n<\/tr>\n<tr>\n<td>\u0160irina sredine skije<\/td>\n<td>69<\/td>\n<td>68<\/td>\n<td>68<\/td>\n<\/tr>\n<tr>\n<td>\u0160irina repa skije<\/td>\n<td>90<\/td>\n<td>90<\/td>\n<td>90<\/td>\n<\/tr>\n<\/tbody>\n<\/table>\n<h3>DETALJI<\/h3>\n<table>\n<tbody>\n<tr>\n<td>Veza<\/td>\n<td>EL 4,5 GW CA JRS BLK \/ EL 7,5 GW CA JRS BLK<\/td>\n<\/tr>\n<tr>\n<td>Duljina\/Radij<\/td>\n<td>100 (6.2)<\/td>\n<\/tr>\n<tr>\n<td>Sustav<\/td>\n<td>Junior Shift<\/td>\n<\/tr>\n<tr>\n<td>Profil<\/td>\n<td>Early Rise Rocker<\/td>\n<\/tr>\n<tr>\n<td>Din<\/td>\n<td>0,75 \u2013 4,5 \/ 2 \u2013 7,5<\/td>\n<\/tr>\n<tr>\n<td>Tehnologija<\/td>\n<td>Stakloplastika, Synflex, U-Flex tehnologija, Full Power Cap<\/td>\n<\/tr>\n<\/tbody>\n<\/table>\n<h3 class=\"pdp-attributes__title\"><\/h3>","protected":false},"excerpt":{"rendered":"<p>Elan JETT JRS dje\u010dje skije (100 \u2013 120)<\/p>\n<p>Ovo su najinovativnije dje\u010dje skije na tr\u017ei\u0161tu zahvaljuju\u0107i Elanovoj patentiranoj U-Flex tehnologiji.<\/p>","protected":false},"featured_media":20646,"template":"","meta":{"_acf_changed":false,"inline_featured_image":false,"_monsterinsights_skip_tracking":false,"_monsterinsights_sitenote_active":false,"_monsterinsights_sitenote_note":"","_monsterinsights_sitenote_category":0},"product_brand":[677],"product_cat":[592],"product_tag":[1198],"class_list":{"0":"post-11797","1":"product","2":"type-product","3":"status-publish","4":"has-post-thumbnail","6":"product_brand-elan","7":"product_cat-otroske-smuci","8":"product_tag-otroci","9":"pa_velikost-1056","10":"pa_velikost-1050","11":"pa_velikost-120-2","13":"first","14":"instock","15":"sale","16":"taxable","17":"shipping-taxable","18":"purchasable","19":"product-type-variable"},"acf":[],"aioseo_notices":[],"_links":{"self":[{"href":"https:\/\/ritosa.click.si\/hr\/wp-json\/wp\/v2\/product\/11797","targetHints":{"allow":["GET"]}}],"collection":[{"href":"https:\/\/ritosa.click.si\/hr\/wp-json\/wp\/v2\/product"}],"about":[{"href":"https:\/\/ritosa.click.si\/hr\/wp-json\/wp\/v2\/types\/product"}],"wp:featuredmedia":[{"embeddable":true,"href":"https:\/\/ritosa.click.si\/hr\/wp-json\/wp\/v2\/media\/20646"}],"wp:attachment":[{"href":"https:\/\/ritosa.click.si\/hr\/wp-json\/wp\/v2\/media?parent=11797"}],"wp:term":[{"taxonomy":"product_brand","embeddable":true,"href":"https:\/\/ritosa.click.si\/hr\/wp-json\/wp\/v2\/product_brand?post=11797"},{"taxonomy":"product_cat","embeddable":true,"href":"https:\/\/ritosa.click.si\/hr\/wp-json\/wp\/v2\/product_cat?post=11797"},{"taxonomy":"product_tag","embeddable":true,"href":"https:\/\/ritosa.click.si\/hr\/wp-json\/wp\/v2\/product_tag?post=11797"}],"curies":[{"name":"radni list","href":"https:\/\/api.w.org\/{rel}","templated":true}]}}