{"id":11783,"date":"2022-12-02T17:37:50","date_gmt":"2022-12-02T17:37:50","guid":{"rendered":"https:\/\/ritosa.click.si\/?post_type=product&#038;p=11783"},"modified":"2026-03-07T16:03:34","modified_gmt":"2026-03-07T15:03:34","slug":"marker-squadron-jr","status":"publish","type":"product","link":"https:\/\/ritosa.click.si\/hr\/ducan\/skijanje\/smucarska-oprema\/smucarska-ocala\/otroska-smucarska-ocala\/marker-squadron-jr\/","title":{"rendered":"Marker Squadron Jr"},"content":{"rendered":"<p><span class=\"HwtZe\" lang=\"sl\" xml:lang=\"sl\"><span class=\"jCAhz ChMk0b\"><span class=\"ryNqvb\">Visokokvalitetna opcija za djecu kako bi oslobodila svoj puni potencijal.<\/span><\/span> <span class=\"jCAhz ChMk0b\"><span class=\"ryNqvb\">Superfit dizajn okvira, MarkAIR ventilacija, protuklizni silikonski remen, NMT premaz i troslojna pjena za lice su sve zna\u010dajke upakirane u ove dje\u010dje nao\u010dale.<\/span><\/span><\/span><\/p>\n<p><span class=\"HwtZe\" lang=\"sl\" xml:lang=\"sl\"><span class=\"HwtZe\" lang=\"sl\" xml:lang=\"sl\"><span class=\"jCAhz ChMk0b\"><span class=\"ryNqvb\">Le\u0107a: Zeleno zrcalo, <span class=\"array-item\">100 % UV A\/B\/C <span class=\"comma\">,<\/span><\/span><span class=\"array-item\"> Magnetska le\u0107a <span class=\"comma\">,<\/span><\/span><span class=\"array-item\"> 100% UV A\/B\/C tehnologija <span class=\"comma\">,<\/span><\/span><span class=\"array-item\"> NMT OPTIKA (tre\u0107i kapak) <\/span><br \/>\nBaza le\u0107e: Ru\u017ei\u010dasta nijansa<br \/>\nKategorija filtera: S3\/VLT 15%<br \/>\nVentilation: MarkAIR Vent System<br \/>\nVeli\u010dina nao\u010dala: Youth Fit<br \/>\nZna\u010dajke:\u00a0<span class=\"array-item\">Xdry TROSLOJNA PJENA ZA LICE <span class=\"comma\">,<\/span><\/span><span class=\"array-item\"> Superfit dizajn okvira <span class=\"comma\">,<\/span><\/span><span class=\"array-item\"> Remen za nao\u010dale od 45 mm sa silikonskim protukliznim premazom <span class=\"comma\">,<\/span><\/span><span class=\"array-item\"> Torba za nao\u010dale od mikrovlakana <\/span><\/span><\/span><\/span><\/span><\/p>","protected":false},"excerpt":{"rendered":"<p>Dje\u010dje skija\u0161ke nao\u010dale Marker Squadron Jr<\/p>","protected":false},"featured_media":11784,"template":"","meta":{"_acf_changed":false,"inline_featured_image":false},"product_brand":[2242],"product_cat":[607],"product_tag":[],"class_list":{"0":"post-11783","1":"product","2":"type-product","3":"status-publish","4":"has-post-thumbnail","6":"product_brand-marker","7":"product_cat-otroska-smucarska-ocala","9":"first","10":"instock","11":"sale","12":"taxable","13":"shipping-taxable","14":"purchasable","15":"product-type-simple"},"acf":[],"_links":{"self":[{"href":"https:\/\/ritosa.click.si\/hr\/wp-json\/wp\/v2\/product\/11783","targetHints":{"allow":["GET"]}}],"collection":[{"href":"https:\/\/ritosa.click.si\/hr\/wp-json\/wp\/v2\/product"}],"about":[{"href":"https:\/\/ritosa.click.si\/hr\/wp-json\/wp\/v2\/types\/product"}],"wp:featuredmedia":[{"embeddable":true,"href":"https:\/\/ritosa.click.si\/hr\/wp-json\/wp\/v2\/media\/11784"}],"wp:attachment":[{"href":"https:\/\/ritosa.click.si\/hr\/wp-json\/wp\/v2\/media?parent=11783"}],"wp:term":[{"taxonomy":"product_brand","embeddable":true,"href":"https:\/\/ritosa.click.si\/hr\/wp-json\/wp\/v2\/product_brand?post=11783"},{"taxonomy":"product_cat","embeddable":true,"href":"https:\/\/ritosa.click.si\/hr\/wp-json\/wp\/v2\/product_cat?post=11783"},{"taxonomy":"product_tag","embeddable":true,"href":"https:\/\/ritosa.click.si\/hr\/wp-json\/wp\/v2\/product_tag?post=11783"}],"curies":[{"name":"radni list","href":"https:\/\/api.w.org\/{rel}","templated":true}]}}