{"id":11771,"date":"2022-12-02T16:49:25","date_gmt":"2022-12-02T16:49:25","guid":{"rendered":"https:\/\/ritosa.click.si\/?post_type=product&#038;p=11771"},"modified":"2026-03-07T17:17:01","modified_gmt":"2026-03-07T16:17:01","slug":"marker-perspective-green-plasma-mirror","status":"publish","type":"product","link":"https:\/\/ritosa.click.si\/hr\/ducan\/skijanje\/smucarska-oprema\/smucarska-ocala\/odrasla-smucarska-ocala\/marker-perspective-green-plasma-mirror\/","title":{"rendered":"Marker Perspective+ White-Green Plasma Mirror"},"content":{"rendered":"<p><span class=\"HwtZe\" lang=\"sl\" xml:lang=\"sl\"><span class=\"jCAhz ChMk0b\"><span class=\"ryNqvb\">Trebate novu perspektivu?<\/span><\/span> <span class=\"jCAhz ChMk0b\"><span class=\"ryNqvb\">MARKER PERSPECTIVE imaju ekstra veliku sferi\u010dnu DUAL BIONOMIC le\u0107u s NMT premazom i SUPERFIT okvir s V-SPLIT NOSE.<\/span><\/span> <span class=\"jCAhz ChMk0b\"><span class=\"ryNqvb\">Rezultat: optimalna vidljivost, vrhunska udobnost i idealna kompenzacija kontrasta, bez obzira na vremenske uvjete.<\/span><\/span> <\/span><\/p>\n<p><span class=\"HwtZe\" lang=\"sl\" xml:lang=\"sl\"><span class=\"jCAhz ChMk0b\"><span class=\"ryNqvb\">Troslojna podstava izme\u0111u okvira nao\u010dala i skija\u0161a omogu\u0107uje da nao\u010dale prate oblik lica, osiguravaju\u0107i da nao\u010dale pravilno pristaju.<\/span><\/span> <span class=\"jCAhz ChMk0b\"><span class=\"ryNqvb\">Integracija pojasa i minimalisti\u010dkog stila daje PESPECTIVE-u opu\u0161ten izgled uz savr\u0161eno pristajanje i optimalnu ventilaciju.<\/span><\/span> <\/span><\/p>\n<p><span class=\"HwtZe\" lang=\"sl\" xml:lang=\"sl\"><span class=\"jCAhz ChMk0b\"><span class=\"ryNqvb\">Svi MARKER Plus modeli dolaze s neoprenskom kutijom i rezervnom Clarity le\u0107om za uvjete slabog osvjetljenja.<\/span><\/span><\/span><\/p>\n<p><span class=\"HwtZe\" lang=\"sl\" xml:lang=\"sl\"><span class=\"jCAhz ChMk0b\"><span class=\"ryNqvb\">Le\u0107a: Zeleno plazma ogledalo<span class=\"array-item\">; NMT OPTIKA (tre\u0107i kapak) <span class=\"comma\">,<\/span><\/span><span class=\"array-item\"> DVOSTRUKA BIONOMSKA sferi\u010dna le\u0107a <span class=\"comma\">,<\/span><\/span><span class=\"array-item\"> 100% UV A\/B\/C tehnologija <\/span><br \/>\nBaza le\u0107e: Jantarna nijansa<br \/>\nKategorija filtera: S2\/VLT 25%<br \/>\nPlus le\u0107a: Marker Clarity Mirror S1<br \/>\nVentilation: MarkAIR Vent System<br \/>\nVeli\u010dina nao\u010dala: Velika<br \/>\nZna\u010dajke: <span class=\"array-item\">Xdry TROSLOJNA PJENA ZA LICE <span class=\"comma\">,<\/span><\/span><span class=\"array-item\"> Superfit dizajn okvira <span class=\"comma\">,<\/span><\/span><span class=\"array-item\"> Remen za nao\u010dale od 45 mm sa silikonskim protukliznim premazom <span class=\"comma\">,<\/span><\/span><span class=\"array-item\"> Neoprenska kutija plus vre\u0107ica od mikrovlakana <span class=\"comma\">,<\/span><\/span><span class=\"array-item\"> Plus serija <\/span><\/span><\/span><\/span><\/p>","protected":false},"excerpt":{"rendered":"<p>Odrasla smu\u010darska o\u010dala Marker Perspective+ White-Green Plasma Mirror<\/p>","protected":false},"featured_media":11772,"template":"","meta":{"_acf_changed":false,"inline_featured_image":false},"product_brand":[2242],"product_cat":[606],"product_tag":[],"class_list":{"0":"post-11771","1":"product","2":"type-product","3":"status-publish","4":"has-post-thumbnail","6":"product_brand-marker","7":"product_cat-odrasla-smucarska-ocala","9":"first","10":"instock","11":"sale","12":"taxable","13":"shipping-taxable","14":"purchasable","15":"product-type-simple"},"acf":[],"_links":{"self":[{"href":"https:\/\/ritosa.click.si\/hr\/wp-json\/wp\/v2\/product\/11771","targetHints":{"allow":["GET"]}}],"collection":[{"href":"https:\/\/ritosa.click.si\/hr\/wp-json\/wp\/v2\/product"}],"about":[{"href":"https:\/\/ritosa.click.si\/hr\/wp-json\/wp\/v2\/types\/product"}],"wp:featuredmedia":[{"embeddable":true,"href":"https:\/\/ritosa.click.si\/hr\/wp-json\/wp\/v2\/media\/11772"}],"wp:attachment":[{"href":"https:\/\/ritosa.click.si\/hr\/wp-json\/wp\/v2\/media?parent=11771"}],"wp:term":[{"taxonomy":"product_brand","embeddable":true,"href":"https:\/\/ritosa.click.si\/hr\/wp-json\/wp\/v2\/product_brand?post=11771"},{"taxonomy":"product_cat","embeddable":true,"href":"https:\/\/ritosa.click.si\/hr\/wp-json\/wp\/v2\/product_cat?post=11771"},{"taxonomy":"product_tag","embeddable":true,"href":"https:\/\/ritosa.click.si\/hr\/wp-json\/wp\/v2\/product_tag?post=11771"}],"curies":[{"name":"radni list","href":"https:\/\/api.w.org\/{rel}","templated":true}]}}