{"id":11707,"date":"2022-11-25T14:01:32","date_gmt":"2022-11-25T14:01:32","guid":{"rendered":"https:\/\/ritosa.click.si\/?post_type=product&#038;p=11707"},"modified":"2026-03-06T13:13:49","modified_gmt":"2026-03-06T12:13:49","slug":"volkl-racetiger-jr-vmotion-4-5-100-120","status":"publish","type":"product","link":"https:\/\/ritosa.click.si\/hr\/ducan\/skijanje\/skije\/djecje-skije\/volkl-racetiger-jr-vmotion-4-5-100-120\/","title":{"rendered":"V\u00f6lkl Racetiger JR vMotion 4.5 (100)"},"content":{"rendered":"<p><span class=\"HwtZe\" lang=\"sl\" xml:lang=\"sl\"><span class=\"jCAhz ChMk0b\"><span class=\"ryNqvb\">Za najmla\u0111e natjecatelje i bolje skija\u0161e koji nisu spremni za te\u017ee modele, Racetiger JR ima GripWalk-kompatibilne Motion veze u veli\u010dinama od 80 do 160 s jednostavnom kompozitnom jezgrom i Light Tip Rocker sustavom.<\/span><\/span> Skije Racetiger JR nude <span class=\"jCAhz ChMk0b\"><span class=\"ryNqvb\">ugodna, mekana vo\u017enja za djecu dok u\u010de natjecati se.<\/span><\/span><\/span><\/p>\n<p><span class=\"HwtZe\" lang=\"sl\" xml:lang=\"sl\"><span class=\"jCAhz ChMk0b\"><span class=\"ryNqvb\"><span class=\"HwtZe\" lang=\"sl\" xml:lang=\"sl\"><span class=\"jCAhz ChMk0b\"><span class=\"ryNqvb\">Tradicionalni sustavi vezova obi\u010dno oja\u010davaju dio skije gdje se nalaze vezovi.<\/span><\/span> <span class=\"jCAhz ChMk0b\"><span class=\"ryNqvb\">Na du\u017eim skijama ovo je samo mala prepreka za pravilno izvo\u0111enje carving zavoja.<\/span><\/span> <span class=\"jCAhz ChMk0b\"><span class=\"ryNqvb\">Me\u0111utim, kod dje\u010djih modela skija ta krutost predstavlja veliko ograni\u010denje ukupne funkcionalnosti skije.<\/span><\/span> Voelklsi<span class=\"jCAhz ChMk0b\"><span class=\"ryNqvb\"> Programeri su prepoznali problem i premijerno predstavili juniorsku verziju 3Motion sustava veza za kra\u0107e skije.<\/span><\/span> <span class=\"jCAhz ChMk0b\"><span class=\"ryNqvb\">Prednost: odvajanjem pri\u010dvrsnih \u0161ina na dva dijela, juniorska verzija vi\u0161e ne ometa savijanje skije tijekom zavoja.<\/span><\/span> <span class=\"jCAhz ChMk0b\"><span class=\"ryNqvb\">Kada se skija postavi na rub, ona pravi savr\u0161enu krivinu i skijanje \u010dini jo\u0161 lak\u0161im za djecu.<\/span><\/span> <span class=\"jCAhz ChMk0b\"><span class=\"ryNqvb\">Istovremeno, 7.0 vMotion Jr. R ispunjava i sve tehni\u010dke zahtjeve za maksimalnu sigurnost.<\/span><\/span> <span class=\"jCAhz ChMk0b\"><span class=\"ryNqvb\">DIN-ISO: 2.0-7.0<\/span><\/span><\/span><\/span><\/span><\/span><\/p>\n<div class=\"specs-item row\">\n<div class=\"specs-item-label\">\n<p><strong>Rocker<\/strong><\/p>\n<\/div>\n<div class=\"specs-item-value\">\n<p>Tip Rocker<\/p>\n<\/div>\n<\/div>\n<div class=\"specs-item row\">\n<div class=\"specs-item-label\">\n<p><strong>Jezgra<\/strong><\/p>\n<\/div>\n<div class=\"specs-item-value\">\n<p>Kompozitna jezgra<\/p>\n<\/div>\n<\/div>\n<div class=\"specs-item row\">\n<div class=\"specs-item-label\">\n<p><strong>Baza<\/strong><\/p>\n<\/div>\n<div class=\"specs-item-value\">\n<p>CAP V2 \/ P-Tex 2100<\/p>\n<\/div>\n<\/div>","protected":false},"excerpt":{"rendered":"<p>Otro\u0161ke smu\u010di V\u00f6lkl Racetiger JR vMotion 4.5 (100)<\/p>","protected":false},"featured_media":11709,"template":"","meta":{"_acf_changed":false,"inline_featured_image":false},"product_brand":[1190],"product_cat":[592],"product_tag":[1198],"class_list":{"0":"post-11707","1":"product","2":"type-product","3":"status-publish","4":"has-post-thumbnail","6":"product_brand-volkl","7":"product_cat-otroske-smuci","8":"product_tag-otroci","9":"pa_velikost-1056","11":"first","12":"instock","13":"sale","14":"taxable","15":"shipping-taxable","16":"purchasable","17":"product-type-variable"},"acf":[],"_links":{"self":[{"href":"https:\/\/ritosa.click.si\/hr\/wp-json\/wp\/v2\/product\/11707","targetHints":{"allow":["GET"]}}],"collection":[{"href":"https:\/\/ritosa.click.si\/hr\/wp-json\/wp\/v2\/product"}],"about":[{"href":"https:\/\/ritosa.click.si\/hr\/wp-json\/wp\/v2\/types\/product"}],"wp:featuredmedia":[{"embeddable":true,"href":"https:\/\/ritosa.click.si\/hr\/wp-json\/wp\/v2\/media\/11709"}],"wp:attachment":[{"href":"https:\/\/ritosa.click.si\/hr\/wp-json\/wp\/v2\/media?parent=11707"}],"wp:term":[{"taxonomy":"product_brand","embeddable":true,"href":"https:\/\/ritosa.click.si\/hr\/wp-json\/wp\/v2\/product_brand?post=11707"},{"taxonomy":"product_cat","embeddable":true,"href":"https:\/\/ritosa.click.si\/hr\/wp-json\/wp\/v2\/product_cat?post=11707"},{"taxonomy":"product_tag","embeddable":true,"href":"https:\/\/ritosa.click.si\/hr\/wp-json\/wp\/v2\/product_tag?post=11707"}],"curies":[{"name":"radni list","href":"https:\/\/api.w.org\/{rel}","templated":true}]}}