{"id":11692,"date":"2022-11-16T16:45:45","date_gmt":"2022-11-16T16:45:45","guid":{"rendered":"https:\/\/ritosa.click.si\/?post_type=product&#038;p=11692"},"modified":"2026-03-05T15:31:16","modified_gmt":"2026-03-05T14:31:16","slug":"dalbello-cxr-3-0-jr","status":"publish","type":"product","link":"https:\/\/ritosa.click.si\/hr\/ducan\/skijanje\/smucarska-oprema\/smucarski-cevlji\/otroski-smucarski-cevlji\/dalbello-cxr-3-0-jr\/","title":{"rendered":"Dalbello CXR 3.0 JR"},"content":{"rendered":"<p>Dalbello CXR 3.0 Junior s <strong>odli\u010dne dje\u010dje skija\u0161ke cipele<\/strong>, koji su namijenjeni lak\u0161im i manjim skija\u0161ima. Beskompromisne performanse za najmla\u0111e skija\u0161e budu\u0107nosti! Napravljeni su za sportsku djecu koja \u017eele skijati cijeli dan na svim stazama. Imaju <strong>ba\u0161 prava fleksibilnost<\/strong>, kako bi pru\u017eile dobru potporu dje\u010djim stopalima, a istovremeno ih je lako obuvati i izuvati.<\/p>\n<p><strong>Toplo, udobno i sna\u017eno<\/strong>!<\/p>\n<p><strong>Zna\u010dajke:<\/strong><\/p>\n<ul>\n<li><strong>Indeks fleksibilnosti: 25 JR<\/strong><\/li>\n<li>Konvertibilni dizajn \u0161koljke od tri dijela pove\u0107ava fleksibilnost i \u010dvrsto prianja uz stopalo<\/li>\n<li>Vrlo udobna unutra\u0161njost<\/li>\n<li>Tehnolo\u0161ki materijal na ulo\u0161ku odr\u017eava stopala toplima i suhima<\/li>\n<li>Aluminijska brava s tri kop\u010de<\/li>\n<li>Indeks fleksibilnosti za lak\u0161e skija\u0161e<\/li>\n<li>Zamjenjive kapice za prste i petu izra\u0111ene od izdr\u017eljivog poliuretana<\/li>\n<li>Lako se obla\u010di i skida<\/li>\n<\/ul>","protected":false},"excerpt":{"rendered":"<p>Otro\u0161ki smu\u010darski \u010devlji Dalbello CXR 3.0 JR<\/p>","protected":false},"featured_media":11694,"template":"","meta":{"_acf_changed":false,"inline_featured_image":false,"_monsterinsights_skip_tracking":false,"_monsterinsights_sitenote_active":false,"_monsterinsights_sitenote_note":"","_monsterinsights_sitenote_category":0},"product_brand":[1191],"product_cat":[568],"product_tag":[1198],"class_list":{"0":"post-11692","1":"product","2":"type-product","3":"status-publish","4":"has-post-thumbnail","6":"product_brand-dalbello","7":"product_cat-otroski-smucarski-cevlji","8":"product_tag-otroci","9":"pa_velikost-1079","11":"first","12":"instock","13":"sale","14":"taxable","15":"shipping-taxable","16":"purchasable","17":"product-type-variable"},"acf":[],"aioseo_notices":[],"_links":{"self":[{"href":"https:\/\/ritosa.click.si\/hr\/wp-json\/wp\/v2\/product\/11692","targetHints":{"allow":["GET"]}}],"collection":[{"href":"https:\/\/ritosa.click.si\/hr\/wp-json\/wp\/v2\/product"}],"about":[{"href":"https:\/\/ritosa.click.si\/hr\/wp-json\/wp\/v2\/types\/product"}],"wp:featuredmedia":[{"embeddable":true,"href":"https:\/\/ritosa.click.si\/hr\/wp-json\/wp\/v2\/media\/11694"}],"wp:attachment":[{"href":"https:\/\/ritosa.click.si\/hr\/wp-json\/wp\/v2\/media?parent=11692"}],"wp:term":[{"taxonomy":"product_brand","embeddable":true,"href":"https:\/\/ritosa.click.si\/hr\/wp-json\/wp\/v2\/product_brand?post=11692"},{"taxonomy":"product_cat","embeddable":true,"href":"https:\/\/ritosa.click.si\/hr\/wp-json\/wp\/v2\/product_cat?post=11692"},{"taxonomy":"product_tag","embeddable":true,"href":"https:\/\/ritosa.click.si\/hr\/wp-json\/wp\/v2\/product_tag?post=11692"}],"curies":[{"name":"radni list","href":"https:\/\/api.w.org\/{rel}","templated":true}]}}