{"id":11680,"date":"2022-11-16T16:22:16","date_gmt":"2022-11-16T16:22:16","guid":{"rendered":"https:\/\/ritosa.click.si\/?post_type=product&#038;p=11680"},"modified":"2026-03-05T15:28:05","modified_gmt":"2026-03-05T14:28:05","slug":"dalbello-green-gaia-2-0-gw","status":"publish","type":"product","link":"https:\/\/ritosa.click.si\/hr\/ducan\/skijanje\/smucarska-oprema\/smucarski-cevlji\/otroski-smucarski-cevlji\/dalbello-green-gaia-2-0-gw\/","title":{"rendered":"Dalbello Green Gaia 2.0 GW"},"content":{"rendered":"<p><span class=\"HwtZe\" lang=\"sl\" xml:lang=\"sl\"><span class=\"jCAhz ChMk0b\"><span class=\"ryNqvb\">Dalbello je postavio trend s projektom Reboot lansiranjem jedne od najodr\u017eivijih skija\u0161kih cipela.<\/span><\/span> <span class=\"HwtZe\" lang=\"sl\" xml:lang=\"sl\"><span class=\"jCAhz ChMk0b\"><span class=\"ryNqvb\">Revolucionarne Green Gaia 2.0 GW su vrlo lagane, ekolo\u0161ki prihvatljive skija\u0161ke cipele za djevoj\u010dice, \u010dija je \u0161koljka u potpunosti izra\u0111ena od recikliranog materijala.<\/span><\/span> <span class=\"jCAhz ChMk0b\"><span class=\"ryNqvb\">Tkanine i pjene u podstavi tako\u0111er su izra\u0111ene od 100% recikliranih materijala, \u0161to zna\u010di da se cijela \u010dizma kasnije mo\u017ee u potpunosti reciklirati.<\/span><\/span> <\/span><\/span><\/p>\n<p><span class=\"HwtZe\" lang=\"sl\" xml:lang=\"sl\"><span class=\"HwtZe\" lang=\"sl\" xml:lang=\"sl\"><span class=\"jCAhz ChMk0b\"><span class=\"ryNqvb\">Dvije aluminijske kop\u010de i \u010dvrsta konstrukcija pru\u017eaju izvrsnu stabilnost, dobar prijenos snage i \u010dvrstu potporu stopalu.<\/span><\/span> <span class=\"jCAhz ChMk0b\"><span class=\"ryNqvb\">Optimizirano pristajanje i udobna, toplinski izolirana podstava zna\u010de da djevojke mogu skijati cijeli dan.<\/span><\/span> <span class=\"jCAhz ChMk0b\"><span class=\"ryNqvb\">Unaprijed ugra\u0111eni GripWalk potplati omogu\u0107uju mladim skija\u0161ima sigurnije i udobnije hodanje.<\/span><\/span><\/span><\/span><\/p>\n<table>\n<tbody>\n<tr>\n<td>Veli\u010dine<\/td>\n<td>195 \u2013 215<\/td>\n<\/tr>\n<tr>\n<td>Gra\u0111evinarstvo<\/td>\n<td>Preklapanje<\/td>\n<\/tr>\n<tr>\n<td>Savijati<\/td>\n<td>25<\/td>\n<\/tr>\n<tr>\n<td>\u0160irina kopita<\/td>\n<td>Junior<\/td>\n<\/tr>\n<tr>\n<td>Materijal<\/td>\n<td>RECIKLIRANI DB HYPERLITE<\/td>\n<\/tr>\n<tr>\n<td>Unutarnja \u010dizma<\/td>\n<td>Supercomfort Jr<\/td>\n<\/tr>\n<tr>\n<td>Kop\u010de<\/td>\n<td>PJ 9 Makro<\/td>\n<\/tr>\n<tr>\n<td>\u0160irina stopala<\/td>\n<td>Za srednje \u0161iroka stopala<\/td>\n<\/tr>\n<\/tbody>\n<\/table>","protected":false},"excerpt":{"rendered":"<p>Otro\u0161ki smu\u010darski \u010devlji Dalbello Green Gaia 2.0 GW<\/p>","protected":false},"featured_media":11683,"template":"","meta":{"_acf_changed":false,"inline_featured_image":false},"product_brand":[1191],"product_cat":[568],"product_tag":[1198],"class_list":{"0":"post-11680","1":"product","2":"type-product","3":"status-publish","4":"has-post-thumbnail","6":"product_brand-dalbello","7":"product_cat-otroski-smucarski-cevlji","8":"product_tag-otroci","9":"pa_velikost-1075","10":"pa_velikost-793","12":"first","13":"instock","14":"sale","15":"taxable","16":"shipping-taxable","17":"purchasable","18":"product-type-variable"},"acf":[],"_links":{"self":[{"href":"https:\/\/ritosa.click.si\/hr\/wp-json\/wp\/v2\/product\/11680","targetHints":{"allow":["GET"]}}],"collection":[{"href":"https:\/\/ritosa.click.si\/hr\/wp-json\/wp\/v2\/product"}],"about":[{"href":"https:\/\/ritosa.click.si\/hr\/wp-json\/wp\/v2\/types\/product"}],"wp:featuredmedia":[{"embeddable":true,"href":"https:\/\/ritosa.click.si\/hr\/wp-json\/wp\/v2\/media\/11683"}],"wp:attachment":[{"href":"https:\/\/ritosa.click.si\/hr\/wp-json\/wp\/v2\/media?parent=11680"}],"wp:term":[{"taxonomy":"product_brand","embeddable":true,"href":"https:\/\/ritosa.click.si\/hr\/wp-json\/wp\/v2\/product_brand?post=11680"},{"taxonomy":"product_cat","embeddable":true,"href":"https:\/\/ritosa.click.si\/hr\/wp-json\/wp\/v2\/product_cat?post=11680"},{"taxonomy":"product_tag","embeddable":true,"href":"https:\/\/ritosa.click.si\/hr\/wp-json\/wp\/v2\/product_tag?post=11680"}],"curies":[{"name":"radni list","href":"https:\/\/api.w.org\/{rel}","templated":true}]}}