{"id":11661,"date":"2022-11-09T16:50:59","date_gmt":"2022-11-09T16:50:59","guid":{"rendered":"https:\/\/ritosa.click.si\/?post_type=product&#038;p=11661"},"modified":"2026-03-06T18:19:51","modified_gmt":"2026-03-06T17:19:51","slug":"marker-bino","status":"publish","type":"product","link":"https:\/\/ritosa.click.si\/hr\/ducan\/skijanje\/smucarska-oprema\/smucarske-celade\/otroske-smucarske-celade\/marker-bino\/","title":{"rendered":"Marker Bino"},"content":{"rendered":"<p><span class=\"HwtZe\" lang=\"sl\" xml:lang=\"sl\"><span class=\"jCAhz ChMk0b\"><span class=\"ryNqvb\">Zahvaljuju\u0107i ultra laganoj IN-MOLD konstrukciji, ova kaciga te\u017ei manje od 350 g \u2013 jedna je od najlak\u0161ih certificiranih dje\u010djih skija\u0161kih kaciga na tr\u017ei\u0161tu.<\/span><\/span> <span class=\"jCAhz ChMk0b\"><span class=\"ryNqvb\">Ovaj podvig njema\u010dkog dizajna opremljen je s 2 bo\u010dne kop\u010de za nao\u010dale kako bi se osiguralo da vid va\u0161eg mali\u0161ana bude nesmetan, RTS kota\u010di\u0107em za pode\u0161avanje veli\u010dine za savr\u0161eno pristajanje dulje od samo jedne sezone, X-Dry podstavom za optimalnu udobnost i povr\u0161inom otpornom na ogrebotine.<\/span><\/span> <\/span><\/p>\n<table>\n<tbody>\n<tr>\n<td>Sigurnosni certifikat<\/td>\n<td>CE-EN-1077-2007-Klasa-B<\/td>\n<\/tr>\n<tr>\n<td>Za\u0161tita<\/td>\n<td><span class=\"array-item\">Projekcija ruba od 180\u00b0 <\/span><\/td>\n<\/tr>\n<tr>\n<td>Ventilacija<\/td>\n<td><span class=\"array-item\">MarkAIR kanalni sustav <\/span><span class=\"array-item\">\u00a0<\/span><\/td>\n<\/tr>\n<tr>\n<td>Gra\u0111evinarstvo<\/td>\n<td>Tvrda ABS \u0161koljka<\/td>\n<\/tr>\n<\/tbody>\n<\/table>","protected":false},"excerpt":{"rendered":"<p>Dje\u010dja kaciga Marker Bino<span class=\"HwtZe\" lang=\"sl\" xml:lang=\"sl\"><span class=\"jCAhz ChMk0b\"><span class=\"ryNqvb\"> \u2013 jedna od najlak\u0161ih certificiranih dje\u010djih skija\u0161kih kaciga na tr\u017ei\u0161tu<\/span><\/span><\/span><\/p>","protected":false},"featured_media":11663,"template":"","meta":{"_acf_changed":false,"inline_featured_image":false},"product_brand":[2242],"product_cat":[569],"product_tag":[1198],"class_list":{"0":"post-11661","1":"product","2":"type-product","3":"status-publish","4":"has-post-thumbnail","6":"product_brand-marker","7":"product_cat-otroske-smucarske-celade","8":"product_tag-otroci","9":"pa_velikost-50-55","11":"first","12":"instock","13":"sale","14":"taxable","15":"shipping-taxable","16":"purchasable","17":"product-type-variable"},"acf":[],"_links":{"self":[{"href":"https:\/\/ritosa.click.si\/hr\/wp-json\/wp\/v2\/product\/11661","targetHints":{"allow":["GET"]}}],"collection":[{"href":"https:\/\/ritosa.click.si\/hr\/wp-json\/wp\/v2\/product"}],"about":[{"href":"https:\/\/ritosa.click.si\/hr\/wp-json\/wp\/v2\/types\/product"}],"wp:featuredmedia":[{"embeddable":true,"href":"https:\/\/ritosa.click.si\/hr\/wp-json\/wp\/v2\/media\/11663"}],"wp:attachment":[{"href":"https:\/\/ritosa.click.si\/hr\/wp-json\/wp\/v2\/media?parent=11661"}],"wp:term":[{"taxonomy":"product_brand","embeddable":true,"href":"https:\/\/ritosa.click.si\/hr\/wp-json\/wp\/v2\/product_brand?post=11661"},{"taxonomy":"product_cat","embeddable":true,"href":"https:\/\/ritosa.click.si\/hr\/wp-json\/wp\/v2\/product_cat?post=11661"},{"taxonomy":"product_tag","embeddable":true,"href":"https:\/\/ritosa.click.si\/hr\/wp-json\/wp\/v2\/product_tag?post=11661"}],"curies":[{"name":"radni list","href":"https:\/\/api.w.org\/{rel}","templated":true}]}}