{"id":11634,"date":"2022-10-25T11:51:55","date_gmt":"2022-10-25T11:51:55","guid":{"rendered":"https:\/\/ritosa.click.si\/?post_type=product&#038;p=11634"},"modified":"2026-03-07T10:19:06","modified_gmt":"2026-03-07T09:19:06","slug":"elan-rockrod-jr-3","status":"publish","type":"product","link":"https:\/\/ritosa.click.si\/hr\/ducan\/skijanje\/smucarska-oprema\/smucarske-palice\/otroske-smucarske-palice\/elan-rockrod-jr-3\/","title":{"rendered":"Elan Rockrod Jr."},"content":{"rendered":"<div class=\"product-info-secondary__column\">\n<div class=\"product attribute description\">\n<div class=\"value\">\n<ul>\n<li><strong>GLAVNI DIO \u0160TAPI\u0106A:<\/strong> Aluminij 5083<\/li>\n<li><strong>CIJEV:<\/strong> \u00d8 14 mm<\/li>\n<li><strong>ZAHVAT:<\/strong> Dje\u010dji ErgoForm grip<\/li>\n<li><strong>PA\u0160\u010cEK:<\/strong> Dje\u010dji sistemski remen<\/li>\n<li><strong>SNOUBOBARKA:<\/strong> Krplje \u0161irine 50 mm + \u010deli\u010dni vrhovi<\/li>\n<\/ul>\n<\/div>\n<\/div>\n<\/div>","protected":false},"excerpt":{"rendered":"<p>Neka va\u0161a djeca napreduju dok se zabavljaju sa skija\u0161kim \u0161tapovima Elan RockRod Junior. Ovaj \u0161tap je izra\u0111en od aluminija 5083 s ergonomskom ru\u010dkom prilago\u0111enom djeci i podesivim najlonskim remenom.<\/p>","protected":false},"featured_media":11636,"template":"","meta":{"_acf_changed":false,"inline_featured_image":false},"product_brand":[677],"product_cat":[596],"product_tag":[1198],"class_list":{"0":"post-11634","1":"product","2":"type-product","3":"status-publish","4":"has-post-thumbnail","6":"product_brand-elan","7":"product_cat-otroske-smucarske-palice","8":"product_tag-otroci","9":"pa_velikost-2243","11":"first","12":"instock","13":"sale","14":"taxable","15":"shipping-taxable","16":"purchasable","17":"product-type-variable"},"acf":[],"_links":{"self":[{"href":"https:\/\/ritosa.click.si\/hr\/wp-json\/wp\/v2\/product\/11634","targetHints":{"allow":["GET"]}}],"collection":[{"href":"https:\/\/ritosa.click.si\/hr\/wp-json\/wp\/v2\/product"}],"about":[{"href":"https:\/\/ritosa.click.si\/hr\/wp-json\/wp\/v2\/types\/product"}],"wp:featuredmedia":[{"embeddable":true,"href":"https:\/\/ritosa.click.si\/hr\/wp-json\/wp\/v2\/media\/11636"}],"wp:attachment":[{"href":"https:\/\/ritosa.click.si\/hr\/wp-json\/wp\/v2\/media?parent=11634"}],"wp:term":[{"taxonomy":"product_brand","embeddable":true,"href":"https:\/\/ritosa.click.si\/hr\/wp-json\/wp\/v2\/product_brand?post=11634"},{"taxonomy":"product_cat","embeddable":true,"href":"https:\/\/ritosa.click.si\/hr\/wp-json\/wp\/v2\/product_cat?post=11634"},{"taxonomy":"product_tag","embeddable":true,"href":"https:\/\/ritosa.click.si\/hr\/wp-json\/wp\/v2\/product_tag?post=11634"}],"curies":[{"name":"radni list","href":"https:\/\/api.w.org\/{rel}","templated":true}]}}