{"id":11626,"date":"2022-10-25T11:21:52","date_gmt":"2022-10-25T11:21:52","guid":{"rendered":"https:\/\/ritosa.click.si\/?post_type=product&#038;p=11626"},"modified":"2026-03-07T11:30:29","modified_gmt":"2026-03-07T10:30:29","slug":"elan-speedrod","status":"publish","type":"product","link":"https:\/\/ritosa.click.si\/hr\/ducan\/skijanje\/smucarska-oprema\/smucarske-palice\/odrasle-smucarske-palice\/elan-speedrod\/","title":{"rendered":"Elan Speedrod"},"content":{"rendered":"<div class=\"product-info-secondary__column\">\n<div class=\"product attribute overview\">\n<div class=\"value\">\n<p>Izra\u0111en od aluminija 5083 s dvokomponentnim rukohvatom i podesivim najlonskim remenom, skija\u0161ki \u0161tap Elan SpeedRod zasigurno \u0107e zadovoljiti potrebe svakog skija\u0161a (ili njihovih ruku).<\/p>\n<\/div>\n<\/div>\n<div class=\"product attribute description\">\n<div class=\"value\">\n<ul class=\"checkmark\">\n<li><strong>TIP:<\/strong> Odrasla osoba<\/li>\n<li><strong>GLAVNI DIO \u0160TAPI\u0106A:<\/strong> Aluminij 5083<\/li>\n<li><strong>CIJEV:<\/strong> \u00d8 16 mm<\/li>\n<li><strong>ZAHVAT:<\/strong> Bulwark BIC Grip<\/li>\n<li><strong>PA\u0160\u010cEK:<\/strong> Sistemski remen<\/li>\n<li><strong>SNOUBOBARKA:<\/strong> Krplje \u0161irine 55 mm + \u010deli\u010dni vrhovi<\/li>\n<\/ul>\n<\/div>\n<\/div>\n<\/div>","protected":false},"excerpt":{"rendered":"<p>Elan Speedrod skija\u0161ki \u0161tapovi za odrasle<\/p>","protected":false},"featured_media":11628,"template":"","meta":{"_acf_changed":false,"inline_featured_image":false,"_monsterinsights_skip_tracking":false,"_monsterinsights_sitenote_active":false,"_monsterinsights_sitenote_note":"","_monsterinsights_sitenote_category":0},"product_brand":[677],"product_cat":[597],"product_tag":[],"class_list":{"0":"post-11626","1":"product","2":"type-product","3":"status-publish","4":"has-post-thumbnail","6":"product_brand-elan","7":"product_cat-odrasle-smucarske-palice","8":"pa_velikost-130-3","10":"first","11":"instock","12":"sale","13":"taxable","14":"shipping-taxable","15":"purchasable","16":"product-type-variable"},"acf":[],"aioseo_notices":[],"_links":{"self":[{"href":"https:\/\/ritosa.click.si\/hr\/wp-json\/wp\/v2\/product\/11626","targetHints":{"allow":["GET"]}}],"collection":[{"href":"https:\/\/ritosa.click.si\/hr\/wp-json\/wp\/v2\/product"}],"about":[{"href":"https:\/\/ritosa.click.si\/hr\/wp-json\/wp\/v2\/types\/product"}],"wp:featuredmedia":[{"embeddable":true,"href":"https:\/\/ritosa.click.si\/hr\/wp-json\/wp\/v2\/media\/11628"}],"wp:attachment":[{"href":"https:\/\/ritosa.click.si\/hr\/wp-json\/wp\/v2\/media?parent=11626"}],"wp:term":[{"taxonomy":"product_brand","embeddable":true,"href":"https:\/\/ritosa.click.si\/hr\/wp-json\/wp\/v2\/product_brand?post=11626"},{"taxonomy":"product_cat","embeddable":true,"href":"https:\/\/ritosa.click.si\/hr\/wp-json\/wp\/v2\/product_cat?post=11626"},{"taxonomy":"product_tag","embeddable":true,"href":"https:\/\/ritosa.click.si\/hr\/wp-json\/wp\/v2\/product_tag?post=11626"}],"curies":[{"name":"radni list","href":"https:\/\/api.w.org\/{rel}","templated":true}]}}