{"id":11613,"date":"2022-10-25T10:55:40","date_gmt":"2022-10-25T10:55:40","guid":{"rendered":"https:\/\/ritosa.click.si\/?post_type=product&#038;p=11613"},"modified":"2026-03-05T18:29:15","modified_gmt":"2026-03-05T17:29:15","slug":"elan-maxx-jrs-red-100-120","status":"publish","type":"product","link":"https:\/\/ritosa.click.si\/hr\/ducan\/skijanje\/skije\/djecje-skije\/elan-maxx-jrs-red-100-120\/","title":{"rendered":"Elan MAXX JRS CRVENA (100)"},"content":{"rendered":"<div class=\"product attribute overview\">\n<div class=\"value\">\n<p>Skija MAXX opremljena je najinovativnijom tehnologijom za mlade skija\u0161e. Elanovo patentirano U-Flex rje\u0161enje omogu\u0107uje djeci da potpuno savijaju skije i tako puno br\u017ee savladaju te\u017ee elemente skijanja.<\/p>\n<\/div>\n<\/div>\n<p>Osiguravanje dovoljno mekog zavoja skija za mlade skija\u0161e bio je jedan od najve\u0107ih izazova s kojima smo se suo\u010dili posljednjih godina. Rje\u0161enje je na\u0161a nagra\u0111ivana U-Flex tehnologija. Revolucionarna konstrukcija skija pove\u0107ava zavoj skija za 25 posto. To nam je omogu\u0107ilo stvaranje kompletnog skija\u0161kog seta za djecu u kombinaciji sa posebno dizajniranim skija\u0161kim cipelama izra\u0111enim od mek\u0161e i fleksibilnije plastike. Skije tako omogu\u0107uju lak\u0161e u\u010denje i br\u017ee prijelaze s ruba na rub.<\/p>\n<table>\n<tbody>\n<tr>\n<td>Veza<\/td>\n<td>EL 4.5 GW Shift BLK<\/td>\n<\/tr>\n<tr>\n<td>Duljina\/Radij<\/td>\n<td>100 (6.2)<\/td>\n<\/tr>\n<tr>\n<td>Sustav<\/td>\n<td>Junior Shift<\/td>\n<\/tr>\n<tr>\n<td>Profil<\/td>\n<td>Early Rise Rocker<\/td>\n<\/tr>\n<tr>\n<td>Tehnologija<\/td>\n<td>\n<dl class=\"product-info-attributes\">\n<dt>Stakloplastika<\/dt>\n<dt>Synflex<\/dt>\n<dt>U-Flex tehnologija<\/dt>\n<dt>Puni kapacitet napajanja<\/dt>\n<\/dl>\n<\/td>\n<\/tr>\n<\/tbody>\n<\/table>","protected":false},"excerpt":{"rendered":"<p>Dje\u010dje skije Elan MAXX JRS RED (100 \u2013 120)<\/p>","protected":false},"featured_media":11615,"template":"","meta":{"_acf_changed":false,"inline_featured_image":false,"_monsterinsights_skip_tracking":false,"_monsterinsights_sitenote_active":false,"_monsterinsights_sitenote_note":"","_monsterinsights_sitenote_category":0},"product_brand":[677],"product_cat":[592],"product_tag":[1198],"class_list":{"0":"post-11613","1":"product","2":"type-product","3":"status-publish","4":"has-post-thumbnail","6":"product_brand-elan","7":"product_cat-otroske-smuci","8":"product_tag-otroci","9":"pa_velikost-1056","11":"first","12":"instock","13":"sale","14":"taxable","15":"shipping-taxable","16":"purchasable","17":"product-type-variable"},"acf":[],"aioseo_notices":[],"_links":{"self":[{"href":"https:\/\/ritosa.click.si\/hr\/wp-json\/wp\/v2\/product\/11613","targetHints":{"allow":["GET"]}}],"collection":[{"href":"https:\/\/ritosa.click.si\/hr\/wp-json\/wp\/v2\/product"}],"about":[{"href":"https:\/\/ritosa.click.si\/hr\/wp-json\/wp\/v2\/types\/product"}],"wp:featuredmedia":[{"embeddable":true,"href":"https:\/\/ritosa.click.si\/hr\/wp-json\/wp\/v2\/media\/11615"}],"wp:attachment":[{"href":"https:\/\/ritosa.click.si\/hr\/wp-json\/wp\/v2\/media?parent=11613"}],"wp:term":[{"taxonomy":"product_brand","embeddable":true,"href":"https:\/\/ritosa.click.si\/hr\/wp-json\/wp\/v2\/product_brand?post=11613"},{"taxonomy":"product_cat","embeddable":true,"href":"https:\/\/ritosa.click.si\/hr\/wp-json\/wp\/v2\/product_cat?post=11613"},{"taxonomy":"product_tag","embeddable":true,"href":"https:\/\/ritosa.click.si\/hr\/wp-json\/wp\/v2\/product_tag?post=11613"}],"curies":[{"name":"radni list","href":"https:\/\/api.w.org\/{rel}","templated":true}]}}