{"id":11583,"date":"2022-10-18T12:14:08","date_gmt":"2022-10-18T12:14:08","guid":{"rendered":"https:\/\/ritosa.click.si\/?post_type=product&#038;p=11583"},"modified":"2026-03-06T17:20:18","modified_gmt":"2026-03-06T16:20:18","slug":"alpina-pizi-neon-yellow","status":"publish","type":"product","link":"https:\/\/ritosa.click.si\/hr\/ducan\/skijanje\/smucarska-oprema\/smucarske-celade\/otroske-smucarske-celade\/alpina-pizi-neon-yellow\/","title":{"rendered":"Alpina Pizi \u2013 neonsko \u017euta"},"content":{"rendered":"<p>Svi su po\u010deci te\u0161ki, posebno kada je rije\u010d o skijanju i snowboardingu. Alpina je razvila novu dje\u010dju skija\u0161ku kacigu PIZI, s ciljem da djeci \u0161to vi\u0161e olak\u0161a ulazak u svijet snijega. Skija\u0161ka kaciga Pizi izuzetno je lagana, robusna i nudi optimalnu za\u0161titu i udobnost. S Pizijem na glavi, dje\u010dji smijeh je zajam\u010den.<\/p>\n<p>Zna\u010dajke:<\/p>\n<ul>\n<li>Inmold: Tehnologija uklju\u010duje zagrijavanje vanjske polikarbonatne ljuske na visoku temperaturu i pe\u010denje na EPS ljusci pod visokim tlakom. Proces stvara trajnu vezu preko cijele povr\u0161ine vanjske i unutarnje ljuske, \u010dine\u0107i kacigu izuzetno laganom i stabilnom.<\/li>\n<li>\u2013 Kerami\u010dka \u0161koljka: naziv za vanjsku \u0161koljku svih Alpina kaciga izra\u0111enih Inmold postupkom. To je tanak, lagan materijal koji je izuzetno otporan na udarce i ogrebotine, sadr\u017ei UV stabilizatore i antistati\u010dan je.<\/li>\n<li>\u2013 HI-EPS: unutarnja \u0161koljka Alpina kaciga izra\u0111ena je od HI-EPS-a (ekspandiranog polistirena). Ovaj materijal sastoji se od mikroskopskih zra\u010dnih prostora koji u\u010dinkovito apsorbiraju sile nastale pri udaru.<\/li>\n<li>Run ergo snow sustav: omogu\u0107uje individualno pode\u0161avanje veli\u010dine rotiraju\u0107im gumbom na stra\u017enjoj strani glave<\/li>\n<li>Ergonomska: provjerena kop\u010da koristi se na svim Alpina kacigama. Vi\u0161estupanjsko pode\u0161avanje, kontrolira se samo jednom rukom. Kop\u010da se tako\u0111er ne mo\u017ee sama odkop\u010dati u slu\u010daju nesre\u0107e.<\/li>\n<li>Y-kop\u010da: 3D sustav za pode\u0161avanje remena<\/li>\n<li>Uklonjiva i periva tekstilna podstava<\/li>\n<li>Topli grija\u010d za vrat<\/li>\n<li>U skladu sa standardom: CE EN 1077<\/li>\n<\/ul>","protected":false},"excerpt":{"rendered":"<p>Dje\u010dja skija\u0161ka kaciga Alpina Pizi<\/p>","protected":false},"featured_media":11585,"template":"","meta":{"_acf_changed":false,"inline_featured_image":false},"product_brand":[678],"product_cat":[569],"product_tag":[1198],"class_list":{"0":"post-11583","1":"product","2":"type-product","3":"status-publish","4":"has-post-thumbnail","6":"product_brand-alpina","7":"product_cat-otroske-smucarske-celade","8":"product_tag-otroci","9":"pa_velikost-51-55","11":"first","12":"instock","13":"sale","14":"taxable","15":"shipping-taxable","16":"purchasable","17":"product-type-variable"},"acf":[],"_links":{"self":[{"href":"https:\/\/ritosa.click.si\/hr\/wp-json\/wp\/v2\/product\/11583","targetHints":{"allow":["GET"]}}],"collection":[{"href":"https:\/\/ritosa.click.si\/hr\/wp-json\/wp\/v2\/product"}],"about":[{"href":"https:\/\/ritosa.click.si\/hr\/wp-json\/wp\/v2\/types\/product"}],"wp:featuredmedia":[{"embeddable":true,"href":"https:\/\/ritosa.click.si\/hr\/wp-json\/wp\/v2\/media\/11585"}],"wp:attachment":[{"href":"https:\/\/ritosa.click.si\/hr\/wp-json\/wp\/v2\/media?parent=11583"}],"wp:term":[{"taxonomy":"product_brand","embeddable":true,"href":"https:\/\/ritosa.click.si\/hr\/wp-json\/wp\/v2\/product_brand?post=11583"},{"taxonomy":"product_cat","embeddable":true,"href":"https:\/\/ritosa.click.si\/hr\/wp-json\/wp\/v2\/product_cat?post=11583"},{"taxonomy":"product_tag","embeddable":true,"href":"https:\/\/ritosa.click.si\/hr\/wp-json\/wp\/v2\/product_tag?post=11583"}],"curies":[{"name":"radni list","href":"https:\/\/api.w.org\/{rel}","templated":true}]}}