{"id":11555,"date":"2022-10-18T10:15:35","date_gmt":"2022-10-18T10:15:35","guid":{"rendered":"https:\/\/ritosa.click.si\/?post_type=product&#038;p=11555"},"modified":"2026-03-07T15:16:17","modified_gmt":"2026-03-07T14:16:17","slug":"alpina-piney-s-pumpkin","status":"publish","type":"product","link":"https:\/\/ritosa.click.si\/hr\/ducan\/skijanje\/smucarska-oprema\/smucarska-ocala\/otroska-smucarska-ocala\/alpina-piney-s-pumpkin\/","title":{"rendered":"Alpina Piney S pumpkin"},"content":{"rendered":"<p><span>Dje\u010dje skija\u0161ke nao\u010dale Alpina Piney opremljene su svime \u0161to je potrebno skija\u0161u po\u010detniku. Glatki i mekani okvir s udobnom pjenastom podstavom osigurava visoku razinu udobnosti no\u0161enja. Istovremeno, aktivno upravljanje zrakom kroz otvore u okviru osigurava izvrsnu ventilaciju unutra\u0161njosti, a Fog-Stop premaz \u010dini zamagljivanje le\u0107a pro\u0161lo\u0161\u0107u. Osim jasnog pogleda, Piney tako\u0111er pru\u017ea pobolj\u0161anje kontrasta: Hicon tehnologija izo\u0161trava kontraste i time pobolj\u0161ava percepciju okoline. To zna\u010di da se mladi skija\u0161i uvijek mogu usredoto\u010diti na bitno: savr\u0161ene zavoje i zabavu na skijanju. Razina za\u0161tite: S2<\/span><\/p>\n<\/p>\n<ul>\n<li><span>Singleflex<\/span>Le\u0107a s Fogstop premazom i za\u0161titom od UV-A, UV-B i UV-C zraka<\/li>\n<li><span>Udobni okvir<\/span>Za\u0161titne nao\u010dale su ergonomski dizajnirane i stoga optimalno pristaju svakom obliku lica.<\/li>\n<li><span>Ventilacija trupa<\/span>Otvori na bo\u010dnim i donjim rubovima okvira omogu\u0107uju protok zraka unutar nao\u010dala, sprje\u010davaju\u0107i zamagljivanje le\u0107a.<\/li>\n<\/ul>","protected":false},"excerpt":{"rendered":"<p>Dje\u010dje skija\u0161ke nao\u010dale Piney S<\/p>","protected":false},"featured_media":11556,"template":"","meta":{"_acf_changed":false,"inline_featured_image":false},"product_brand":[678],"product_cat":[607],"product_tag":[1198],"class_list":{"0":"post-11555","1":"product","2":"type-product","3":"status-publish","4":"has-post-thumbnail","6":"product_brand-alpina","7":"product_cat-otroska-smucarska-ocala","8":"product_tag-otroci","10":"first","11":"instock","12":"sale","13":"taxable","14":"shipping-taxable","15":"purchasable","16":"product-type-simple"},"acf":[],"_links":{"self":[{"href":"https:\/\/ritosa.click.si\/hr\/wp-json\/wp\/v2\/product\/11555","targetHints":{"allow":["GET"]}}],"collection":[{"href":"https:\/\/ritosa.click.si\/hr\/wp-json\/wp\/v2\/product"}],"about":[{"href":"https:\/\/ritosa.click.si\/hr\/wp-json\/wp\/v2\/types\/product"}],"wp:featuredmedia":[{"embeddable":true,"href":"https:\/\/ritosa.click.si\/hr\/wp-json\/wp\/v2\/media\/11556"}],"wp:attachment":[{"href":"https:\/\/ritosa.click.si\/hr\/wp-json\/wp\/v2\/media?parent=11555"}],"wp:term":[{"taxonomy":"product_brand","embeddable":true,"href":"https:\/\/ritosa.click.si\/hr\/wp-json\/wp\/v2\/product_brand?post=11555"},{"taxonomy":"product_cat","embeddable":true,"href":"https:\/\/ritosa.click.si\/hr\/wp-json\/wp\/v2\/product_cat?post=11555"},{"taxonomy":"product_tag","embeddable":true,"href":"https:\/\/ritosa.click.si\/hr\/wp-json\/wp\/v2\/product_tag?post=11555"}],"curies":[{"name":"radni list","href":"https:\/\/api.w.org\/{rel}","templated":true}]}}