{"id":11545,"date":"2022-10-18T09:26:12","date_gmt":"2022-10-18T09:26:12","guid":{"rendered":"https:\/\/ritosa.click.si\/?post_type=product&#038;p=11545"},"modified":"2026-03-07T16:51:13","modified_gmt":"2026-03-07T15:51:13","slug":"alpina-estetica-q","status":"publish","type":"product","link":"https:\/\/ritosa.click.si\/hr\/ducan\/skijanje\/smucarska-oprema\/smucarska-ocala\/odrasla-smucarska-ocala\/alpina-estetica-q\/","title":{"rendered":"Alpina Estetika Q"},"content":{"rendered":"<p>Estetica Q su idealne skija\u0161ke nao\u010dale za uske glave. Zahvaljuju\u0107i brojnim visokokvalitetnim tehnologijama, pru\u017eaju iznimnu vidljivost i najbolju mogu\u0107u za\u0161titu. S dizajnom bez okvira, vidno polje je ogromno. Nao\u010dale su opremljene Alpininom vrhunskom tehnologijom: Quattroflex. To pove\u0107ava kontrast i filtrira ometaju\u0107e refleksije. Razina za\u0161tite je kategorija 2. Rezultat je optimalna vidljivost u svim uvjetima. Fogstop premaz s unutarnje strane sprje\u010dava zamagljivanje. Dvostruka le\u0107a je otporna na lomljenje i pru\u017ea 100% UV za\u0161titu.<\/p>","protected":false},"excerpt":{"rendered":"<p>Odrasla smu\u010darska o\u010dala Alpina Estetica Quattroflex<\/p>","protected":false},"featured_media":11546,"template":"","meta":{"_acf_changed":false,"inline_featured_image":false},"product_brand":[678],"product_cat":[606],"product_tag":[],"class_list":{"0":"post-11545","1":"product","2":"type-product","3":"status-publish","4":"has-post-thumbnail","6":"product_brand-alpina","7":"product_cat-odrasla-smucarska-ocala","9":"first","10":"instock","11":"sale","12":"taxable","13":"shipping-taxable","14":"purchasable","15":"product-type-simple"},"acf":[],"_links":{"self":[{"href":"https:\/\/ritosa.click.si\/hr\/wp-json\/wp\/v2\/product\/11545","targetHints":{"allow":["GET"]}}],"collection":[{"href":"https:\/\/ritosa.click.si\/hr\/wp-json\/wp\/v2\/product"}],"about":[{"href":"https:\/\/ritosa.click.si\/hr\/wp-json\/wp\/v2\/types\/product"}],"wp:featuredmedia":[{"embeddable":true,"href":"https:\/\/ritosa.click.si\/hr\/wp-json\/wp\/v2\/media\/11546"}],"wp:attachment":[{"href":"https:\/\/ritosa.click.si\/hr\/wp-json\/wp\/v2\/media?parent=11545"}],"wp:term":[{"taxonomy":"product_brand","embeddable":true,"href":"https:\/\/ritosa.click.si\/hr\/wp-json\/wp\/v2\/product_brand?post=11545"},{"taxonomy":"product_cat","embeddable":true,"href":"https:\/\/ritosa.click.si\/hr\/wp-json\/wp\/v2\/product_cat?post=11545"},{"taxonomy":"product_tag","embeddable":true,"href":"https:\/\/ritosa.click.si\/hr\/wp-json\/wp\/v2\/product_tag?post=11545"}],"curies":[{"name":"radni list","href":"https:\/\/api.w.org\/{rel}","templated":true}]}}