{"id":11540,"date":"2022-09-30T12:10:56","date_gmt":"2022-09-30T12:10:56","guid":{"rendered":"https:\/\/ritosa.click.si\/?post_type=product&#038;p=11540"},"modified":"2026-03-07T10:31:37","modified_gmt":"2026-03-07T09:31:37","slug":"leki-racing-kids-red","status":"publish","type":"product","link":"https:\/\/ritosa.click.si\/hr\/ducan\/skijanje\/smucarska-oprema\/smucarske-palice\/otroske-smucarske-palice\/leki-racing-kids-red\/","title":{"rendered":"Leki Racing Kids Red"},"content":{"rendered":"<p>Obavezni outfit za prave obo\u017eavatelje Mikaele Shiffrin i njezinih suigra\u010da. Dje\u010dji \u0161tapovi za utrke s LEKI World Cup dizajnom s aluminijskim cijevima od 14 mm i sigurnosnom ru\u010dkom od PA koja je posebno prilago\u0111ena dje\u010djoj ruci i hvatu.<\/p>\n<table class=\"table table-striped\">\n<tbody>\n<tr>\n<td class=\"light\">Niz<\/td>\n<td class=\"light\">Djeca<\/td>\n<\/tr>\n<tr>\n<td class=\"dark\">Gra\u0111evinarstvo<\/td>\n<td class=\"dark\">Fiksna duljina<\/td>\n<\/tr>\n<tr>\n<td class=\"light\">Ru\u010dka<\/td>\n<td class=\"light\">Sigurnost PA (tvrdo)<\/td>\n<\/tr>\n<tr>\n<td class=\"dark\">Petlje<\/td>\n<td class=\"dark\">Sigurnosni remen brave<\/td>\n<\/tr>\n<tr>\n<td class=\"light\">Promjer cijevi<\/td>\n<td class=\"light\">14 mm<\/td>\n<\/tr>\n<tr>\n<td class=\"dark\">Materijal cijevi<\/td>\n<td class=\"dark\">Aluminij (TS)<\/td>\n<\/tr>\n<tr>\n<td class=\"light\">Skije<\/td>\n<td class=\"light\">Alpsko (utrke)<\/td>\n<\/tr>\n<tr>\n<td class=\"dark\">Savjeti<\/td>\n<td class=\"dark\">Vrsta \u010delika<\/td>\n<\/tr>\n<tr>\n<td class=\"light\">Duljina\/veli\u010dina<\/td>\n<td class=\"light\">80 \u2013 105 cm <small>u koracima od 5 cm <\/small><\/td>\n<\/tr>\n<tr>\n<td class=\"dark\">Te\u017eina<\/td>\n<td class=\"dark testa\">148 g\/komad <small> na duljini od 90 cm <\/small><\/td>\n<\/tr>\n<\/tbody>\n<\/table>","protected":false},"excerpt":{"rendered":"<p>Otro\u0161ke smu\u010darske palice Leki Racing Kids<\/p>","protected":false},"featured_media":21008,"template":"","meta":{"_acf_changed":false,"inline_featured_image":false},"product_brand":[691],"product_cat":[596],"product_tag":[1198],"class_list":{"0":"post-11540","1":"product","2":"type-product","3":"status-publish","4":"has-post-thumbnail","6":"product_brand-leki","7":"product_cat-otroske-smucarske-palice","8":"product_tag-otroci","9":"pa_velikost-1056","10":"pa_velikost-2243","12":"first","13":"instock","14":"sale","15":"taxable","16":"shipping-taxable","17":"purchasable","18":"product-type-variable"},"acf":[],"_links":{"self":[{"href":"https:\/\/ritosa.click.si\/hr\/wp-json\/wp\/v2\/product\/11540","targetHints":{"allow":["GET"]}}],"collection":[{"href":"https:\/\/ritosa.click.si\/hr\/wp-json\/wp\/v2\/product"}],"about":[{"href":"https:\/\/ritosa.click.si\/hr\/wp-json\/wp\/v2\/types\/product"}],"wp:featuredmedia":[{"embeddable":true,"href":"https:\/\/ritosa.click.si\/hr\/wp-json\/wp\/v2\/media\/21008"}],"wp:attachment":[{"href":"https:\/\/ritosa.click.si\/hr\/wp-json\/wp\/v2\/media?parent=11540"}],"wp:term":[{"taxonomy":"product_brand","embeddable":true,"href":"https:\/\/ritosa.click.si\/hr\/wp-json\/wp\/v2\/product_brand?post=11540"},{"taxonomy":"product_cat","embeddable":true,"href":"https:\/\/ritosa.click.si\/hr\/wp-json\/wp\/v2\/product_cat?post=11540"},{"taxonomy":"product_tag","embeddable":true,"href":"https:\/\/ritosa.click.si\/hr\/wp-json\/wp\/v2\/product_tag?post=11540"}],"curies":[{"name":"radni list","href":"https:\/\/api.w.org\/{rel}","templated":true}]}}