{"id":11521,"date":"2022-09-30T11:39:26","date_gmt":"2022-09-30T11:39:26","guid":{"rendered":"https:\/\/ritosa.click.si\/?post_type=product&#038;p=11521"},"modified":"2026-03-07T10:23:31","modified_gmt":"2026-03-07T09:23:31","slug":"leki-wcr-lite-sl-3d-pink","status":"publish","type":"product","link":"https:\/\/ritosa.click.si\/hr\/ducan\/skijanje\/smucarska-oprema\/smucarske-palice\/odrasle-smucarske-palice\/leki-wcr-lite-sl-3d-pink\/","title":{"rendered":"Leki WCR Lite SL 3D roza"},"content":{"rendered":"<p>S visoko\u010dvrstim aluminijskim \u0161ipkama od 16 mm, osvojit \u0107ete svaka vrata na terenu. Airfoil dizajn osigurava optimalnu aerodinamiku. Tome dodajte novo razvijenu ru\u010dku Trigger 3D-Pro G. Novi Trigger 3D sustav nudi ve\u0107u kontrolu putem izravne veze izme\u0111u rukavice i \u0161ipke, pobolj\u0161anu jednostavnost kori\u0161tenja s brzim klikovima i izlazima te ve\u0107e sigurnosne margine s inteligentnim trodimenzionalnim otpu\u0161tanjem koje \u010detiri puta pro\u0161iruje podru\u010dje otpu\u0161tanja.<\/p>\n<table class=\"table table-striped\">\n<tbody>\n<tr>\n<td class=\"light\">Niz<\/td>\n<td class=\"light\">Mladi ljudi<br \/>\nUtrka Svjetskog kupa<\/td>\n<\/tr>\n<tr>\n<td class=\"dark\">Gra\u0111evinarstvo<\/td>\n<td class=\"dark\">Fiksna duljina<\/td>\n<\/tr>\n<tr>\n<td class=\"light\">Ru\u010dka<\/td>\n<td class=\"light\">Okida\u010d 3D (Slalom)<\/td>\n<\/tr>\n<tr>\n<td class=\"dark\">Adapter<\/td>\n<td class=\"dark\">Okida\u010d 3D kape<\/td>\n<\/tr>\n<tr>\n<td class=\"light\">Petlje<\/td>\n<td class=\"light\">Okida\u010d (Vario)<\/td>\n<\/tr>\n<tr>\n<td class=\"dark\">Promjer cijevi<\/td>\n<td class=\"dark\">16 mm<\/td>\n<\/tr>\n<tr>\n<td class=\"light\">Materijal cijevi<\/td>\n<td class=\"light\">Aluminij (HTS 6.5)<\/td>\n<\/tr>\n<tr>\n<td class=\"dark\">Skije<\/td>\n<td class=\"dark\">Alpsko (utrke)<\/td>\n<\/tr>\n<tr>\n<td class=\"light\">Savjeti<\/td>\n<td class=\"light\">Fleksibilni vrh (Svjetsko prvenstvo)<\/td>\n<\/tr>\n<tr>\n<td class=\"dark\">Ekstra<\/td>\n<td class=\"dark\">Okida\u010d 3D \u0161tapi\u0107a<\/td>\n<\/tr>\n<tr>\n<td class=\"light\">Duljina\/veli\u010dina<\/td>\n<td class=\"light\">90 \u2013 120 cm <small>u koracima od 5 cm <\/small><\/td>\n<\/tr>\n<tr>\n<td class=\"dark\">Te\u017eina<\/td>\n<td class=\"dark testa\">234 g\/komad <small> s duljinom od 105 cm <\/small><\/td>\n<\/tr>\n<\/tbody>\n<\/table>","protected":false},"excerpt":{"rendered":"<p>Smu\u010darske palice Leki WCR Lite SL 3D<\/p>","protected":false},"featured_media":11528,"template":"","meta":{"_acf_changed":false,"inline_featured_image":false},"product_brand":[691],"product_cat":[597,596],"product_tag":[],"class_list":{"0":"post-11521","1":"product","2":"type-product","3":"status-publish","4":"has-post-thumbnail","6":"product_brand-leki","7":"product_cat-odrasle-smucarske-palice","8":"product_cat-otroske-smucarske-palice","9":"pa_velikost-1055","10":"pa_velikost-1050","11":"pa_velikost-95-2","13":"first","14":"instock","15":"sale","16":"taxable","17":"shipping-taxable","18":"purchasable","19":"product-type-variable"},"acf":[],"_links":{"self":[{"href":"https:\/\/ritosa.click.si\/hr\/wp-json\/wp\/v2\/product\/11521","targetHints":{"allow":["GET"]}}],"collection":[{"href":"https:\/\/ritosa.click.si\/hr\/wp-json\/wp\/v2\/product"}],"about":[{"href":"https:\/\/ritosa.click.si\/hr\/wp-json\/wp\/v2\/types\/product"}],"wp:featuredmedia":[{"embeddable":true,"href":"https:\/\/ritosa.click.si\/hr\/wp-json\/wp\/v2\/media\/11528"}],"wp:attachment":[{"href":"https:\/\/ritosa.click.si\/hr\/wp-json\/wp\/v2\/media?parent=11521"}],"wp:term":[{"taxonomy":"product_brand","embeddable":true,"href":"https:\/\/ritosa.click.si\/hr\/wp-json\/wp\/v2\/product_brand?post=11521"},{"taxonomy":"product_cat","embeddable":true,"href":"https:\/\/ritosa.click.si\/hr\/wp-json\/wp\/v2\/product_cat?post=11521"},{"taxonomy":"product_tag","embeddable":true,"href":"https:\/\/ritosa.click.si\/hr\/wp-json\/wp\/v2\/product_tag?post=11521"}],"curies":[{"name":"radni list","href":"https:\/\/api.w.org\/{rel}","templated":true}]}}