{"id":11476,"date":"2022-09-17T10:36:57","date_gmt":"2022-09-17T10:36:57","guid":{"rendered":"https:\/\/ritosa.click.si\/?post_type=product&#038;p=11476"},"modified":"2025-10-22T12:15:11","modified_gmt":"2025-10-22T10:15:11","slug":"ziener-colja-2","status":"publish","type":"product","link":"https:\/\/ritosa.click.si\/hr\/ducan\/biciklizam\/oprema-za-biciklizam\/kolesarske-rokavice\/otroske-kolesarske-rokavice\/ziener-colja-2\/","title":{"rendered":"Biciklisti\u010dke rukavice Ziener DOMMI"},"content":{"rendered":"<p data-start=\"279\" data-end=\"673\">Ove biciklisti\u010dke rukavice su opremljene vjetrootpornim materijalom <strong data-start=\"343\" data-end=\"357\">VJETROBRAN<\/strong> i vodoodbojna i mekana <strong data-start=\"385\" data-end=\"398\">SOFTSHELLE<\/strong> materijal za toplinu i za\u0161titu od vremenskih uvjeta. Zahvaljuju\u0107i silikonskom premazu <strong data-start=\"490\" data-end=\"506\">KONTROLA DR\u017dANJA<\/strong> Dlanovi djeci omogu\u0107uju dobar hvat za upravlja\u010d \u010dak i u mokrim i prljavim uvjetima. S ovim biciklisti\u010dkim rukavicama, du\u017ea putovanja su odli\u010dna ideja, \u010dak i kada su dani kra\u0107i.<\/p>\n<p data-start=\"675\" data-end=\"691\"><strong data-start=\"675\" data-end=\"691\">Detalji:<\/strong><\/p>\n<ul>\n<li data-start=\"694\" data-end=\"735\">Podstavljene biciklisti\u010dke rukavice za djecu<\/li>\n<li data-start=\"738\" data-end=\"796\">Izra\u0111eno od mekog i izdr\u017eljivog materijala <strong data-start=\"781\" data-end=\"794\">SOFTSHELLE<\/strong><\/li>\n<li data-start=\"799\" data-end=\"860\">Otporno na vjetar i prozra\u010dno zahvaljuju\u0107i materijalu <strong data-start=\"844\" data-end=\"858\">VJETROBRAN<\/strong><\/li>\n<li data-start=\"863\" data-end=\"885\">Lagano podstavljeni dlan<\/li>\n<li data-start=\"888\" data-end=\"955\">Protiv klizanja zahvaljuju\u0107i silikonskom premazu <strong data-start=\"928\" data-end=\"944\">KONTROLA DR\u017dANJA<\/strong> na dlanu<\/li>\n<li data-start=\"958\" data-end=\"1006\">Upijaju\u0107i <strong data-start=\"965\" data-end=\"980\">\u010cISTA\u010c ZNOJA<\/strong> (dio za brisanje znoja)<\/li>\n<li data-start=\"1009\" data-end=\"1049\">Udobne, rebraste man\u017eete<\/li>\n<li data-start=\"1052\" data-end=\"1088\">Reflektiraju\u0107i elementi za bolju vidljivost<\/li>\n<li><strong data-start=\"1090\" data-end=\"1103\">Materijal:<\/strong> 100 % poliester<\/li>\n<\/ul>","protected":false},"excerpt":{"rendered":"<p>Ziener DOMMI dje\u010dje biciklisti\u010dke rukavice za vo\u017enju biciklom po hladnijim temperaturama.<\/p>","protected":false},"featured_media":19949,"template":"","meta":{"_acf_changed":false,"inline_featured_image":false,"_monsterinsights_skip_tracking":false,"_monsterinsights_sitenote_active":false,"_monsterinsights_sitenote_note":"","_monsterinsights_sitenote_category":0},"product_brand":[682],"product_cat":[581],"product_tag":[1907,1826,1834,1905,1198,1906],"class_list":{"0":"post-11476","1":"product","2":"type-product","3":"status-publish","4":"has-post-thumbnail","6":"product_brand-ziener","7":"product_cat-otroske-kolesarske-rokavice","8":"product_tag-dolge-kolesarske-rokavice","9":"product_tag-kolesarske-rokavice","10":"product_tag-kolesarske-rokavice-ziener","11":"product_tag-kolesarske-rokavice-ziener-dommi","12":"product_tag-otroci","13":"product_tag-ziener-dommi","14":"pa_velikost-l","15":"pa_velikost-m","16":"pa_velikost-xl","18":"first","19":"instock","20":"sale","21":"taxable","22":"shipping-taxable","23":"purchasable","24":"product-type-variable"},"acf":[],"aioseo_notices":[],"_links":{"self":[{"href":"https:\/\/ritosa.click.si\/hr\/wp-json\/wp\/v2\/product\/11476","targetHints":{"allow":["GET"]}}],"collection":[{"href":"https:\/\/ritosa.click.si\/hr\/wp-json\/wp\/v2\/product"}],"about":[{"href":"https:\/\/ritosa.click.si\/hr\/wp-json\/wp\/v2\/types\/product"}],"wp:featuredmedia":[{"embeddable":true,"href":"https:\/\/ritosa.click.si\/hr\/wp-json\/wp\/v2\/media\/19949"}],"wp:attachment":[{"href":"https:\/\/ritosa.click.si\/hr\/wp-json\/wp\/v2\/media?parent=11476"}],"wp:term":[{"taxonomy":"product_brand","embeddable":true,"href":"https:\/\/ritosa.click.si\/hr\/wp-json\/wp\/v2\/product_brand?post=11476"},{"taxonomy":"product_cat","embeddable":true,"href":"https:\/\/ritosa.click.si\/hr\/wp-json\/wp\/v2\/product_cat?post=11476"},{"taxonomy":"product_tag","embeddable":true,"href":"https:\/\/ritosa.click.si\/hr\/wp-json\/wp\/v2\/product_tag?post=11476"}],"curies":[{"name":"radni list","href":"https:\/\/api.w.org\/{rel}","templated":true}]}}