{"id":11444,"date":"2022-09-08T12:24:19","date_gmt":"2022-09-08T12:24:19","guid":{"rendered":"https:\/\/ritosa.click.si\/?post_type=product&#038;p=11444"},"modified":"2026-03-14T12:43:57","modified_gmt":"2026-03-14T11:43:57","slug":"head-ridott-1-0-24","status":"publish","type":"product","link":"https:\/\/ritosa.click.si\/hr\/ducan\/biciklizam\/kotaci\/djecji-bicikli-2\/24\/head-ridott-1-0-24\/","title":{"rendered":"HEAD Ridott 1.0 24\u201d"},"content":{"rendered":"<h3><strong>TEHNI\u010cKI PODACI<\/strong><\/h3>\n<ul>\n<li><strong>Okvir:<\/strong> Aluminij 6061, veli\u010dina: 34 cm, unutarnje usmjeravanje, hidroformirane cijevi, toplinski obra\u0111ene<\/li>\n<li><strong>Vilice:<\/strong> Kruti Hi-Ten<\/li>\n<li><strong>Le\u017eaj upravlja\u010da:<\/strong> Neco H142, poluintegrirani<\/li>\n<li><strong>Zadnji mjenja\u010d:<\/strong> S-Ride RD-M200, 8 brzina<\/li>\n<li><strong>Ru\u010dica mjenja\u010da:<\/strong> S-Ride SLR45, 1\u00d78<\/li>\n<li><strong>Pogonska osovina:<\/strong> Prowheel A10XPP, Prednji lan\u010danik: 32, duljina: 152 mm<\/li>\n<li><strong>Lanac:<\/strong> KMC Z8, 8 brzina<\/li>\n<\/ul>\n<p><strong>BICIKLI<\/strong><\/p>\n<ul>\n<li><strong>Kola:<\/strong> Remerx Dragon, 36 rupa<\/li>\n<li><strong>Prednji pesto:<\/strong> Formula OV31, QR, 100 mm<\/li>\n<li><strong>Zadnji pesto:<\/strong> Formula OV32, brzi, 135 mm<\/li>\n<li><strong>Gume:<\/strong> CST C-1040N, 24 \u00d7 2,1\u201d<\/li>\n<\/ul>\n<p><strong>KOMPONENTE<\/strong><\/p>\n<ul>\n<li><strong>Ko\u010dnice:<\/strong> Tektro C310, V-ko\u010dnice<\/li>\n<li><strong>Volan:<\/strong> HBC, \u0161irina: 560 mm, 31,8 mm<\/li>\n<li><strong>Nosa\u010d upravlja\u010da:<\/strong> HBC, duljina: 70 mm, 31,8 mm<\/li>\n<li><strong>Sjedalo:<\/strong> YBT-K176, nosa\u010di: Cr-Mo<\/li>\n<li><strong>Potpora sjedala:<\/strong> HBC, duljina: 300 mm, 27,2 mm<\/li>\n<li><strong>Pedale:<\/strong> Wellgo LU 895T DU<\/li>\n<\/ul>","protected":false},"excerpt":{"rendered":"<p><span style=\"color: #000000\">Dje\u010dji bicikl Head Ridott 1.0 24\u201d<\/span><\/p>\n<p>Za djecu visine izme\u0111u 130 i 155 cm preporu\u010duje se bicikl od 24 in\u010da.<\/p>\n<ul>\n<li><strong>Okvir:<\/strong> Aluminij 6061, veli\u010dina: 34 cm<\/li>\n<li><strong>Vilice:<\/strong> Kruti Hi-Ten<\/li>\n<li><strong>Zadnji mjenja\u010d:<\/strong> S-Ride RD-M200<\/li>\n<li><strong>Ko\u010dnice:<\/strong> Tektro C310, V-ko\u010dnice<\/li>\n<li><strong>Kota\u010di:<\/strong> 24\u2033<\/li>\n<li><strong>Te\u017eina:<\/strong> 10,9 kg<\/li>\n<\/ul>","protected":false},"featured_media":21638,"template":"","meta":{"_acf_changed":false,"inline_featured_image":false,"_monsterinsights_skip_tracking":false,"_monsterinsights_sitenote_active":false,"_monsterinsights_sitenote_note":"","_monsterinsights_sitenote_category":0},"product_brand":[1193],"product_cat":[647],"product_tag":[1198,1202,1007],"class_list":{"0":"post-11444","1":"product","2":"type-product","3":"status-publish","4":"has-post-thumbnail","6":"product_brand-head","7":"product_cat-647","8":"product_tag-otroci","9":"product_tag-otroska-kolesa","10":"product_tag-otrosko-kolo","12":"first","13":"instock","14":"taxable","15":"shipping-taxable","16":"purchasable","17":"product-type-simple"},"acf":[],"aioseo_notices":[],"_links":{"self":[{"href":"https:\/\/ritosa.click.si\/hr\/wp-json\/wp\/v2\/product\/11444","targetHints":{"allow":["GET"]}}],"collection":[{"href":"https:\/\/ritosa.click.si\/hr\/wp-json\/wp\/v2\/product"}],"about":[{"href":"https:\/\/ritosa.click.si\/hr\/wp-json\/wp\/v2\/types\/product"}],"wp:featuredmedia":[{"embeddable":true,"href":"https:\/\/ritosa.click.si\/hr\/wp-json\/wp\/v2\/media\/21638"}],"wp:attachment":[{"href":"https:\/\/ritosa.click.si\/hr\/wp-json\/wp\/v2\/media?parent=11444"}],"wp:term":[{"taxonomy":"product_brand","embeddable":true,"href":"https:\/\/ritosa.click.si\/hr\/wp-json\/wp\/v2\/product_brand?post=11444"},{"taxonomy":"product_cat","embeddable":true,"href":"https:\/\/ritosa.click.si\/hr\/wp-json\/wp\/v2\/product_cat?post=11444"},{"taxonomy":"product_tag","embeddable":true,"href":"https:\/\/ritosa.click.si\/hr\/wp-json\/wp\/v2\/product_tag?post=11444"}],"curies":[{"name":"radni list","href":"https:\/\/api.w.org\/{rel}","templated":true}]}}