{"id":11410,"date":"2022-08-29T10:01:44","date_gmt":"2022-08-29T10:01:44","guid":{"rendered":"https:\/\/ritosa.click.si\/?post_type=product&#038;p=11410"},"modified":"2026-03-27T17:47:10","modified_gmt":"2026-03-27T16:47:10","slug":"portna-ocala-alpina-lyron-s","status":"publish","type":"product","link":"https:\/\/ritosa.click.si\/hr\/ducan\/biciklizam\/oprema-za-biciklizam\/kolesarska-ocala\/portna-ocala-alpina-lyron-s\/","title":{"rendered":"Sun\u010dane nao\u010dale Alpina LYRON S"},"content":{"rendered":"","protected":false},"excerpt":{"rendered":"<p>Alpina LYRON S je novi model sportskih nao\u010dala, posebno dizajniran za u\u017ea lica. Moderni dizajn nao\u010dala s punim okvirom pru\u017ea izvrsnu za\u0161titu o\u010diju. Zrcalne le\u0107e ne samo da izgledaju cool, ve\u0107 i reflektiraju infracrvene zrake, \u010dime se smanjuje naprezanje o\u010diju. Kerami\u010dki premaz le\u0107a otporan je na lomljenje, a tako\u0111er nudi 100% UV za\u0161titu s razinom za\u0161tite S3. Jastu\u010di\u0107i za nos i u\u0161i mogu se podesiti prema licu i tako mo\u017eemo postaviti najbolju mogu\u0107u udobnost.<\/p>","protected":false},"featured_media":11411,"template":"","meta":{"_acf_changed":false,"inline_featured_image":false},"product_brand":[678],"product_cat":[526],"product_tag":[1126,2035,1201,2019,2016,2034,2036],"class_list":{"0":"post-11410","1":"product","2":"type-product","3":"status-publish","4":"has-post-thumbnail","6":"product_brand-alpina","7":"product_cat-kolesarska-ocala","8":"product_tag-alpina-2","9":"product_tag-alpina-lyron-s","10":"product_tag-outlet","11":"product_tag-soncna-ocala","12":"product_tag-soncna-ocala-alpina","13":"product_tag-soncna-ocala-alpina-lyron-s","14":"product_tag-sportna-ocala","16":"first","17":"instock","18":"sale","19":"taxable","20":"shipping-taxable","21":"purchasable","22":"product-type-simple"},"acf":[],"_links":{"self":[{"href":"https:\/\/ritosa.click.si\/hr\/wp-json\/wp\/v2\/product\/11410","targetHints":{"allow":["GET"]}}],"collection":[{"href":"https:\/\/ritosa.click.si\/hr\/wp-json\/wp\/v2\/product"}],"about":[{"href":"https:\/\/ritosa.click.si\/hr\/wp-json\/wp\/v2\/types\/product"}],"wp:featuredmedia":[{"embeddable":true,"href":"https:\/\/ritosa.click.si\/hr\/wp-json\/wp\/v2\/media\/11411"}],"wp:attachment":[{"href":"https:\/\/ritosa.click.si\/hr\/wp-json\/wp\/v2\/media?parent=11410"}],"wp:term":[{"taxonomy":"product_brand","embeddable":true,"href":"https:\/\/ritosa.click.si\/hr\/wp-json\/wp\/v2\/product_brand?post=11410"},{"taxonomy":"product_cat","embeddable":true,"href":"https:\/\/ritosa.click.si\/hr\/wp-json\/wp\/v2\/product_cat?post=11410"},{"taxonomy":"product_tag","embeddable":true,"href":"https:\/\/ritosa.click.si\/hr\/wp-json\/wp\/v2\/product_tag?post=11410"}],"curies":[{"name":"radni list","href":"https:\/\/api.w.org\/{rel}","templated":true}]}}