{"id":11394,"date":"2022-08-23T13:31:57","date_gmt":"2022-08-23T13:31:57","guid":{"rendered":"https:\/\/ritosa.click.si\/?post_type=product&#038;p=11394"},"modified":"2025-09-23T10:49:22","modified_gmt":"2025-09-23T08:49:22","slug":"supacaz-super-sticky-kush-classic-trak-2","status":"publish","type":"product","link":"https:\/\/ritosa.click.si\/hr\/ducan\/biciklizam\/oprema-za-biciklizam\/dodatna-oprema-in-rezervni-deli\/rocke-in-trakovi-krmila\/supacaz-super-sticky-kush-classic-trak-2\/","title":{"rendered":"EASTON trak za volan"},"content":{"rendered":"<p>Easton Pinline traka za volan izra\u0111ena je od izdr\u017eljive EVA pjene koja pru\u017ea udoban hvat, smanjuje vibracije i otporna je na vremenske uvjete. Traka ima ponavljaju\u0107i Easton logotip koji prekrasno upotpunjuje va\u0161 volan. U pakiranju dobivate 2 trake.<\/p>\n<p>Dimenzije: 1000 \u00d7 1000 \u00d7 1000 cm<\/p>\n<p>&nbsp;<\/p>","protected":false},"excerpt":{"rendered":"<p>EASTON trak za volan u neonsko zelenoj boji<\/p>","protected":false},"featured_media":19654,"template":"","meta":{"_acf_changed":false,"inline_featured_image":false,"_monsterinsights_skip_tracking":false,"_monsterinsights_sitenote_active":false,"_monsterinsights_sitenote_note":"","_monsterinsights_sitenote_category":0},"product_brand":[],"product_cat":[542],"product_tag":[1629,1628,1627],"class_list":{"0":"post-11394","1":"product","2":"type-product","3":"status-publish","4":"has-post-thumbnail","6":"product_cat-rocke-in-trakovi-krmila","7":"product_tag-easton","8":"product_tag-trak-krmila","9":"product_tag-trak-krmila-easton","10":"pa_barva-crna","11":"pa_barva-rdeca","13":"first","14":"instock","15":"sale","16":"taxable","17":"shipping-taxable","18":"purchasable","19":"product-type-simple"},"acf":[],"aioseo_notices":[],"_links":{"self":[{"href":"https:\/\/ritosa.click.si\/hr\/wp-json\/wp\/v2\/product\/11394","targetHints":{"allow":["GET"]}}],"collection":[{"href":"https:\/\/ritosa.click.si\/hr\/wp-json\/wp\/v2\/product"}],"about":[{"href":"https:\/\/ritosa.click.si\/hr\/wp-json\/wp\/v2\/types\/product"}],"wp:featuredmedia":[{"embeddable":true,"href":"https:\/\/ritosa.click.si\/hr\/wp-json\/wp\/v2\/media\/19654"}],"wp:attachment":[{"href":"https:\/\/ritosa.click.si\/hr\/wp-json\/wp\/v2\/media?parent=11394"}],"wp:term":[{"taxonomy":"product_brand","embeddable":true,"href":"https:\/\/ritosa.click.si\/hr\/wp-json\/wp\/v2\/product_brand?post=11394"},{"taxonomy":"product_cat","embeddable":true,"href":"https:\/\/ritosa.click.si\/hr\/wp-json\/wp\/v2\/product_cat?post=11394"},{"taxonomy":"product_tag","embeddable":true,"href":"https:\/\/ritosa.click.si\/hr\/wp-json\/wp\/v2\/product_tag?post=11394"}],"curies":[{"name":"radni list","href":"https:\/\/api.w.org\/{rel}","templated":true}]}}