{"id":11343,"date":"2022-08-18T12:56:13","date_gmt":"2022-08-18T12:56:13","guid":{"rendered":"https:\/\/ritosa.click.si\/?post_type=product&#038;p=11343"},"modified":"2025-10-22T14:12:33","modified_gmt":"2025-10-22T12:12:33","slug":"specialized-therminal-ls-jakna","status":"publish","type":"product","link":"https:\/\/ritosa.click.si\/hr\/ducan\/biciklizam\/oprema-za-biciklizam\/kolesarska-oblacila\/moska-oblacila\/moske-jakne\/specialized-therminal-ls-jakna\/","title":{"rendered":"Biciklisti\u010dka vjetrovka Elan"},"content":{"rendered":"<div class=\"product attribute overview\">\n<div class=\"value\">\n<div class=\"value\">\n<div data-content-type=\"html\" data-appearance=\"default\" data-element=\"main\" data-decoded=\"true\">\n<p>Elan biciklisti\u010dka jakna za mu\u0161karce dizajnirana je imaju\u0107i bicikliste na umu. Materijal koji se brzo su\u0161i osigurava optimalnu cirkulaciju zraka i regulira temperaturu tijekom intenzivne aktivnosti. Vodoodbojni materijal pru\u017ea za\u0161titu pri laganoj ki\u0161i, dok reflektiraju\u0107i detalji pobolj\u0161avaju vidljivost u uvjetima slabog osvjetljenja i osiguravaju sigurnost na cesti. Stra\u017enji d\u017eep s patentnim zatvara\u010dem savr\u0161en je za sigurno pohranjivanje osnovnih stvari, dok elasti\u010dne man\u017eete i pojas griju i sprje\u010davaju ulazak hladnog zraka. Ventilacijski otvor u obliku Elan logotipa na le\u0111ima osigurava bolju cirkulaciju zraka. Produ\u017eena le\u0111a nude dodatnu za\u0161titu, posebno kada se nagnete naprijed na biciklu. Zbog svoje male te\u017eine, jakna zauzima vrlo malo prostora, tako da je mo\u017eete lako pohraniti u d\u017eep ko\u0161ulje kada se ne koristi. Bez obzira vozite li bicikl ili se bavite drugim aktivnostima na otvorenom, Elan jakna je svestran i funkcionalan dodatak va\u0161oj sportskoj opremi.<\/p>\n<div class=\"pdp-attributes__collapsible allow active\" role=\"tab\" data-role=\"collapsible\" data-collapsible=\"true\" aria-expanded=\"true\">\n<div class=\"pdp-attributes__trigger\" data-role=\"trigger\">\n<p class=\"pdp-attributes__title\"><strong>Klju\u010dne zna\u010dajke<\/strong><\/p>\n<\/div>\n<div class=\"pdp-attributes__content\" role=\"tabpanel\" data-role=\"content\" aria-hidden=\"false\">\n<div class=\"pdp-attributes__sustainability\">\n<ul>\n<li>Ventilacija za optimalnu cirkulaciju zraka<\/li>\n<li>Stra\u017enji d\u017eep s patentnim zatvara\u010dem za sigurno spremanje<\/li>\n<li>Reflektiraju\u0107i detalji za bolju vidljivost<\/li>\n<li>Produ\u017eeni rez na stra\u017enjoj strani za dodatnu pokrivenost tijekom vo\u017enje<\/li>\n<li>Elasti\u010dne man\u017eete i rubovi zadr\u017eavaju toplinu i sprje\u010davaju ulazak hladnog zraka<\/li>\n<li>Iznimno lagan dizajn<\/li>\n<li>Dovoljno kompaktan da stane u ve\u0107inu d\u017eepova biciklisti\u010dkih dresova<\/li>\n<li>Vodoodbojno za za\u0161titu pri laganoj ki\u0161i<\/li>\n<li>MATERIJAL: 93% poliamid, 7% elastan<\/li>\n<\/ul>\n<\/div>\n<\/div>\n<\/div>\n<\/div>\n<\/div>\n<\/div>\n<\/div>","protected":false},"excerpt":{"rendered":"<p>Mu\u0161ka biciklisti\u010dka jakna Elan za\u0161titit \u0107e vas od vjetra i ki\u0161e na svim va\u0161im biciklisti\u010dkim avanturama. Njezin lagani, vodoodbojni dizajn zauzima vrlo malo prostora, a univerzalna crna boja savr\u0161eno se sla\u017ee s majicom bilo koje boje.<\/p>","protected":false},"featured_media":19978,"template":"","meta":{"_acf_changed":false,"inline_featured_image":false,"_monsterinsights_skip_tracking":false,"_monsterinsights_sitenote_active":false,"_monsterinsights_sitenote_note":"","_monsterinsights_sitenote_category":0},"product_brand":[677],"product_cat":[632],"product_tag":[1946,1944,1943,1200,1945],"class_list":{"0":"post-11343","1":"product","2":"type-product","3":"status-publish","4":"has-post-thumbnail","6":"product_brand-elan","7":"product_cat-moske-jakne","8":"product_tag-elan","9":"product_tag-kolesarska-vetrovka","10":"product_tag-kolesarska-vetrovka-elan","11":"product_tag-moski","12":"product_tag-vetrovka-elan","13":"pa_velikost-xl","14":"pa_velikost-xxl","16":"first","17":"instock","18":"sale","19":"taxable","20":"shipping-taxable","21":"purchasable","22":"product-type-variable"},"acf":[],"aioseo_notices":[],"_links":{"self":[{"href":"https:\/\/ritosa.click.si\/hr\/wp-json\/wp\/v2\/product\/11343","targetHints":{"allow":["GET"]}}],"collection":[{"href":"https:\/\/ritosa.click.si\/hr\/wp-json\/wp\/v2\/product"}],"about":[{"href":"https:\/\/ritosa.click.si\/hr\/wp-json\/wp\/v2\/types\/product"}],"wp:featuredmedia":[{"embeddable":true,"href":"https:\/\/ritosa.click.si\/hr\/wp-json\/wp\/v2\/media\/19978"}],"wp:attachment":[{"href":"https:\/\/ritosa.click.si\/hr\/wp-json\/wp\/v2\/media?parent=11343"}],"wp:term":[{"taxonomy":"product_brand","embeddable":true,"href":"https:\/\/ritosa.click.si\/hr\/wp-json\/wp\/v2\/product_brand?post=11343"},{"taxonomy":"product_cat","embeddable":true,"href":"https:\/\/ritosa.click.si\/hr\/wp-json\/wp\/v2\/product_cat?post=11343"},{"taxonomy":"product_tag","embeddable":true,"href":"https:\/\/ritosa.click.si\/hr\/wp-json\/wp\/v2\/product_tag?post=11343"}],"curies":[{"name":"radni list","href":"https:\/\/api.w.org\/{rel}","templated":true}]}}