{"id":11341,"date":"2022-08-18T12:51:31","date_gmt":"2022-08-18T12:51:31","guid":{"rendered":"https:\/\/ritosa.click.si\/?post_type=product&#038;p=11341"},"modified":"2025-10-22T13:50:13","modified_gmt":"2025-10-22T11:50:13","slug":"specialized-deflect-hybrid-jakna","status":"publish","type":"product","link":"https:\/\/ritosa.click.si\/hr\/ducan\/biciklizam\/oprema-za-biciklizam\/kolesarska-oblacila\/moska-oblacila\/moske-jakne\/specialized-deflect-hybrid-jakna\/","title":{"rendered":"Jakna Force X100"},"content":{"rendered":"<p>Zimska unisex softshell jakna s patentnim zatvara\u010dem i produ\u017eenim le\u0111ima. Jakna ima 3 stra\u017enja d\u017eepa + 1 mali d\u017eep s patentnim zatvara\u010dem, reflektiraju\u0107e elemente, YKK patentni zatvara\u010d, elasti\u010dni donji rub sa silikonom, ventilaciju u pazusima i na dnu rukava.<\/p>\n<ul>\n<li>temperatura: od 0\u00b0C do +10\u00b0C<\/li>\n<li>materijal: 100% poliester<\/li>\n<li>vodootpornost: 10.000 mm H2O, prozra\u010dnost: 5.000 g\/m2\/24 sata<\/li>\n<\/ul>","protected":false},"excerpt":{"rendered":"<p>Zimska biciklisti\u010dka jakna Force X100<\/p>","protected":false},"featured_media":19972,"template":"","meta":{"_acf_changed":false,"inline_featured_image":false},"product_brand":[1559],"product_cat":[632,626],"product_tag":[1939,1925,1938,1200,1942,1941,1940],"class_list":{"0":"post-11341","1":"product","2":"type-product","3":"status-publish","4":"has-post-thumbnail","6":"product_brand-force","7":"product_cat-moske-jakne","8":"product_cat-zenske-jakne","9":"product_tag-force-x100","10":"product_tag-jakna-force","11":"product_tag-jakna-force-x100","12":"product_tag-moski","13":"product_tag-zimska-jakna","14":"product_tag-zimska-kolesarska-jakna","15":"product_tag-zimska-kolesarska-jakna-force-x100","16":"pa_velikost-xl","18":"first","19":"instock","20":"sale","21":"taxable","22":"shipping-taxable","23":"purchasable","24":"product-type-variable"},"acf":[],"_links":{"self":[{"href":"https:\/\/ritosa.click.si\/hr\/wp-json\/wp\/v2\/product\/11341","targetHints":{"allow":["GET"]}}],"collection":[{"href":"https:\/\/ritosa.click.si\/hr\/wp-json\/wp\/v2\/product"}],"about":[{"href":"https:\/\/ritosa.click.si\/hr\/wp-json\/wp\/v2\/types\/product"}],"wp:featuredmedia":[{"embeddable":true,"href":"https:\/\/ritosa.click.si\/hr\/wp-json\/wp\/v2\/media\/19972"}],"wp:attachment":[{"href":"https:\/\/ritosa.click.si\/hr\/wp-json\/wp\/v2\/media?parent=11341"}],"wp:term":[{"taxonomy":"product_brand","embeddable":true,"href":"https:\/\/ritosa.click.si\/hr\/wp-json\/wp\/v2\/product_brand?post=11341"},{"taxonomy":"product_cat","embeddable":true,"href":"https:\/\/ritosa.click.si\/hr\/wp-json\/wp\/v2\/product_cat?post=11341"},{"taxonomy":"product_tag","embeddable":true,"href":"https:\/\/ritosa.click.si\/hr\/wp-json\/wp\/v2\/product_tag?post=11341"}],"curies":[{"name":"radni list","href":"https:\/\/api.w.org\/{rel}","templated":true}]}}