{"id":11332,"date":"2022-08-16T14:07:32","date_gmt":"2022-08-16T14:07:32","guid":{"rendered":"https:\/\/ritosa.click.si\/?post_type=product&#038;p=11332"},"modified":"2025-11-21T16:22:44","modified_gmt":"2025-11-21T15:22:44","slug":"specialized-sl-expert-jersey-ss","status":"publish","type":"product","link":"https:\/\/ritosa.click.si\/hr\/ducan\/biciklizam\/oprema-za-biciklizam\/kolesarska-oblacila\/moska-oblacila\/moske-majice\/specialized-sl-expert-jersey-ss\/","title":{"rendered":"Biciklisti\u010dki dres Tofit Furious"},"content":{"rendered":"<ul>\n<li>Produ\u017eeni rukavi s \u010distim rubom pru\u017eaju neusporedivu udobnost i savr\u0161eno prianjanje.<\/li>\n<li>Tkanina s heksagonalnom strukturom dizajnirana je za maksimalnu prozra\u010dnost i aerodinami\u010dne performanse.<\/li>\n<li>Prakti\u010dni dodatni stra\u017enji d\u017eep s YKK\u00ae Cam Lock patentnim zatvara\u010dem za sigurno \u010duvanje osobnih stvari tijekom vo\u017enje.<\/li>\n<li>4 stra\u017enja d\u017eepa za pohranu, dizajnirana za maksimalnu prakti\u010dnost tijekom biciklisti\u010dkih izleta.<\/li>\n<\/ul>","protected":false},"excerpt":{"rendered":"<p>Biciklisti\u010dki dres Tofit Furious u crno-bijeloj boji.<\/p>","protected":false},"featured_media":20409,"template":"","meta":{"_acf_changed":false,"inline_featured_image":false,"_monsterinsights_skip_tracking":false,"_monsterinsights_sitenote_active":false,"_monsterinsights_sitenote_note":"","_monsterinsights_sitenote_category":0},"product_brand":[1975],"product_cat":[622],"product_tag":[1200],"class_list":{"0":"post-11332","1":"product","2":"type-product","3":"status-publish","4":"has-post-thumbnail","6":"product_brand-tofit","7":"product_cat-moske-majice","8":"product_tag-moski","9":"pa_velikost-l","10":"pa_velikost-m","11":"pa_velikost-xl","12":"pa_velikost-xxl","14":"first","15":"instock","16":"sale","17":"taxable","18":"shipping-taxable","19":"purchasable","20":"product-type-variable"},"acf":[],"aioseo_notices":[],"_links":{"self":[{"href":"https:\/\/ritosa.click.si\/hr\/wp-json\/wp\/v2\/product\/11332","targetHints":{"allow":["GET"]}}],"collection":[{"href":"https:\/\/ritosa.click.si\/hr\/wp-json\/wp\/v2\/product"}],"about":[{"href":"https:\/\/ritosa.click.si\/hr\/wp-json\/wp\/v2\/types\/product"}],"wp:featuredmedia":[{"embeddable":true,"href":"https:\/\/ritosa.click.si\/hr\/wp-json\/wp\/v2\/media\/20409"}],"wp:attachment":[{"href":"https:\/\/ritosa.click.si\/hr\/wp-json\/wp\/v2\/media?parent=11332"}],"wp:term":[{"taxonomy":"product_brand","embeddable":true,"href":"https:\/\/ritosa.click.si\/hr\/wp-json\/wp\/v2\/product_brand?post=11332"},{"taxonomy":"product_cat","embeddable":true,"href":"https:\/\/ritosa.click.si\/hr\/wp-json\/wp\/v2\/product_cat?post=11332"},{"taxonomy":"product_tag","embeddable":true,"href":"https:\/\/ritosa.click.si\/hr\/wp-json\/wp\/v2\/product_tag?post=11332"}],"curies":[{"name":"radni list","href":"https:\/\/api.w.org\/{rel}","templated":true}]}}