{"id":11311,"date":"2022-08-12T14:24:18","date_gmt":"2022-08-12T14:24:18","guid":{"rendered":"https:\/\/ritosa.click.si\/?post_type=product&#038;p=11311"},"modified":"2026-03-27T16:06:40","modified_gmt":"2026-03-27T15:06:40","slug":"specialized-enski-dres-sl","status":"publish","type":"product","link":"https:\/\/ritosa.click.si\/hr\/ducan\/biciklizam\/oprema-za-biciklizam\/kolesarska-oblacila\/enska-oblacila\/zenske-majice\/specialized-enski-dres-sl\/","title":{"rendered":"Specialized \u017eenski SL dres"},"content":{"rendered":"<ul>\n<li>Ova tkanina ima Hydrofit tretman koji osigurava u\u010dinkovito isparavanje vode i brzo su\u0161enje.<\/li>\n<li>Zatvara\u010d sprijeda po cijeloj duljini s automatskim kliza\u010dem. Dva otvorena stra\u017enja d\u017eepa s mekim elasti\u010dnim obrubom.<\/li>\n<li>Reflektiraju\u0107i detalji osiguravaju izvrsnu vidljivost u uvjetima slabog osvjetljenja. Unutarnja silikonska elasti\u010dna traka sa strane donjeg ruba.<\/li>\n<\/ul>","protected":false},"excerpt":{"rendered":"<p>\u017denski biciklisti\u010dki dres bez rukava izra\u0111en od elasti\u010dne i udobne tkanine<\/p>","protected":false},"featured_media":11313,"template":"","meta":{"_acf_changed":false,"inline_featured_image":false,"_monsterinsights_skip_tracking":false,"_monsterinsights_sitenote_active":false,"_monsterinsights_sitenote_note":"","_monsterinsights_sitenote_category":0},"product_brand":[673],"product_cat":[625],"product_tag":[1199],"class_list":{"0":"post-11311","1":"product","2":"type-product","3":"status-publish","4":"has-post-thumbnail","6":"product_brand-specialized","7":"product_cat-zenske-majice","8":"product_tag-zenske","9":"pa_velikost-l","11":"first","12":"onbackorder","13":"taxable","14":"shipping-taxable","15":"purchasable","16":"product-type-variable"},"acf":[],"aioseo_notices":[],"_links":{"self":[{"href":"https:\/\/ritosa.click.si\/hr\/wp-json\/wp\/v2\/product\/11311","targetHints":{"allow":["GET"]}}],"collection":[{"href":"https:\/\/ritosa.click.si\/hr\/wp-json\/wp\/v2\/product"}],"about":[{"href":"https:\/\/ritosa.click.si\/hr\/wp-json\/wp\/v2\/types\/product"}],"wp:featuredmedia":[{"embeddable":true,"href":"https:\/\/ritosa.click.si\/hr\/wp-json\/wp\/v2\/media\/11313"}],"wp:attachment":[{"href":"https:\/\/ritosa.click.si\/hr\/wp-json\/wp\/v2\/media?parent=11311"}],"wp:term":[{"taxonomy":"product_brand","embeddable":true,"href":"https:\/\/ritosa.click.si\/hr\/wp-json\/wp\/v2\/product_brand?post=11311"},{"taxonomy":"product_cat","embeddable":true,"href":"https:\/\/ritosa.click.si\/hr\/wp-json\/wp\/v2\/product_cat?post=11311"},{"taxonomy":"product_tag","embeddable":true,"href":"https:\/\/ritosa.click.si\/hr\/wp-json\/wp\/v2\/product_tag?post=11311"}],"curies":[{"name":"radni list","href":"https:\/\/api.w.org\/{rel}","templated":true}]}}