{"id":11309,"date":"2022-08-12T14:03:46","date_gmt":"2022-08-12T14:03:46","guid":{"rendered":"https:\/\/ritosa.click.si\/?post_type=product&#038;p=11309"},"modified":"2026-04-01T23:38:15","modified_gmt":"2026-04-01T21:38:15","slug":"specialized-grail","status":"publish","type":"product","link":"https:\/\/ritosa.click.si\/hr\/ducan\/biciklizam\/oprema-za-biciklizam\/kolesarske-rokavice\/moske-kolesarske-rokavice\/specialized-grail\/","title":{"rendered":"Biciklisti\u010dke rukavice ZIENER CLAASS-Z"},"content":{"rendered":"<p>Rukavice ZIENER CLAASS-Z opremljene su iznimno mekim memory foam jastu\u010di\u0107em na dlanu koji osigurava udoban hvat upravlja\u010da. Elasti\u010dni materijal na dlanu s protukliznom povr\u0161inskom strukturom savr\u0161eno pristaje ruci. Posebno dizajniran dio za palac smanjuje to\u010dke pritiska na ko\u017ei. \u010ci\u010dak zatvaranje s mekim rubom i integriranim pomagalima za skidanje omogu\u0107uje brzo i jednostavno uklanjanje. Upotreba upijaju\u0107eg materijala na palcu olak\u0161ava brisanje znoja.<\/p>","protected":false},"excerpt":{"rendered":"<p>Udobne mu\u0161ke biciklisti\u010dke rukavice ZIENER CLAASS-Z<\/p>","protected":false},"featured_media":22593,"template":"","meta":{"_acf_changed":false,"inline_featured_image":false,"_monsterinsights_skip_tracking":false,"_monsterinsights_sitenote_active":false,"_monsterinsights_sitenote_note":"","_monsterinsights_sitenote_category":0},"product_brand":[682],"product_cat":[580],"product_tag":[],"class_list":{"0":"post-11309","1":"product","2":"type-product","3":"status-publish","4":"has-post-thumbnail","6":"product_brand-ziener","7":"product_cat-moske-kolesarske-rokavice","8":"pa_velikost-801","9":"pa_velikost-10-5-2","10":"pa_velikost-1845","11":"pa_velikost-9-5","13":"first","14":"instock","15":"taxable","16":"shipping-taxable","17":"purchasable","18":"product-type-variable"},"acf":[],"aioseo_notices":[],"_links":{"self":[{"href":"https:\/\/ritosa.click.si\/hr\/wp-json\/wp\/v2\/product\/11309","targetHints":{"allow":["GET"]}}],"collection":[{"href":"https:\/\/ritosa.click.si\/hr\/wp-json\/wp\/v2\/product"}],"about":[{"href":"https:\/\/ritosa.click.si\/hr\/wp-json\/wp\/v2\/types\/product"}],"wp:featuredmedia":[{"embeddable":true,"href":"https:\/\/ritosa.click.si\/hr\/wp-json\/wp\/v2\/media\/22593"}],"wp:attachment":[{"href":"https:\/\/ritosa.click.si\/hr\/wp-json\/wp\/v2\/media?parent=11309"}],"wp:term":[{"taxonomy":"product_brand","embeddable":true,"href":"https:\/\/ritosa.click.si\/hr\/wp-json\/wp\/v2\/product_brand?post=11309"},{"taxonomy":"product_cat","embeddable":true,"href":"https:\/\/ritosa.click.si\/hr\/wp-json\/wp\/v2\/product_cat?post=11309"},{"taxonomy":"product_tag","embeddable":true,"href":"https:\/\/ritosa.click.si\/hr\/wp-json\/wp\/v2\/product_tag?post=11309"}],"curies":[{"name":"radni list","href":"https:\/\/api.w.org\/{rel}","templated":true}]}}