{"id":11305,"date":"2022-08-12T13:56:24","date_gmt":"2022-08-12T13:56:24","guid":{"rendered":"https:\/\/ritosa.click.si\/?post_type=product&#038;p=11305"},"modified":"2026-04-03T16:52:33","modified_gmt":"2026-04-03T14:52:33","slug":"specialized-sl-pro-2","status":"publish","type":"product","link":"https:\/\/ritosa.click.si\/hr\/ducan\/biciklizam\/oprema-za-biciklizam\/kolesarske-rokavice\/moske-kolesarske-rokavice\/specialized-sl-pro-2\/","title":{"rendered":"Biciklisti\u010dke rukavice Ziener CURDIN-Z"},"content":{"rendered":"<p data-start=\"46\" data-end=\"361\">Funkcionalne mu\u0161ke biciklisti\u010dke rukavice ZIENER CURDIN-Z imaju sportski dizajniran dlan s gel podstavom za maksimalnu udobnost na upravlja\u010du. Mekani materijal dlana AX SUEDE RECYCLED osigurava odli\u010dan osje\u0107aj prianjanja uz visoku prozra\u010dnost. Posebno oblikovan dio za palac smanjuje pritisak na ko\u017eu.<\/p>\n<p data-start=\"363\" data-end=\"628\">Neoprenski zavr\u0161etak na zape\u0161\u0107u i zatvaranje na \u010di\u010dak s dodatnim obrubom oko o\u0161trog ruba osiguravaju savr\u0161eno pristajanje. Integrirani jezi\u010dci omogu\u0107uju brzo i jednostavno skidanje rukavica. Upotreba upijaju\u0107eg materijala na palcu olak\u0161ava brisanje znoja tijekom vo\u017enje.<\/p>","protected":false},"excerpt":{"rendered":"<p>Mu\u0161ke biciklisti\u010dke rukavice CURDIN-Z<\/p>","protected":false},"featured_media":22645,"template":"","meta":{"_acf_changed":false,"inline_featured_image":false,"_monsterinsights_skip_tracking":false,"_monsterinsights_sitenote_active":false,"_monsterinsights_sitenote_note":"","_monsterinsights_sitenote_category":0},"product_brand":[682],"product_cat":[580],"product_tag":[],"class_list":{"0":"post-11305","1":"product","2":"type-product","3":"status-publish","4":"has-post-thumbnail","6":"product_brand-ziener","7":"product_cat-moske-kolesarske-rokavice","8":"pa_velikost-799","9":"pa_velikost-8-5","10":"pa_velikost-794","12":"first","13":"instock","14":"sale","15":"taxable","16":"shipping-taxable","17":"purchasable","18":"product-type-variable"},"acf":[],"aioseo_notices":[],"_links":{"self":[{"href":"https:\/\/ritosa.click.si\/hr\/wp-json\/wp\/v2\/product\/11305","targetHints":{"allow":["GET"]}}],"collection":[{"href":"https:\/\/ritosa.click.si\/hr\/wp-json\/wp\/v2\/product"}],"about":[{"href":"https:\/\/ritosa.click.si\/hr\/wp-json\/wp\/v2\/types\/product"}],"wp:featuredmedia":[{"embeddable":true,"href":"https:\/\/ritosa.click.si\/hr\/wp-json\/wp\/v2\/media\/22645"}],"wp:attachment":[{"href":"https:\/\/ritosa.click.si\/hr\/wp-json\/wp\/v2\/media?parent=11305"}],"wp:term":[{"taxonomy":"product_brand","embeddable":true,"href":"https:\/\/ritosa.click.si\/hr\/wp-json\/wp\/v2\/product_brand?post=11305"},{"taxonomy":"product_cat","embeddable":true,"href":"https:\/\/ritosa.click.si\/hr\/wp-json\/wp\/v2\/product_cat?post=11305"},{"taxonomy":"product_tag","embeddable":true,"href":"https:\/\/ritosa.click.si\/hr\/wp-json\/wp\/v2\/product_tag?post=11305"}],"curies":[{"name":"radni list","href":"https:\/\/api.w.org\/{rel}","templated":true}]}}