{"id":11302,"date":"2022-08-12T13:50:43","date_gmt":"2022-08-12T13:50:43","guid":{"rendered":"https:\/\/ritosa.click.si\/?post_type=product&#038;p=11302"},"modified":"2025-10-21T11:51:46","modified_gmt":"2025-10-21T09:51:46","slug":"specialized-bg-sport-gel","status":"publish","type":"product","link":"https:\/\/ritosa.click.si\/hr\/ducan\/biciklizam\/oprema-za-biciklizam\/kolesarske-rokavice\/enske-kolesarske-rokavice\/specialized-bg-sport-gel\/","title":{"rendered":"Ziener CARDA biciklisti\u010dke rukavice"},"content":{"rendered":"<p>\u017denske biciklisti\u010dke rukavice ZIENER CARDA LADY vrlo su svestrane. Posebno GEL punjenje na dlanovima pru\u017ea maksimalnu udobnost na upravlja\u010du. Zahvaljuju\u0107i izdr\u017eljivom AMARA materijalu sli\u010dnom ko\u017ei, va\u0161e se ruke ne\u0107e znojiti \u010dak ni na duljim turama. Osim toga, posebno prilago\u0111eni dijelovi na palcu smanjuju to\u010dke pritiska na ko\u017eu. \u010ci\u010dak s rubovima i integriranim om\u010dama za prste osiguravaju jednostavno i brzo skidanje. Kori\u0161tenje posebno upijaju\u0107eg materijala na pal\u010devima olak\u0161ava brisanje znoja tijekom vo\u017enje.<\/p>","protected":false},"excerpt":{"rendered":"<p>\u017denske biciklisti\u010dke rukavice Ziener CARDA<\/p>","protected":false},"featured_media":19894,"template":"","meta":{"_acf_changed":false,"inline_featured_image":false},"product_brand":[682],"product_cat":[582],"product_tag":[1826,1834,1863,1865,1864],"class_list":{"0":"post-11302","1":"product","2":"type-product","3":"status-publish","4":"has-post-thumbnail","6":"product_brand-ziener","7":"product_cat-enske-kolesarske-rokavice","8":"product_tag-kolesarske-rokavice","9":"product_tag-kolesarske-rokavice-ziener","10":"product_tag-kolesarske-rokavice-ziener-carda","11":"product_tag-zenske-kolesarske-rokavice-ziener-carda","12":"product_tag-ziener-carda","13":"pa_velikost-798","15":"first","16":"instock","17":"sale","18":"taxable","19":"shipping-taxable","20":"purchasable","21":"product-type-variable"},"acf":[],"_links":{"self":[{"href":"https:\/\/ritosa.click.si\/hr\/wp-json\/wp\/v2\/product\/11302","targetHints":{"allow":["GET"]}}],"collection":[{"href":"https:\/\/ritosa.click.si\/hr\/wp-json\/wp\/v2\/product"}],"about":[{"href":"https:\/\/ritosa.click.si\/hr\/wp-json\/wp\/v2\/types\/product"}],"wp:featuredmedia":[{"embeddable":true,"href":"https:\/\/ritosa.click.si\/hr\/wp-json\/wp\/v2\/media\/19894"}],"wp:attachment":[{"href":"https:\/\/ritosa.click.si\/hr\/wp-json\/wp\/v2\/media?parent=11302"}],"wp:term":[{"taxonomy":"product_brand","embeddable":true,"href":"https:\/\/ritosa.click.si\/hr\/wp-json\/wp\/v2\/product_brand?post=11302"},{"taxonomy":"product_cat","embeddable":true,"href":"https:\/\/ritosa.click.si\/hr\/wp-json\/wp\/v2\/product_cat?post=11302"},{"taxonomy":"product_tag","embeddable":true,"href":"https:\/\/ritosa.click.si\/hr\/wp-json\/wp\/v2\/product_tag?post=11302"}],"curies":[{"name":"radni list","href":"https:\/\/api.w.org\/{rel}","templated":true}]}}